
{"id":63746,"date":"2023-09-20T13:33:32","date_gmt":"2023-09-20T11:33:32","guid":{"rendered":"https:\/\/www.signupsoftware.com\/why-partner-with-us\/"},"modified":"2025-06-19T12:09:10","modified_gmt":"2025-06-19T10:09:10","slug":"perche-diventare-partner","status":"publish","type":"page","link":"https:\/\/www.signupsoftware.com\/it\/perche-diventare-partner\/","title":{"rendered":"Perch\u00e9 collaborare con noi?"},"content":{"rendered":"\r\n<div class=\"wp-block-cover is-light\" style=\"padding-top: 0; padding-bottom: 0; min-height: 429px;aspect-ratio:unset;\"><img decoding=\"async\" width=\"1920\" height=\"1080\" class=\"wp-block-cover__image-background wp-image-1002\" src=\"https:\/\/www.signupsoftware.com\/wp-content\/uploads\/2023\/09\/Hero-1.jpg\" alt=\"\" data-object-fit=\"cover\" srcset=\"https:\/\/www.signupsoftware.com\/wp-content\/uploads\/2023\/09\/Hero-1.jpg 1920w, https:\/\/www.signupsoftware.com\/wp-content\/uploads\/2023\/09\/Hero-1-300x169.jpg 300w, https:\/\/www.signupsoftware.com\/wp-content\/uploads\/2023\/09\/Hero-1-1024x576.jpg 1024w, https:\/\/www.signupsoftware.com\/wp-content\/uploads\/2023\/09\/Hero-1-768x432.jpg 768w, https:\/\/www.signupsoftware.com\/wp-content\/uploads\/2023\/09\/Hero-1-1536x864.jpg 1536w\" sizes=\"(max-width: 1920px) 100vw, 1920px\" \/>\r\n<div class=\"wp-block-cover__inner-container has-global-padding is-layout-constrained wp-block-cover-is-layout-constrained\">\r\n<div class=\"wp-block-klingit-basic-container\" style=\"padding-top: 0; padding-bottom: 0;\">\r\n<div class=\"wp-block-group has-global-padding is-layout-constrained wp-container-core-group-is-layout-0a40ad45 wp-block-group-is-layout-constrained\" style=\"margin-top: 0; margin-bottom: 0; padding: var(--wp--preset--spacing--header-height) 0 var(--wp--preset--spacing--xx-large) 0;\"><div class=\"has-link-color wp-elements-8d0320252430c040c29ed5109ac205f5 wp-block-klingit-basic-breadcrumbs has-text-color has-white-color\"><a href=\"https:\/\/www.signupsoftware.com\/it\/\">Homepage<\/a><svg width='7' height='12' viewBox='0 0 7 12' fill='none' xmlns='http:\/\/www.w3.org\/2000\/svg'><path d='M4.125 6.26796L-4.12126e-07 2.14295L1.17833 0.964621L6.48167 6.26796L1.17833 11.5713L-5.15066e-08 10.393L4.125 6.26796Z' fill='currentColor'\/><\/svg>Pagina<\/div>\r\n\r\n\r\n<div class=\"wp-block-group has-global-padding is-layout-constrained wp-block-group-is-layout-constrained\">\r\n<div class=\"wp-block-columns is-layout-flex wp-container-core-columns-is-layout-28232c24 wp-block-columns-is-layout-flex\">\r\n<div class=\"wp-block-column is-layout-flow wp-block-column-is-layout-flow\" style=\"flex-basis: 60%;\">\r\n<div class=\"wp-block-group has-global-padding is-layout-constrained wp-container-core-group-is-layout-4b99461e wp-block-group-is-layout-constrained\">\r\n<h1 class=\"wp-block-heading has-white-color has-text-color\" style=\"text-transform: uppercase;\">PERCH\u00c9 COLLABORARE CON NOI?<\/h1>\r\n<\/div>\r\n<\/div>\r\n\r\n\r\n\r\n<div class=\"wp-block-column is-layout-flow wp-block-column-is-layout-flow\">\r\n<div class=\"klingit-basic-video\">\r\n<figure class=\"wp-block-video\"><video src=\"https:\/\/www.signupsoftware.com\/wp-content\/uploads\/2023\/12\/Ref.-case-Sprint-365-SignUp-Logo.mp4\" controls=\"controls\" width=\"300\" height=\"150\"><\/video><\/figure>\r\n<\/div>\r\n<\/div>\r\n<\/div>\r\n<\/div>\r\n<\/div>\r\n<\/div>\r\n<\/div>\r\n<\/div>\r\n\r\n\r\n\r\n<div class=\"wp-block-klingit-basic-container\">\r\n<div class=\"wp-block-group has-light-background-color has-background has-global-padding is-layout-constrained wp-container-core-group-is-layout-7ebc0e98 wp-block-group-is-layout-constrained\" style=\"padding-top: var(--wp--preset--spacing--xx-large); padding-bottom: var(--wp--preset--spacing--xx-large);\">\r\n<div class=\"wp-block-klingit-basic-container\" style=\"padding-top: 0; padding-bottom: 0;\">\r\n<div class=\"wp-block-group has-global-padding is-layout-constrained wp-container-core-group-is-layout-14bb0406 wp-block-group-is-layout-constrained\">\r\n<div class=\"wp-block-group has-global-padding is-layout-constrained wp-block-group-is-layout-constrained\">\r\n<div class=\"wp-block-columns are-vertically-aligned-center is-layout-flex wp-container-core-columns-is-layout-250227d7 wp-block-columns-is-layout-flex\">\r\n<div class=\"wp-block-column is-vertically-aligned-center is-layout-flow wp-block-column-is-layout-flow\">\r\n<div class=\"wp-block-group has-global-padding is-content-justification-left is-layout-constrained wp-container-core-group-is-layout-e4007db9 wp-block-group-is-layout-constrained\">\r\n<h2 class=\"wp-block-heading has-body-font-family has-headline-3-font-size\" style=\"text-transform: uppercase;\">IL NOSTRO MODO DI LAVORARE<\/h2>\r\n\r\n\r\n\r\n<p>SignUp Software \u00e8 stata fondata nel 1999 e ha introdotto ExFlow nel 2003. Il nostro obiettivo \u00e8 quello di creare relazioni reali e di assicurarci che i nostri partner e clienti siano soddisfatti. Ci siamo guadagnati una solida reputazione nella comunit\u00e0 Microsoft Dynamics per le nostre soluzioni di automazione dei processi finanziari e siamo sempre pronti a collaborare con i nostri partner. Il nostro team mette sempre il cliente al primo posto, puntando a un successo a lungo termine piuttosto che a vittorie rapide. Inoltre, grazie ai nostri team locali pronti a intervenire e ad aiutare, ci assicuriamo di essere sempre presenti quando i nostri partner hanno bisogno di noi.<\/p>\r\n<\/div>\r\n<\/div>\r\n\r\n\r\n\r\n<div class=\"wp-block-column is-vertically-aligned-center is-layout-flow wp-block-column-is-layout-flow\">\r\n<figure class=\"wp-block-image size-full has-custom-border\"><img decoding=\"async\" width=\"800\" height=\"600\" class=\"wp-image-1001\" style=\"border-radius: 10px;\" src=\"https:\/\/www.signupsoftware.com\/wp-content\/uploads\/2023\/09\/SignUp-Office-1.jpg\" alt=\"\" srcset=\"https:\/\/www.signupsoftware.com\/wp-content\/uploads\/2023\/09\/SignUp-Office-1.jpg 800w, https:\/\/www.signupsoftware.com\/wp-content\/uploads\/2023\/09\/SignUp-Office-1-300x225.jpg 300w, https:\/\/www.signupsoftware.com\/wp-content\/uploads\/2023\/09\/SignUp-Office-1-768x576.jpg 768w\" sizes=\"(max-width: 800px) 100vw, 800px\" \/><\/figure>\r\n<\/div>\r\n<\/div>\r\n<\/div>\r\n\r\n\r\n\r\n<div class=\"wp-block-group has-global-padding is-layout-constrained wp-block-group-is-layout-constrained\">\r\n<div class=\"reverse-columns\">\r\n<div class=\"wp-block-columns are-vertically-aligned-center is-layout-flex wp-container-core-columns-is-layout-250227d7 wp-block-columns-is-layout-flex\">\r\n<div class=\"wp-block-column is-vertically-aligned-center is-layout-flow wp-block-column-is-layout-flow\">\r\n<figure class=\"wp-block-image size-full has-custom-border\"><img decoding=\"async\" width=\"800\" height=\"600\" class=\"wp-image-1013\" style=\"border-radius: 10px;\" src=\"https:\/\/www.signupsoftware.com\/wp-content\/uploads\/2023\/09\/Office-Workshop.jpg\" alt=\"\" srcset=\"https:\/\/www.signupsoftware.com\/wp-content\/uploads\/2023\/09\/Office-Workshop.jpg 800w, https:\/\/www.signupsoftware.com\/wp-content\/uploads\/2023\/09\/Office-Workshop-300x225.jpg 300w, https:\/\/www.signupsoftware.com\/wp-content\/uploads\/2023\/09\/Office-Workshop-768x576.jpg 768w\" sizes=\"(max-width: 800px) 100vw, 800px\" \/><\/figure>\r\n<\/div>\r\n\r\n\r\n\r\n<div class=\"wp-block-column is-vertically-aligned-center is-layout-flow wp-block-column-is-layout-flow\">\r\n<div class=\"wp-block-group has-global-padding is-content-justification-left is-layout-constrained wp-container-core-group-is-layout-e4007db9 wp-block-group-is-layout-constrained\">\r\n<h2 class=\"wp-block-heading has-body-font-family has-headline-3-font-size\" style=\"text-transform: uppercase;\">RENDIAMO LA VITA PI\u00d9 FACILE AI TUOI CLIENTI<\/h2>\r\n\r\n\r\n\r\n<p>Le nostre soluzioni sono costruite su Dynamics 365 e utilizzano i servizi di Azure, offrendo un ambiente familiare sia agli utenti che ai consulenti. Ci\u00f2 significa che non sono necessarie integrazioni, garantendo facilit\u00e0 d&#8217;uso e una curva di apprendimento ridotta. Si tratta di una scelta vantaggiosa sia per le aziende che per i consulenti.<\/p>\r\n<\/div>\r\n<\/div>\r\n<\/div>\r\n<\/div>\r\n<\/div>\r\n\r\n\r\n\r\n<div class=\"wp-block-group has-global-padding is-layout-constrained wp-block-group-is-layout-constrained\">\r\n<div class=\"wp-block-columns are-vertically-aligned-center is-layout-flex wp-container-core-columns-is-layout-250227d7 wp-block-columns-is-layout-flex\">\r\n<div class=\"wp-block-column is-vertically-aligned-center is-layout-flow wp-block-column-is-layout-flow\">\r\n<div class=\"wp-block-group has-global-padding is-content-justification-left is-layout-constrained wp-container-core-group-is-layout-e4007db9 wp-block-group-is-layout-constrained\">\r\n<h2 class=\"wp-block-heading has-body-font-family has-headline-3-font-size\" style=\"text-transform: uppercase;\">OLTRE DUE DECENNI DI CONOSCENZA<\/h2>\r\n\r\n\r\n\r\n<p>Ci\u00f2 che distingue SignUp \u00e8 la nostra vasta esperienza che abbraccia oltre due decenni. Questa storia ci aiuta a capire le sfide che l&#8217;ufficio del CFO deve affrontare. Con noi non avrai solo un fornitore di soluzioni e servizi, ma un partner che ti comprende e ti affianca. Con SignUp, i partner non ricevono solo un accordo commerciale, ma anche un collaboratore fidato.<\/p>\r\n<\/div>\r\n<\/div>\r\n\r\n\r\n\r\n<div class=\"wp-block-column is-vertically-aligned-center is-layout-flow wp-block-column-is-layout-flow\">\r\n<figure class=\"wp-block-image size-full has-custom-border\"><img decoding=\"async\" width=\"800\" height=\"600\" class=\"wp-image-1014\" style=\"border-radius: 10px;\" src=\"https:\/\/www.signupsoftware.com\/wp-content\/uploads\/2023\/09\/Office-Computer-Work.jpg\" alt=\"\" srcset=\"https:\/\/www.signupsoftware.com\/wp-content\/uploads\/2023\/09\/Office-Computer-Work.jpg 800w, https:\/\/www.signupsoftware.com\/wp-content\/uploads\/2023\/09\/Office-Computer-Work-300x225.jpg 300w, https:\/\/www.signupsoftware.com\/wp-content\/uploads\/2023\/09\/Office-Computer-Work-768x576.jpg 768w\" sizes=\"(max-width: 800px) 100vw, 800px\" \/><\/figure>\r\n<\/div>\r\n<\/div>\r\n<\/div>\r\n<\/div>\r\n<\/div>\r\n<\/div>\r\n<\/div>\r\n\r\n\r\n\r\n<div class=\"wp-block-cover is-light\" style=\"min-height: 100vh; padding: var(--wp--preset--spacing--x-large);aspect-ratio:unset;\"><img decoding=\"async\" class=\"wp-block-cover__image-background wp-image-330\" src=\"https:\/\/www.signupsoftware.com\/wp-content\/uploads\/2023\/09\/Timeline-Block-2-1440-px.svg\" alt=\"\" data-object-fit=\"cover\" \/>\r\n<div class=\"wp-block-cover__inner-container has-global-padding is-layout-constrained wp-container-core-cover-is-layout-403a6700 wp-block-cover-is-layout-constrained\">\r\n<div class=\"wp-block-klingit-basic-container\" style=\"padding-top: 0; padding-bottom: 0;\">\r\n<div class=\"wp-block-group has-global-padding is-layout-constrained wp-block-group-is-layout-constrained\">\r\n<div class=\"wp-block-columns is-layout-flex wp-container-core-columns-is-layout-28232c24 wp-block-columns-is-layout-flex\">\r\n<div class=\"wp-block-column is-layout-flow wp-block-column-is-layout-flow\">\r\n<div class=\"wp-block-group has-global-padding is-layout-constrained wp-container-core-group-is-layout-4b99461e wp-block-group-is-layout-constrained\">\r\n<h2 class=\"wp-block-heading has-dark-color has-text-color has-heading-font-family\" style=\"text-transform: uppercase;\">parole di alcuni dei nostri partner<\/h2>\r\n<\/div>\r\n<\/div>\r\n<\/div>\r\n<\/div>\r\n<\/div>\r\n\r\n\r\n\r\n<div class=\"wp-block-klingit-basic-timeline timeline-block splide\" data-autoplay-duration=\"15\">\r\n<div class=\"container container-before\">\r\n<div class=\"timeline-controls timeline-controls-left\">\r\n<div class=\"timeline-counter\"><span class=\"timeline-current-slide\" style=\"color: var(--wp--preset--color--dark);\">01<\/span><span style=\"color: var(--wp--preset--color--dark);\">\/<\/span><span class=\"timeline-total-slides\" style=\"color: #ddddec;\">01<\/span><\/div>\r\n<div class=\"timeline-arrows splide__arrows\">\r\n<div class=\"timeline-arrow-left splide__arrow splide__arrow--prev\">\u00a0<\/div>\r\n<div class=\"timeline-arrow-right splide__arrow splide__arrow--next\">\u00a0<\/div>\r\n<\/div>\r\n<\/div>\r\n<\/div>\r\n<div class=\"splide__track\">\r\n<div class=\"splide__list\">\r\n<div class=\"wp-block-group is-layout-flow wp-block-group-is-layout-flow\">\r\n<div class=\"wp-block-klingit-basic-container\" style=\"padding-top: var(--wp--preset--spacing--x-small); padding-bottom: var(--wp--preset--spacing--x-small);\">\r\n<div class=\"wp-block-group has-global-padding is-layout-constrained wp-block-group-is-layout-constrained\">\r\n<div class=\"wp-block-columns are-vertically-aligned-center is-layout-flex wp-container-core-columns-is-layout-00f84694 wp-block-columns-is-layout-flex\">\r\n<div class=\"wp-block-column is-vertically-aligned-center is-layout-flow wp-block-column-is-layout-flow\">\r\n<div class=\"wp-block-group has-global-padding is-content-justification-left is-layout-constrained wp-container-core-group-is-layout-05ad6237 wp-block-group-is-layout-constrained\">\r\n<h3 class=\"wp-block-heading has-heading-font-family\" style=\"text-transform: uppercase;\">DATACOM<\/h3>\r\n\r\n\r\n\r\n<p>&#8220;Il team Finance &amp; Operations di Datacom D365 collabora solo con i migliori per garantire risultati eccezionali ai clienti. In qualit\u00e0 di leader di mercato nell&#8217;automazione AP end-to-end, ExFlow di SignUp Software \u00e8 stata la scelta pi\u00f9 logica per l&#8217;elaborazione delle fatture dei nostri fornitori&#8221;.<\/p>\r\n\r\n\r\n\r\n<h5 class=\"wp-block-heading\" style=\"font-style: normal; font-weight: bold;\">&#8211; Diana Ismagilova, Team Leader App D365 Finanza e Operazioni<\/h5>\r\n<\/div>\r\n<\/div>\r\n\r\n\r\n\r\n<div class=\"wp-block-column is-vertically-aligned-center is-layout-flow wp-block-column-is-layout-flow\">\r\n<figure class=\"wp-block-image size-full has-custom-border is-style-default\"><img decoding=\"async\" width=\"800\" height=\"600\" class=\"wp-image-1007\" style=\"border-radius: 30px; aspect-ratio: 4\/3; object-fit: cover;\" src=\"https:\/\/www.signupsoftware.com\/wp-content\/uploads\/2023\/09\/Diana-Ismagilova-Datacom.jpg\" alt=\"\" srcset=\"https:\/\/www.signupsoftware.com\/wp-content\/uploads\/2023\/09\/Diana-Ismagilova-Datacom.jpg 800w, https:\/\/www.signupsoftware.com\/wp-content\/uploads\/2023\/09\/Diana-Ismagilova-Datacom-300x225.jpg 300w, https:\/\/www.signupsoftware.com\/wp-content\/uploads\/2023\/09\/Diana-Ismagilova-Datacom-768x576.jpg 768w\" sizes=\"(max-width: 800px) 100vw, 800px\" \/><\/figure>\r\n<\/div>\r\n<\/div>\r\n<\/div>\r\n<\/div>\r\n<\/div>\r\n\r\n\r\n\r\n<div class=\"wp-block-group is-layout-flow wp-block-group-is-layout-flow\">\r\n<div class=\"wp-block-klingit-basic-container\" style=\"padding-top: var(--wp--preset--spacing--x-small); padding-bottom: var(--wp--preset--spacing--x-small);\">\r\n<div class=\"wp-block-group has-global-padding is-layout-constrained wp-block-group-is-layout-constrained\">\r\n<div class=\"wp-block-columns are-vertically-aligned-center is-layout-flex wp-container-core-columns-is-layout-00f84694 wp-block-columns-is-layout-flex\">\r\n<div class=\"wp-block-column is-vertically-aligned-center is-layout-flow wp-block-column-is-layout-flow\">\r\n<div class=\"wp-block-group has-global-padding is-content-justification-left is-layout-constrained wp-container-core-group-is-layout-05ad6237 wp-block-group-is-layout-constrained\">\r\n<h3 class=\"wp-block-heading has-heading-font-family\" style=\"text-transform: uppercase;\">Inbiz<\/h3>\r\n\r\n\r\n\r\n<p>&#8220;Abbiamo lavorato con molti sistemi di fatturazione elettronica nel corso degli anni e la soluzione ExFlow AP Automation ha dimostrato pi\u00f9 volte di essere la pi\u00f9 affidabile del settore&#8221;.<\/p>\r\n\r\n\r\n\r\n<h5 class=\"wp-block-heading\" style=\"font-style: normal; font-weight: bold;\">&#8211; Carsten Heiter, CEO, specialista di Microsoft Dynamics BC presso InBiz<\/h5>\r\n<\/div>\r\n<\/div>\r\n\r\n\r\n\r\n<div class=\"wp-block-column is-vertically-aligned-center is-layout-flow wp-block-column-is-layout-flow\">\r\n<figure class=\"wp-block-image size-full has-custom-border is-style-default\"><img decoding=\"async\" width=\"800\" height=\"600\" class=\"wp-image-1009\" style=\"border-radius: 30px; aspect-ratio: 4\/3; object-fit: cover;\" src=\"https:\/\/www.signupsoftware.com\/wp-content\/uploads\/2023\/09\/InBiz-Muggbild.jpg\" alt=\"\" srcset=\"https:\/\/www.signupsoftware.com\/wp-content\/uploads\/2023\/09\/InBiz-Muggbild.jpg 800w, https:\/\/www.signupsoftware.com\/wp-content\/uploads\/2023\/09\/InBiz-Muggbild-300x225.jpg 300w, https:\/\/www.signupsoftware.com\/wp-content\/uploads\/2023\/09\/InBiz-Muggbild-768x576.jpg 768w\" sizes=\"(max-width: 800px) 100vw, 800px\" \/><\/figure>\r\n<\/div>\r\n<\/div>\r\n<\/div>\r\n<\/div>\r\n<\/div>\r\n\r\n\r\n\r\n<div class=\"wp-block-group is-layout-flow wp-block-group-is-layout-flow\">\r\n<div class=\"wp-block-klingit-basic-container\" style=\"padding-top: var(--wp--preset--spacing--x-small); padding-bottom: var(--wp--preset--spacing--x-small);\">\r\n<div class=\"wp-block-group has-global-padding is-layout-constrained wp-block-group-is-layout-constrained\">\r\n<div class=\"wp-block-columns are-vertically-aligned-center is-layout-flex wp-container-core-columns-is-layout-00f84694 wp-block-columns-is-layout-flex\">\r\n<div class=\"wp-block-column is-vertically-aligned-center is-layout-flow wp-block-column-is-layout-flow\">\r\n<div class=\"wp-block-group has-global-padding is-content-justification-left is-layout-constrained wp-container-core-group-is-layout-05ad6237 wp-block-group-is-layout-constrained\">\r\n<h3 class=\"wp-block-heading has-heading-font-family\" style=\"text-transform: uppercase;\">Soluzioni tecnologiche Canary<\/h3>\r\n\r\n\r\n\r\n<p>&#8220;Estendendo le funzionalit\u00e0 naturali di D365BC con soluzioni all&#8217;avanguardia come LS Central ed ExFlow, le aziende del settore retail hanno la possibilit\u00e0 di snellire e automatizzare attivit\u00e0 altrimenti manuali e di ottenere un&#8217;efficienza senza precedenti nelle loro operazioni finanziarie&#8221;.<\/p>\r\n\r\n\r\n\r\n<h5 class=\"wp-block-heading\" style=\"font-style: normal; font-weight: bold;\">&#8211; Darren Jerrett, Responsabile Retail, Canary IT<\/h5>\r\n<\/div>\r\n<\/div>\r\n\r\n\r\n\r\n<div class=\"wp-block-column is-vertically-aligned-center is-layout-flow wp-block-column-is-layout-flow\">\r\n<figure class=\"wp-block-image size-full has-custom-border is-style-default\"><img decoding=\"async\" width=\"800\" height=\"600\" class=\"wp-image-1010\" style=\"border-radius: 30px; aspect-ratio: 4\/3; object-fit: cover;\" src=\"https:\/\/www.signupsoftware.com\/wp-content\/uploads\/2023\/09\/Canaray-IT-Computer.jpg\" alt=\"\" srcset=\"https:\/\/www.signupsoftware.com\/wp-content\/uploads\/2023\/09\/Canaray-IT-Computer.jpg 800w, https:\/\/www.signupsoftware.com\/wp-content\/uploads\/2023\/09\/Canaray-IT-Computer-300x225.jpg 300w, https:\/\/www.signupsoftware.com\/wp-content\/uploads\/2023\/09\/Canaray-IT-Computer-768x576.jpg 768w\" sizes=\"(max-width: 800px) 100vw, 800px\" \/><\/figure>\r\n<\/div>\r\n<\/div>\r\n<\/div>\r\n<\/div>\r\n<\/div>\r\n<\/div>\r\n<\/div>\r\n<\/div>\r\n<\/div>\r\n<\/div>\r\n\r\n\r\n\r\n<div class=\"wp-block-cover is-light wp-duotone-unset-1\" style=\"padding: var(--wp--preset--spacing--xx-large);\"><img decoding=\"async\" width=\"1920\" height=\"495\" class=\"wp-block-cover__image-background wp-image-1656\" src=\"https:\/\/www.signupsoftware.com\/wp-content\/uploads\/2023\/09\/AI-Sphere-CTA.jpg\" alt=\"\" data-object-fit=\"cover\" srcset=\"https:\/\/www.signupsoftware.com\/wp-content\/uploads\/2023\/09\/AI-Sphere-CTA.jpg 1920w, https:\/\/www.signupsoftware.com\/wp-content\/uploads\/2023\/09\/AI-Sphere-CTA-300x77.jpg 300w, https:\/\/www.signupsoftware.com\/wp-content\/uploads\/2023\/09\/AI-Sphere-CTA-1024x264.jpg 1024w, https:\/\/www.signupsoftware.com\/wp-content\/uploads\/2023\/09\/AI-Sphere-CTA-768x198.jpg 768w, https:\/\/www.signupsoftware.com\/wp-content\/uploads\/2023\/09\/AI-Sphere-CTA-1536x396.jpg 1536w\" sizes=\"(max-width: 1920px) 100vw, 1920px\" \/>\r\n<div class=\"wp-block-cover__inner-container has-global-padding is-layout-constrained wp-container-core-cover-is-layout-b4a49c92 wp-block-cover-is-layout-constrained\">\r\n<div class=\"wp-block-klingit-basic-container\" style=\"padding-top: 0; padding-bottom: 0;\">\r\n<div class=\"wp-block-group has-global-padding is-layout-constrained wp-block-group-is-layout-constrained\">\r\n<div class=\"wp-block-columns is-layout-flex wp-container-core-columns-is-layout-28232c24 wp-block-columns-is-layout-flex\">\r\n<div class=\"wp-block-column is-layout-flow wp-block-column-is-layout-flow\" style=\"flex-basis: 66%;\">\r\n<div class=\"wp-block-group has-global-padding is-layout-constrained wp-container-core-group-is-layout-4b99461e wp-block-group-is-layout-constrained\">\r\n<h2 class=\"wp-block-heading has-white-color has-text-color has-heading-font-family has-headline-3-font-size\" style=\"text-transform: uppercase;\">collabora con noi oggi<\/h2>\r\n\r\n\r\n\r\n<p class=\"has-white-color has-text-color\">Conosciamo le sfide che l&#8217;ufficio del CFO deve affrontare. Collabora con noi e migliora il reparto finanziario dei tuoi clienti oggi stesso.<\/p>\r\n\r\n\r\n\r\n<div class=\"wp-block-buttons is-layout-flex wp-block-buttons-is-layout-flex\">\r\n<div class=\"wp-block-button cta-button is-style-klingit-button-arrow\"><a class=\"wp-block-button__link has-bg-color has-text-color wp-element-button\" href=\"https:\/\/www.signupsoftware.com\/get-in-touch\/\">CONTATTACI<\/a><\/div>\r\n<\/div>\r\n<\/div>\r\n<\/div>\r\n\r\n\r\n\r\n<div class=\"wp-block-column is-layout-flow wp-block-column-is-layout-flow\">\u00a0<\/div>\r\n<\/div>\r\n<\/div>\r\n<\/div>\r\n<\/div>\r\n<\/div>\r\n","protected":false},"excerpt":{"rendered":"","protected":false},"author":3,"featured_media":0,"parent":0,"menu_order":0,"comment_status":"closed","ping_status":"closed","template":"views\/template-builder.php","meta":{"_acf_changed":false,"om_disable_all_campaigns":false,"footnotes":""},"class_list":["post-63746","page","type-page","status-publish","hentry"],"acf":[],"_links":{"self":[{"href":"https:\/\/www.signupsoftware.com\/it\/wp-json\/wp\/v2\/pages\/63746","targetHints":{"allow":["GET"]}}],"collection":[{"href":"https:\/\/www.signupsoftware.com\/it\/wp-json\/wp\/v2\/pages"}],"about":[{"href":"https:\/\/www.signupsoftware.com\/it\/wp-json\/wp\/v2\/types\/page"}],"author":[{"embeddable":true,"href":"https:\/\/www.signupsoftware.com\/it\/wp-json\/wp\/v2\/users\/3"}],"replies":[{"embeddable":true,"href":"https:\/\/www.signupsoftware.com\/it\/wp-json\/wp\/v2\/comments?post=63746"}],"version-history":[{"count":4,"href":"https:\/\/www.signupsoftware.com\/it\/wp-json\/wp\/v2\/pages\/63746\/revisions"}],"predecessor-version":[{"id":82212,"href":"https:\/\/www.signupsoftware.com\/it\/wp-json\/wp\/v2\/pages\/63746\/revisions\/82212"}],"wp:attachment":[{"href":"https:\/\/www.signupsoftware.com\/it\/wp-json\/wp\/v2\/media?parent=63746"}],"curies":[{"name":"wp","href":"https:\/\/api.w.org\/{rel}","templated":true}]}}