
{"id":46642,"date":"2023-09-07T12:39:23","date_gmt":"2023-09-07T10:39:23","guid":{"rendered":"https:\/\/www.signupsoftware.com\/about-us\/"},"modified":"2025-06-02T14:43:06","modified_gmt":"2025-06-02T12:43:06","slug":"a-propos-nous","status":"publish","type":"page","link":"https:\/\/www.signupsoftware.com\/fr\/a-propos-nous\/","title":{"rendered":"A propos de nous"},"content":{"rendered":"\r\n<div class=\"wp-block-cover is-light\" style=\"padding-top: 0; padding-bottom: 0; min-height: 429px;aspect-ratio:unset;\"><img decoding=\"async\" width=\"1920\" height=\"1080\" class=\"wp-block-cover__image-background wp-image-1678\" src=\"https:\/\/www.signupsoftware.com\/wp-content\/uploads\/2023\/09\/Hero-2.jpg\" alt=\"\" data-object-fit=\"cover\" srcset=\"https:\/\/www.signupsoftware.com\/wp-content\/uploads\/2023\/09\/Hero-2.jpg 1920w, https:\/\/www.signupsoftware.com\/wp-content\/uploads\/2023\/09\/Hero-2-300x169.jpg 300w, https:\/\/www.signupsoftware.com\/wp-content\/uploads\/2023\/09\/Hero-2-1024x576.jpg 1024w, https:\/\/www.signupsoftware.com\/wp-content\/uploads\/2023\/09\/Hero-2-768x432.jpg 768w, https:\/\/www.signupsoftware.com\/wp-content\/uploads\/2023\/09\/Hero-2-1536x864.jpg 1536w\" sizes=\"(max-width: 1920px) 100vw, 1920px\" \/>\r\n<div class=\"wp-block-cover__inner-container has-global-padding is-layout-constrained wp-block-cover-is-layout-constrained\">\r\n<div class=\"wp-block-klingit-basic-container\" style=\"padding-top: 0; padding-bottom: 0;\">\r\n<div class=\"wp-block-group has-global-padding is-layout-constrained wp-container-core-group-is-layout-0a40ad45 wp-block-group-is-layout-constrained\" style=\"margin-top: 0; margin-bottom: 0; padding: var(--wp--preset--spacing--header-height) 0 var(--wp--preset--spacing--xx-large) 0;\"><div class=\"has-link-color wp-elements-8d0320252430c040c29ed5109ac205f5 wp-block-klingit-basic-breadcrumbs has-text-color has-white-color\"><a href=\"https:\/\/www.signupsoftware.com\/fr\/\">Page d&rsquo;accueil<\/a><svg width='7' height='12' viewBox='0 0 7 12' fill='none' xmlns='http:\/\/www.w3.org\/2000\/svg'><path d='M4.125 6.26796L-4.12126e-07 2.14295L1.17833 0.964621L6.48167 6.26796L1.17833 11.5713L-5.15066e-08 10.393L4.125 6.26796Z' fill='currentColor'\/><\/svg>Page<\/div>\r\n\r\n\r\n<div class=\"wp-block-group has-global-padding is-layout-constrained wp-block-group-is-layout-constrained\">\r\n<div class=\"wp-block-columns is-layout-flex wp-container-core-columns-is-layout-28232c24 wp-block-columns-is-layout-flex\">\r\n<div class=\"wp-block-column is-layout-flow wp-block-column-is-layout-flow\">\r\n<div class=\"wp-block-group has-global-padding is-layout-constrained wp-container-core-group-is-layout-4b99461e wp-block-group-is-layout-constrained\">\r\n<h1 class=\"wp-block-heading has-white-color has-text-color\" style=\"text-transform: uppercase;\">A propos de nous<\/h1>\r\n\r\n\r\n\r\n<p class=\"has-white-color has-text-color\">SignUp Software a \u00e9t\u00e9 fond\u00e9 en 1999 et a lanc\u00e9 ExFlow en 2003. Au fil des ans, SignUp Software s&rsquo;est forg\u00e9 une solide r\u00e9putation au sein de la communaut\u00e9 Microsoft Dynamics pour ses solutions d&rsquo;automatisation des processus financiers.<\/p>\r\n<\/div>\r\n<\/div>\r\n\r\n\r\n\r\n<div class=\"wp-block-column is-layout-flow wp-block-column-is-layout-flow\">\u00a0<\/div>\r\n<\/div>\r\n<\/div>\r\n<\/div>\r\n<\/div>\r\n<\/div>\r\n<\/div>\r\n\r\n\r\n\r\n<div class=\"wp-block-cover is-light\"><img decoding=\"async\" class=\"wp-block-cover__image-background wp-image-735\" src=\"https:\/\/www.signupsoftware.com\/wp-content\/uploads\/2023\/09\/Image-1.svg\" alt=\"\" data-object-fit=\"cover\" \/>\r\n<div class=\"wp-block-cover__inner-container has-global-padding is-layout-constrained wp-block-cover-is-layout-constrained\">\r\n<div class=\"wp-block-group has-global-padding is-layout-constrained wp-container-core-group-is-layout-7ebc0e98 wp-block-group-is-layout-constrained\" style=\"padding-top: var(--wp--preset--spacing--xx-large); padding-bottom: var(--wp--preset--spacing--xx-large);\">\r\n<div class=\"wp-block-klingit-basic-container\" style=\"padding-top: 0; padding-bottom: 0;\">\r\n<div class=\"wp-block-group has-global-padding is-layout-constrained wp-container-core-group-is-layout-14bb0406 wp-block-group-is-layout-constrained\">\r\n<div class=\"wp-block-group has-global-padding is-layout-constrained wp-block-group-is-layout-constrained\">\r\n<div class=\"wp-block-columns are-vertically-aligned-center reverse-columns is-layout-flex wp-container-core-columns-is-layout-250227d7 wp-block-columns-is-layout-flex\">\r\n<div class=\"wp-block-column is-vertically-aligned-center is-layout-flow wp-block-column-is-layout-flow\">\r\n<figure class=\"wp-block-image size-full has-custom-border\"><img decoding=\"async\" width=\"800\" height=\"600\" class=\"wp-image-1464\" style=\"border-radius: 15px;\" src=\"https:\/\/www.signupsoftware.com\/wp-content\/uploads\/2023\/09\/AI-Sphere-2.jpg\" alt=\"\" srcset=\"https:\/\/www.signupsoftware.com\/wp-content\/uploads\/2023\/09\/AI-Sphere-2.jpg 800w, https:\/\/www.signupsoftware.com\/wp-content\/uploads\/2023\/09\/AI-Sphere-2-300x225.jpg 300w, https:\/\/www.signupsoftware.com\/wp-content\/uploads\/2023\/09\/AI-Sphere-2-768x576.jpg 768w\" sizes=\"(max-width: 800px) 100vw, 800px\" \/><\/figure>\r\n<\/div>\r\n\r\n\r\n\r\n<div class=\"wp-block-column is-vertically-aligned-center is-layout-flow wp-block-column-is-layout-flow\">\r\n<div class=\"wp-block-group has-global-padding is-content-justification-left is-layout-constrained wp-container-core-group-is-layout-e4007db9 wp-block-group-is-layout-constrained\">\r\n<h2 class=\"wp-block-heading has-body-font-family has-headline-2-font-size\" style=\"text-transform: uppercase;\">Nos solutions<\/h2>\r\n\r\n\r\n\r\n<p>Les solutions du portefeuille de produits ExFlow sont int\u00e9gr\u00e9es \u00e0 Microsoft Dynamics 365 et utilisent les services Azure, sp\u00e9cifiquement con\u00e7us pour le \u00ab\u00a0bureau du directeur financier\u00a0\u00bb.<\/p>\r\n\r\n\r\n\r\n<p>SignUp Software est actuellement pr\u00e9sent en Su\u00e8de (o\u00f9 se trouve son si\u00e8ge), au Danemark, en Norv\u00e8ge, en Finlande, aux Pays-Bas, en Espagne, au Royaume-Uni, aux \u00c9tats-Unis, au Canada, \u00e0 Singapour et en Australie, et a conclu des partenariats avec plus de 100 revendeurs dans le monde entier. \u00c0 l&rsquo;\u00e9chelle mondiale, plus de 1 500 clients font confiance \u00e0 ExFlow pour am\u00e9liorer leurs processus financiers dans plus de 60 pays.<\/p>\r\n<\/div>\r\n<\/div>\r\n<\/div>\r\n<\/div>\r\n\r\n\r\n\r\n<div class=\"wp-block-group has-global-padding is-content-justification-left is-layout-constrained wp-container-core-group-is-layout-12dd3699 wp-block-group-is-layout-constrained\">\r\n<div class=\"wp-block-group has-global-padding is-layout-constrained wp-block-group-is-layout-constrained\">\r\n<div class=\"wp-block-columns are-vertically-aligned-center reverse-columns is-layout-flex wp-container-core-columns-is-layout-250227d7 wp-block-columns-is-layout-flex\">\r\n<div class=\"wp-block-column is-vertically-aligned-center is-layout-flow wp-block-column-is-layout-flow\">\r\n<div class=\"wp-block-group has-global-padding is-content-justification-left is-layout-constrained wp-container-core-group-is-layout-e4007db9 wp-block-group-is-layout-constrained\">\r\n<h2 class=\"wp-block-heading has-body-font-family has-headline-2-font-size\" style=\"text-transform: uppercase;\">PLUS DE DEUX D\u00c9CENNIES DE CONNAISSANCES<\/h2>\r\n\r\n\r\n\r\n<p>Ce qui distingue SignUp, c&rsquo;est sa vaste exp\u00e9rience qui s&rsquo;\u00e9tend sur plus de deux d\u00e9cennies. Cette histoire nous aide \u00e0 comprendre les d\u00e9fis auxquels le bureau du directeur financier est confront\u00e9. Avec nous, vous n&rsquo;obtenez pas seulement une solution et un fournisseur de services, mais un partenaire qui vous comprend et vous accompagne. Chez SignUp, les partenaires re\u00e7oivent plus qu&rsquo;une simple affaire, ils trouvent un collaborateur de confiance.<\/p>\r\n<\/div>\r\n<\/div>\r\n\r\n\r\n\r\n<div class=\"wp-block-column is-vertically-aligned-center is-layout-flow wp-block-column-is-layout-flow\">\r\n<figure class=\"wp-block-image size-full has-custom-border\"><img decoding=\"async\" width=\"800\" height=\"600\" class=\"wp-image-1465\" style=\"border-radius: 15px;\" src=\"https:\/\/www.signupsoftware.com\/wp-content\/uploads\/2023\/09\/AI-Corall-1.jpg\" alt=\"\" srcset=\"https:\/\/www.signupsoftware.com\/wp-content\/uploads\/2023\/09\/AI-Corall-1.jpg 800w, https:\/\/www.signupsoftware.com\/wp-content\/uploads\/2023\/09\/AI-Corall-1-300x225.jpg 300w, https:\/\/www.signupsoftware.com\/wp-content\/uploads\/2023\/09\/AI-Corall-1-768x576.jpg 768w\" sizes=\"(max-width: 800px) 100vw, 800px\" \/><\/figure>\r\n<\/div>\r\n<\/div>\r\n<\/div>\r\n<\/div>\r\n<\/div>\r\n<\/div>\r\n<\/div>\r\n\r\n\r\n\r\n<div class=\"wp-block-group has-global-padding is-layout-constrained wp-block-group-is-layout-constrained\">\r\n<h2 class=\"wp-block-heading has-text-align-center\" style=\"text-transform: uppercase;\">Une pr\u00e9sence mondiale<\/h2>\r\n\r\n\r\n\r\n<h3 class=\"wp-block-heading has-text-align-center\">Nous avons des \u00e9quipes et des bureaux dans le monde entier<\/h3>\r\n\r\n\r\n\r\n<div class=\"wp-block-klingit-basic-container\">\r\n<div class=\"wp-block-columns is-layout-flex wp-container-core-columns-is-layout-010e51cd wp-block-columns-is-layout-flex\">\r\n<div class=\"wp-block-column is-layout-flow wp-block-column-is-layout-flow\">\r\n<div class=\"wp-block-group hover-background has-gray-background-color has-background is-vertical is-content-justification-stretch is-layout-flex wp-container-core-group-is-layout-b95265bd wp-block-group-is-layout-flex\" style=\"border-radius: 15px; padding: var(--wp--preset--spacing--large);\">\r\n<h2 class=\"wp-block-heading has-text-align-left has-dark-color has-text-color has-heading-font-family has-headline-4-font-size\" style=\"font-style: normal; font-weight: bold; text-transform: uppercase;\">Su\u00e8de (HQ)<\/h2>\r\n\r\n\r\n\r\n<p><strong>SignUp Software AB<br \/><\/strong>Evenemangsgatan 2c<br \/>169 79 Solna, Sweden<br \/>Tel : + 46 8 5678 00 00<br \/>info@signupsoftware.com<\/p>\r\n\r\n\r\n\r\n<p>Num\u00e9ro d&rsquo;enregistrement : 556570-9721<br \/>Num\u00e9ro de TVA : SE556570972101<br \/>Num\u00e9ro D-U-N-S : 632899860<br \/>Num\u00e9ro GLN : 7300009057672<\/p>\r\n\r\n\r\n\r\n<p><strong>Envoyez les factures des fournisseurs \u00e0 : <\/strong>invoice@signupsoftware.com<br \/><strong>Questions aux services financiers : <\/strong>finance@signupsoftware.com<\/p>\r\n<\/div>\r\n<\/div>\r\n\r\n\r\n\r\n<div class=\"wp-block-column is-layout-flow wp-block-column-is-layout-flow\">\r\n<div class=\"wp-block-group hover-background has-gray-background-color has-background is-vertical is-content-justification-stretch is-layout-flex wp-container-core-group-is-layout-b95265bd wp-block-group-is-layout-flex\" style=\"border-radius: 15px; padding: var(--wp--preset--spacing--large);\">\r\n<h2 class=\"wp-block-heading has-text-align-left has-dark-color has-text-color has-heading-font-family has-headline-4-font-size\" style=\"font-style: normal; font-weight: bold; text-transform: uppercase;\">Danemark<\/h2>\r\n\r\n\r\n\r\n<p><strong>SignUp Software Denmark ApS<\/strong><br \/>Lyngbyvej 2, 3. sal<br \/>2100 K\u00f8benhavn \u00d8, Danemark<br \/>Tel : +45 70 20 17 44<br \/>info@signupsoftware.com<\/p>\r\n\r\n\r\n\r\n<p>Num\u00e9ro d&rsquo;enregistrement : 37049697<br \/>Num\u00e9ro de TVA : DK37049697<\/p>\r\n\r\n\r\n\r\n<p><strong>Envoyez les factures des fournisseurs \u00e0 : <\/strong>invoice.dk@signupsoftware.com<br \/><strong>Questions aux services financiers : <\/strong>finance.dk@signupsoftware.com<\/p>\r\n<\/div>\r\n<\/div>\r\n\r\n\r\n\r\n<div class=\"wp-block-column is-layout-flow wp-block-column-is-layout-flow\">\r\n<div class=\"wp-block-group hover-background has-gray-background-color has-background is-vertical is-content-justification-stretch is-layout-flex wp-container-core-group-is-layout-b95265bd wp-block-group-is-layout-flex\" style=\"border-radius: 15px; padding: var(--wp--preset--spacing--large);\">\r\n<h2 class=\"wp-block-heading has-text-align-left has-dark-color has-text-color has-heading-font-family has-headline-4-font-size\" style=\"font-style: normal; font-weight: bold; text-transform: uppercase;\">Benelux<\/h2>\r\n\r\n\r\n\r\n<p><strong>SignUp Software Benelux B.V.<br \/><\/strong>Den Bullick 7<br \/>4051 HB, Ochten, Pays-Bas<br \/>Tel : +31 648 497 497<br \/>info@signupsoftware.com<\/p>\r\n\r\n\r\n\r\n<p>Num\u00e9ro d&rsquo;enregistrement : 82069506<br \/>Num\u00e9ro de TVA : NL862324816B01<\/p>\r\n\r\n\r\n\r\n<p><strong>Envoyez les factures des fournisseurs \u00e0 : <\/strong>invoice.nl@signupsoftware.com<br \/><strong>Questions aux services financiers : <\/strong>finance.nl@signupsoftware.com<\/p>\r\n<\/div>\r\n<\/div>\r\n<\/div>\r\n\r\n\r\n\r\n<div class=\"wp-block-columns is-layout-flex wp-container-core-columns-is-layout-010e51cd wp-block-columns-is-layout-flex\">\r\n<div class=\"wp-block-column is-layout-flow wp-block-column-is-layout-flow\">\r\n<div class=\"wp-block-group hover-background has-gray-background-color has-background is-vertical is-content-justification-stretch is-layout-flex wp-container-core-group-is-layout-b95265bd wp-block-group-is-layout-flex\" style=\"border-radius: 15px; padding: var(--wp--preset--spacing--large);\">\r\n<h2 class=\"wp-block-heading has-text-align-left has-dark-color has-text-color has-heading-font-family has-headline-4-font-size\" style=\"font-style: normal; font-weight: bold; text-transform: uppercase;\"><strong>Royaume-Uni et Irlande<\/strong><\/h2>\r\n\r\n\r\n\r\n<p><strong>SignUp Software UK Ltd<\/strong><br \/>Richmond Bridge House<br \/>419 Richmond Road<br \/>Twickenham<br \/>Middlesex TW1 2EX<br \/>info@signupsoftware.com<\/p>\r\n\r\n\r\n\r\n<p>Num\u00e9ro d&rsquo;enregistrement : 14520333<br \/>Num\u00e9ro de TVA : GB438966832<\/p>\r\n\r\n\r\n\r\n<p><strong>Envoyez les factures des fournisseurs \u00e0 : <\/strong>invoice.uk@signupsoftware.com<br \/><strong>Questions aux services financiers : <\/strong>finance.uk@signupsoftware.com<\/p>\r\n<\/div>\r\n<\/div>\r\n\r\n\r\n\r\n<div class=\"wp-block-column is-layout-flow wp-block-column-is-layout-flow\">\r\n<div class=\"wp-block-group hover-background has-gray-background-color has-background is-vertical is-content-justification-stretch is-layout-flex wp-container-core-group-is-layout-b95265bd wp-block-group-is-layout-flex\" style=\"border-radius: 15px; padding: var(--wp--preset--spacing--large);\">\r\n<h2 class=\"wp-block-heading has-text-align-left has-dark-color has-text-color has-heading-font-family has-headline-4-font-size\" style=\"font-style: normal; font-weight: bold; text-transform: uppercase;\"><strong>Espagne et Portugal<\/strong><\/h2>\r\n\r\n\r\n\r\n<p><strong>SignUp Software<br \/><\/strong>Calle de Los Girasoles 2, (apt. 625)<br \/>296 30 Benalmadena, Espagne<br \/>Phone : +46705087136<\/p>\r\n\r\n\r\n\r\n<p><strong>Envoyez les factures des fournisseurs \u00e0 : <\/strong>invoice@signupsoftware.com<br \/><strong>Questions aux services financiers : <\/strong>finance@signupsoftware.com<\/p>\r\n<\/div>\r\n<\/div>\r\n\r\n\r\n\r\n<div class=\"wp-block-column is-layout-flow wp-block-column-is-layout-flow\">\r\n<div class=\"wp-block-group hover-background has-gray-background-color has-background is-vertical is-content-justification-stretch is-layout-flex wp-container-core-group-is-layout-b95265bd wp-block-group-is-layout-flex\" style=\"border-radius: 15px; padding: var(--wp--preset--spacing--large);\">\r\n<h2 class=\"wp-block-heading has-text-align-left has-dark-color has-text-color has-heading-font-family has-headline-4-font-size\" style=\"font-style: normal; font-weight: bold; text-transform: uppercase;\">usa et canada<\/h2>\r\n\r\n\r\n\r\n<p><strong>SignUp Software Inc<br \/><\/strong>3500 South DuPont Highway, Suite DN 101<br \/>Dover, DE 19901, USA<br \/>Tel : +1 (833) 206 2675<br \/>info@signupsoftware.com<\/p>\r\n\r\n\r\n\r\n<p>Num\u00e9ro d&rsquo;enregistrement : 5981590<br \/>Num\u00e9ro D-U-N-S : 118303844<\/p>\r\n\r\n\r\n\r\n<p><strong>Envoyez les factures des fournisseurs \u00e0 : <\/strong>invoice.us@signupsoftware.com<br \/><strong>Questions aux services financiers : <\/strong>finance.us@signupsoftware.com<\/p>\r\n<\/div>\r\n<\/div>\r\n<\/div>\r\n\r\n\r\n\r\n<div class=\"wp-block-columns is-layout-flex wp-container-core-columns-is-layout-010e51cd wp-block-columns-is-layout-flex\">\r\n<div class=\"wp-block-column is-layout-flow wp-block-column-is-layout-flow\">\r\n<div class=\"wp-block-group hover-background has-gray-background-color has-background is-vertical is-content-justification-stretch is-layout-flex wp-container-core-group-is-layout-b95265bd wp-block-group-is-layout-flex\" style=\"border-radius: 15px; padding: var(--wp--preset--spacing--large);\">\r\n<h2 class=\"wp-block-heading has-text-align-left has-dark-color has-text-color has-heading-font-family has-headline-4-font-size\" style=\"font-style: normal; font-weight: bold; text-transform: uppercase;\"><strong>Australie<\/strong><\/h2>\r\n\r\n\r\n\r\n<p><strong>SignUp Software Pty LTD<br \/><\/strong>Suite 10.03, Level 10, 50 Berry Street<br \/>North Sydney NSW 2060, Australia<br \/>Tel : +61 2 8069 8977<br \/>info@signupsoftware.com<\/p>\r\n\r\n\r\n\r\n<p>Num\u00e9ro d&rsquo;entreprise australien : 142 812 646<\/p>\r\n\r\n\r\n\r\n<p><strong>Envoyez les factures des fournisseurs \u00e0 : <\/strong>invoice.au@signupsoftware.com<br \/><strong>Questions aux services financiers :<\/strong> finance.au@signupsoftware.com<\/p>\r\n<\/div>\r\n<\/div>\r\n\r\n\r\n\r\n<div class=\"wp-block-column is-layout-flow wp-block-column-is-layout-flow\">\r\n<div class=\"wp-block-group hover-background has-gray-background-color has-background is-vertical is-content-justification-stretch is-layout-flex wp-container-core-group-is-layout-b95265bd wp-block-group-is-layout-flex\" style=\"border-radius: 15px; padding: var(--wp--preset--spacing--large);\">\r\n<h2 class=\"wp-block-heading has-text-align-left has-dark-color has-text-color has-heading-font-family has-headline-4-font-size\" style=\"font-style: normal; font-weight: bold; text-transform: uppercase;\"><strong>Singapour<\/strong><\/h2>\r\n\r\n\r\n\r\n<p><strong>SignUp Software Pte Ltd<\/strong><br \/>7 Temasek Boulevard #12-07<br \/>Suntec Tower One<br \/>Singapore 038987<br \/>info@signupsoftware.com<\/p>\r\n\r\n\r\n\r\n<p><strong>Envoyez les factures des fournisseurs \u00e0 :<\/strong> invoice.SG@signupsoftware.com<br \/><strong>Questions aux services financiers : <\/strong>finance.SG@signupsoftware.com<\/p>\r\n<\/div>\r\n<\/div>\r\n\r\n\r\n\r\n<div class=\"wp-block-column is-layout-flow wp-block-column-is-layout-flow\">\r\n<div class=\"wp-block-group hover-background has-gray-background-color has-background is-vertical is-content-justification-stretch is-layout-flex wp-container-core-group-is-layout-b95265bd wp-block-group-is-layout-flex\" style=\"border-radius: 15px; padding: var(--wp--preset--spacing--large);\">\r\n<h2 class=\"wp-block-heading has-text-align-left has-dark-color has-text-color has-heading-font-family has-headline-4-font-size\" style=\"font-style: normal; font-weight: bold; text-transform: uppercase;\"><strong>FINLANDE<\/strong><\/h2>\r\n\r\n\r\n\r\n<p><strong>SignUp Software Finland Oy Ab<br \/><\/strong>Hiomotie 10 FI-00380<br \/>FI-00380 Helsinki<br \/>Tel : +358 40 581 9078<br \/>info@signupsoftware.com<\/p>\r\n\r\n\r\n\r\n<p>Num\u00e9ro de TVA : FI32999162<\/p>\r\n\r\n\r\n\r\n<p>&nbsp;<\/p>\r\n<\/div>\r\n<\/div>\r\n<\/div>\r\n\r\n\r\n\r\n<div class=\"wp-block-columns is-layout-flex wp-container-core-columns-is-layout-010e51cd wp-block-columns-is-layout-flex\">\r\n<div class=\"wp-block-column is-layout-flow wp-block-column-is-layout-flow\">\r\n<div class=\"wp-block-group hover-background has-gray-background-color has-background is-vertical is-content-justification-stretch is-layout-flex wp-container-core-group-is-layout-b95265bd wp-block-group-is-layout-flex\" style=\"border-radius: 15px; padding: var(--wp--preset--spacing--large);\">\r\n<h2 class=\"wp-block-heading has-text-align-left has-dark-color has-text-color has-heading-font-family has-headline-4-font-size\" style=\"font-style: normal; font-weight: bold; text-transform: uppercase;\"><strong>Pays-Bas (Extension)<\/strong><\/h2>\r\n\r\n\r\n\r\n<p><strong>Axtension B.V<\/strong><br \/>Noorderpoort 9D, <br \/>5916 PJ Venlo, Pays-Bas<\/p>\r\n\r\n\r\n\r\n<p>T\u00e9l\u00e9phone : +31 77 323 2622 +31 77 323 2622<\/p>\r\n<\/div>\r\n<\/div>\r\n<\/div>\r\n<\/div>\r\n<\/div>\r\n<\/div>\r\n<\/div>\r\n\r\n\r\n\r\n<div class=\"wp-block-cover is-light\" style=\"padding: var(--wp--preset--spacing--xx-large);\"><img decoding=\"async\" width=\"1920\" height=\"495\" class=\"wp-block-cover__image-background wp-image-1656\" src=\"https:\/\/www.signupsoftware.com\/wp-content\/uploads\/2023\/09\/AI-Sphere-CTA.jpg\" alt=\"\" data-object-fit=\"cover\" srcset=\"https:\/\/www.signupsoftware.com\/wp-content\/uploads\/2023\/09\/AI-Sphere-CTA.jpg 1920w, https:\/\/www.signupsoftware.com\/wp-content\/uploads\/2023\/09\/AI-Sphere-CTA-300x77.jpg 300w, https:\/\/www.signupsoftware.com\/wp-content\/uploads\/2023\/09\/AI-Sphere-CTA-1024x264.jpg 1024w, https:\/\/www.signupsoftware.com\/wp-content\/uploads\/2023\/09\/AI-Sphere-CTA-768x198.jpg 768w, https:\/\/www.signupsoftware.com\/wp-content\/uploads\/2023\/09\/AI-Sphere-CTA-1536x396.jpg 1536w\" sizes=\"(max-width: 1920px) 100vw, 1920px\" \/>\r\n<div class=\"wp-block-cover__inner-container has-global-padding is-layout-constrained wp-container-core-cover-is-layout-b4a49c92 wp-block-cover-is-layout-constrained\">\r\n<div class=\"wp-block-klingit-basic-container\" style=\"padding-top: 0; padding-bottom: 0;\">\r\n<div class=\"wp-block-group has-global-padding is-layout-constrained wp-block-group-is-layout-constrained\">\r\n<div class=\"wp-block-columns is-layout-flex wp-container-core-columns-is-layout-28232c24 wp-block-columns-is-layout-flex\">\r\n<div class=\"wp-block-column is-layout-flow wp-block-column-is-layout-flow\">\r\n<div class=\"wp-block-group has-global-padding is-layout-constrained wp-container-core-group-is-layout-4b99461e wp-block-group-is-layout-constrained\">\r\n<h2 class=\"wp-block-heading has-white-color has-text-color has-heading-font-family\" style=\"text-transform: uppercase;\">Vous avez des questions ?<\/h2>\r\n\r\n\r\n\r\n<p class=\"has-white-color has-text-color\">Contactez-nous pour en savoir plus sur l&rsquo;automatisation des processus financiers et nos solutions con\u00e7ues pour le bureau du directeur financier.<\/p>\r\n\r\n\r\n\r\n<div class=\"wp-block-buttons is-layout-flex wp-block-buttons-is-layout-flex\">\r\n<div class=\"wp-block-button cta-button is-style-klingit-button-arrow\"><a class=\"wp-block-button__link has-bg-color has-text-color wp-element-button\" href=\"https:\/\/www.signupsoftware.com\/get-in-touch\/\">CONTACTEZ-NOUS<\/a><\/div>\r\n<\/div>\r\n<\/div>\r\n<\/div>\r\n\r\n\r\n\r\n<div class=\"wp-block-column is-layout-flow wp-block-column-is-layout-flow\">\u00a0<\/div>\r\n<\/div>\r\n<\/div>\r\n<\/div>\r\n<\/div>\r\n<\/div>\r\n","protected":false},"excerpt":{"rendered":"","protected":false},"author":4,"featured_media":0,"parent":0,"menu_order":0,"comment_status":"closed","ping_status":"closed","template":"views\/template-builder.php","meta":{"_acf_changed":false,"om_disable_all_campaigns":false,"footnotes":""},"class_list":["post-46642","page","type-page","status-publish","hentry"],"acf":[],"_links":{"self":[{"href":"https:\/\/www.signupsoftware.com\/fr\/wp-json\/wp\/v2\/pages\/46642","targetHints":{"allow":["GET"]}}],"collection":[{"href":"https:\/\/www.signupsoftware.com\/fr\/wp-json\/wp\/v2\/pages"}],"about":[{"href":"https:\/\/www.signupsoftware.com\/fr\/wp-json\/wp\/v2\/types\/page"}],"author":[{"embeddable":true,"href":"https:\/\/www.signupsoftware.com\/fr\/wp-json\/wp\/v2\/users\/4"}],"replies":[{"embeddable":true,"href":"https:\/\/www.signupsoftware.com\/fr\/wp-json\/wp\/v2\/comments?post=46642"}],"version-history":[{"count":5,"href":"https:\/\/www.signupsoftware.com\/fr\/wp-json\/wp\/v2\/pages\/46642\/revisions"}],"predecessor-version":[{"id":77021,"href":"https:\/\/www.signupsoftware.com\/fr\/wp-json\/wp\/v2\/pages\/46642\/revisions\/77021"}],"wp:attachment":[{"href":"https:\/\/www.signupsoftware.com\/fr\/wp-json\/wp\/v2\/media?parent=46642"}],"curies":[{"name":"wp","href":"https:\/\/api.w.org\/{rel}","templated":true}]}}