
{"id":46581,"date":"2023-09-20T13:33:32","date_gmt":"2023-09-20T11:33:32","guid":{"rendered":"https:\/\/www.signupsoftware.com\/fr-pourquoi-devenir-partenaire\/"},"modified":"2025-03-11T13:51:24","modified_gmt":"2025-03-11T11:51:24","slug":"pourquoi-devenir-partenaire","status":"publish","type":"page","link":"https:\/\/www.signupsoftware.com\/fr\/pourquoi-devenir-partenaire\/","title":{"rendered":"Pourquoi un partenariat avec nous ?"},"content":{"rendered":"\r\n<div class=\"wp-block-cover is-light\" style=\"padding-top: 0; padding-bottom: 0; min-height: 429px;aspect-ratio:unset;\"><img decoding=\"async\" width=\"1920\" height=\"1080\" class=\"wp-block-cover__image-background wp-image-1002\" src=\"https:\/\/www.signupsoftware.com\/wp-content\/uploads\/2023\/09\/Hero-1.jpg\" alt=\"\" data-object-fit=\"cover\" srcset=\"https:\/\/www.signupsoftware.com\/wp-content\/uploads\/2023\/09\/Hero-1.jpg 1920w, https:\/\/www.signupsoftware.com\/wp-content\/uploads\/2023\/09\/Hero-1-300x169.jpg 300w, https:\/\/www.signupsoftware.com\/wp-content\/uploads\/2023\/09\/Hero-1-1024x576.jpg 1024w, https:\/\/www.signupsoftware.com\/wp-content\/uploads\/2023\/09\/Hero-1-768x432.jpg 768w, https:\/\/www.signupsoftware.com\/wp-content\/uploads\/2023\/09\/Hero-1-1536x864.jpg 1536w\" sizes=\"(max-width: 1920px) 100vw, 1920px\" \/>\r\n<div class=\"wp-block-cover__inner-container has-global-padding is-layout-constrained wp-block-cover-is-layout-constrained\">\r\n<div class=\"wp-block-klingit-basic-container\" style=\"padding-top: 0; padding-bottom: 0;\">\r\n<div class=\"wp-block-group has-global-padding is-layout-constrained wp-container-core-group-is-layout-0a40ad45 wp-block-group-is-layout-constrained\" style=\"margin-top: 0; margin-bottom: 0; padding: var(--wp--preset--spacing--header-height) 0 var(--wp--preset--spacing--xx-large) 0;\"><div class=\"has-link-color wp-elements-8d0320252430c040c29ed5109ac205f5 wp-block-klingit-basic-breadcrumbs has-text-color has-white-color\"><a href=\"https:\/\/www.signupsoftware.com\/fr\/\">Page d&rsquo;accueil<\/a><svg width='7' height='12' viewBox='0 0 7 12' fill='none' xmlns='http:\/\/www.w3.org\/2000\/svg'><path d='M4.125 6.26796L-4.12126e-07 2.14295L1.17833 0.964621L6.48167 6.26796L1.17833 11.5713L-5.15066e-08 10.393L4.125 6.26796Z' fill='currentColor'\/><\/svg>Page<\/div>\r\n\r\n\r\n<div class=\"wp-block-group has-global-padding is-layout-constrained wp-block-group-is-layout-constrained\">\r\n<div class=\"wp-block-columns is-layout-flex wp-container-core-columns-is-layout-28232c24 wp-block-columns-is-layout-flex\">\r\n<div class=\"wp-block-column is-layout-flow wp-block-column-is-layout-flow\" style=\"flex-basis: 60%;\">\r\n<div class=\"wp-block-group has-global-padding is-layout-constrained wp-container-core-group-is-layout-4b99461e wp-block-group-is-layout-constrained\">\r\n<h1 class=\"wp-block-heading has-white-color has-text-color\" style=\"text-transform: uppercase;\">POURQUOI FAIRE \u00c9QUIPE AVEC NOUS ?<\/h1>\r\n<\/div>\r\n<\/div>\r\n\r\n\r\n\r\n<div class=\"wp-block-column is-layout-flow wp-block-column-is-layout-flow\">\r\n<div class=\"klingit-basic-video\">\r\n<figure class=\"wp-block-video\"><video src=\"https:\/\/www.signupsoftware.com\/wp-content\/uploads\/2023\/12\/Ref.-case-Sprint-365-SignUp-Logo.mp4\" controls=\"controls\" width=\"300\" height=\"150\"><\/video><\/figure>\r\n<\/div>\r\n<\/div>\r\n<\/div>\r\n<\/div>\r\n<\/div>\r\n<\/div>\r\n<\/div>\r\n<\/div>\r\n\r\n\r\n\r\n<div class=\"wp-block-klingit-basic-container\">\r\n<div class=\"wp-block-group has-light-background-color has-background has-global-padding is-layout-constrained wp-container-core-group-is-layout-7ebc0e98 wp-block-group-is-layout-constrained\" style=\"padding-top: var(--wp--preset--spacing--xx-large); padding-bottom: var(--wp--preset--spacing--xx-large);\">\r\n<div class=\"wp-block-klingit-basic-container\" style=\"padding-top: 0; padding-bottom: 0;\">\r\n<div class=\"wp-block-group has-global-padding is-layout-constrained wp-container-core-group-is-layout-14bb0406 wp-block-group-is-layout-constrained\">\r\n<div class=\"wp-block-group has-global-padding is-layout-constrained wp-block-group-is-layout-constrained\">\r\n<div class=\"wp-block-columns are-vertically-aligned-center is-layout-flex wp-container-core-columns-is-layout-250227d7 wp-block-columns-is-layout-flex\">\r\n<div class=\"wp-block-column is-vertically-aligned-center is-layout-flow wp-block-column-is-layout-flow\">\r\n<div class=\"wp-block-group has-global-padding is-content-justification-left is-layout-constrained wp-container-core-group-is-layout-e4007db9 wp-block-group-is-layout-constrained\">\r\n<h2 class=\"wp-block-heading has-body-font-family has-headline-3-font-size\" style=\"text-transform: uppercase;\">NOTRE FA\u00c7ON DE TRAVAILLER<\/h2>\r\n\r\n\r\n\r\n<p>SignUp Software a \u00e9t\u00e9 fond\u00e9 en 1999 et a lanc\u00e9 ExFlow en 2003. Notre objectif est d&rsquo;\u00e9tablir de vraies relations et de nous assurer que nos partenaires et nos clients sont satisfaits. Nous avons acquis une solide r\u00e9putation dans la communaut\u00e9 Microsoft Dynamics pour nos solutions d&rsquo;automatisation des processus financiers et nous sommes toujours pr\u00eats \u00e0 collaborer avec nos partenaires. Notre \u00e9quipe met toujours le client au premier plan, en visant le succ\u00e8s \u00e0 long terme plut\u00f4t que des gains rapides. Et gr\u00e2ce \u00e0 nos \u00e9quipes locales pr\u00eates \u00e0 intervenir et \u00e0 aider, nous nous assurons d&rsquo;\u00eatre toujours l\u00e0 lorsque nos partenaires ont besoin de nous.<\/p>\r\n<\/div>\r\n<\/div>\r\n\r\n\r\n\r\n<div class=\"wp-block-column is-vertically-aligned-center is-layout-flow wp-block-column-is-layout-flow\">\r\n<figure class=\"wp-block-image size-full has-custom-border\"><img decoding=\"async\" width=\"800\" height=\"600\" class=\"wp-image-1001\" style=\"border-radius: 10px;\" src=\"https:\/\/www.signupsoftware.com\/wp-content\/uploads\/2023\/09\/SignUp-Office-1.jpg\" alt=\"\" srcset=\"https:\/\/www.signupsoftware.com\/wp-content\/uploads\/2023\/09\/SignUp-Office-1.jpg 800w, https:\/\/www.signupsoftware.com\/wp-content\/uploads\/2023\/09\/SignUp-Office-1-300x225.jpg 300w, https:\/\/www.signupsoftware.com\/wp-content\/uploads\/2023\/09\/SignUp-Office-1-768x576.jpg 768w\" sizes=\"(max-width: 800px) 100vw, 800px\" \/><\/figure>\r\n<\/div>\r\n<\/div>\r\n<\/div>\r\n\r\n\r\n\r\n<div class=\"wp-block-group has-global-padding is-layout-constrained wp-block-group-is-layout-constrained\">\r\n<div class=\"reverse-columns\">\r\n<div class=\"wp-block-columns are-vertically-aligned-center is-layout-flex wp-container-core-columns-is-layout-250227d7 wp-block-columns-is-layout-flex\">\r\n<div class=\"wp-block-column is-vertically-aligned-center is-layout-flow wp-block-column-is-layout-flow\">\r\n<figure class=\"wp-block-image size-full has-custom-border\"><img decoding=\"async\" width=\"800\" height=\"600\" class=\"wp-image-1013\" style=\"border-radius: 10px;\" src=\"https:\/\/www.signupsoftware.com\/wp-content\/uploads\/2023\/09\/Office-Workshop.jpg\" alt=\"\" srcset=\"https:\/\/www.signupsoftware.com\/wp-content\/uploads\/2023\/09\/Office-Workshop.jpg 800w, https:\/\/www.signupsoftware.com\/wp-content\/uploads\/2023\/09\/Office-Workshop-300x225.jpg 300w, https:\/\/www.signupsoftware.com\/wp-content\/uploads\/2023\/09\/Office-Workshop-768x576.jpg 768w\" sizes=\"(max-width: 800px) 100vw, 800px\" \/><\/figure>\r\n<\/div>\r\n\r\n\r\n\r\n<div class=\"wp-block-column is-vertically-aligned-center is-layout-flow wp-block-column-is-layout-flow\">\r\n<div class=\"wp-block-group has-global-padding is-content-justification-left is-layout-constrained wp-container-core-group-is-layout-e4007db9 wp-block-group-is-layout-constrained\">\r\n<h2 class=\"wp-block-heading has-body-font-family has-headline-3-font-size\" style=\"text-transform: uppercase;\">Nous facilitons la vie de vos clients<\/h2>\r\n\r\n\r\n\r\n<p>Nos solutions sont construites sur Dynamics 365 et utilisent les services Azure, fournissant un environnement familier pour les utilisateurs et les consultants. Cela signifie qu&rsquo;aucune int\u00e9gration n&rsquo;est n\u00e9cessaire, ce qui garantit une facilit\u00e9 d&rsquo;utilisation et une courbe d&rsquo;apprentissage r\u00e9duite. Cela en fait un choix avantageux pour les entreprises comme pour les consultants.<\/p>\r\n<\/div>\r\n<\/div>\r\n<\/div>\r\n<\/div>\r\n<\/div>\r\n\r\n\r\n\r\n<div class=\"wp-block-group has-global-padding is-layout-constrained wp-block-group-is-layout-constrained\">\r\n<div class=\"wp-block-columns are-vertically-aligned-center is-layout-flex wp-container-core-columns-is-layout-250227d7 wp-block-columns-is-layout-flex\">\r\n<div class=\"wp-block-column is-vertically-aligned-center is-layout-flow wp-block-column-is-layout-flow\">\r\n<div class=\"wp-block-group has-global-padding is-content-justification-left is-layout-constrained wp-container-core-group-is-layout-e4007db9 wp-block-group-is-layout-constrained\">\r\n<h2 class=\"wp-block-heading has-body-font-family has-headline-3-font-size\" style=\"text-transform: uppercase;\">PLUS DE DEUX D\u00c9CENNIES DE CONNAISSANCES<\/h2>\r\n\r\n\r\n\r\n<p>Ce qui distingue SignUp, c&rsquo;est sa vaste exp\u00e9rience qui s&rsquo;\u00e9tend sur plus de deux d\u00e9cennies. Cette histoire nous aide \u00e0 comprendre les d\u00e9fis auxquels le bureau du directeur financier est confront\u00e9. Avec nous, vous n&rsquo;obtenez pas seulement une solution et un fournisseur de services, mais un partenaire qui vous comprend et vous accompagne. Chez SignUp, les partenaires re\u00e7oivent plus qu&rsquo;une simple affaire, ils trouvent un collaborateur de confiance.<\/p>\r\n<\/div>\r\n<\/div>\r\n\r\n\r\n\r\n<div class=\"wp-block-column is-vertically-aligned-center is-layout-flow wp-block-column-is-layout-flow\">\r\n<figure class=\"wp-block-image size-full has-custom-border\"><img decoding=\"async\" width=\"800\" height=\"600\" class=\"wp-image-1014\" style=\"border-radius: 10px;\" src=\"https:\/\/www.signupsoftware.com\/wp-content\/uploads\/2023\/09\/Office-Computer-Work.jpg\" alt=\"\" srcset=\"https:\/\/www.signupsoftware.com\/wp-content\/uploads\/2023\/09\/Office-Computer-Work.jpg 800w, https:\/\/www.signupsoftware.com\/wp-content\/uploads\/2023\/09\/Office-Computer-Work-300x225.jpg 300w, https:\/\/www.signupsoftware.com\/wp-content\/uploads\/2023\/09\/Office-Computer-Work-768x576.jpg 768w\" sizes=\"(max-width: 800px) 100vw, 800px\" \/><\/figure>\r\n<\/div>\r\n<\/div>\r\n<\/div>\r\n<\/div>\r\n<\/div>\r\n<\/div>\r\n<\/div>\r\n\r\n\r\n\r\n<div class=\"wp-block-cover is-light\" style=\"min-height: 100vh; padding: var(--wp--preset--spacing--x-large);aspect-ratio:unset;\"><img decoding=\"async\" class=\"wp-block-cover__image-background wp-image-330\" src=\"https:\/\/www.signupsoftware.com\/wp-content\/uploads\/2023\/09\/Timeline-Block-2-1440-px.svg\" alt=\"\" data-object-fit=\"cover\" \/>\r\n<div class=\"wp-block-cover__inner-container has-global-padding is-layout-constrained wp-container-core-cover-is-layout-403a6700 wp-block-cover-is-layout-constrained\">\r\n<div class=\"wp-block-klingit-basic-container\" style=\"padding-top: 0; padding-bottom: 0;\">\r\n<div class=\"wp-block-group has-global-padding is-layout-constrained wp-block-group-is-layout-constrained\">\r\n<div class=\"wp-block-columns is-layout-flex wp-container-core-columns-is-layout-28232c24 wp-block-columns-is-layout-flex\">\r\n<div class=\"wp-block-column is-layout-flow wp-block-column-is-layout-flow\">\r\n<div class=\"wp-block-group has-global-padding is-layout-constrained wp-container-core-group-is-layout-4b99461e wp-block-group-is-layout-constrained\">\r\n<h2 class=\"wp-block-heading has-dark-color has-text-color has-heading-font-family\" style=\"text-transform: uppercase;\">mots de certains de nos partenaires<\/h2>\r\n<\/div>\r\n<\/div>\r\n<\/div>\r\n<\/div>\r\n<\/div>\r\n\r\n\r\n\r\n<div class=\"wp-block-klingit-basic-timeline timeline-block splide\" data-autoplay-duration=\"15\">\r\n<div class=\"container container-before\">\r\n<div class=\"timeline-controls timeline-controls-left\">\r\n<div class=\"timeline-counter\"><span class=\"timeline-current-slide\" style=\"color: var(--wp--preset--color--dark);\">01<\/span><span style=\"color: var(--wp--preset--color--dark);\">\/<\/span><span class=\"timeline-total-slides\" style=\"color: #ddddec;\">01<\/span><\/div>\r\n<div class=\"timeline-arrows splide__arrows\">\r\n<div class=\"timeline-arrow-left splide__arrow splide__arrow--prev\">\u00a0<\/div>\r\n<div class=\"timeline-arrow-right splide__arrow splide__arrow--next\">\u00a0<\/div>\r\n<\/div>\r\n<\/div>\r\n<\/div>\r\n<div class=\"splide__track\">\r\n<div class=\"splide__list\">\r\n<div class=\"wp-block-group is-layout-flow wp-block-group-is-layout-flow\">\r\n<div class=\"wp-block-klingit-basic-container\" style=\"padding-top: var(--wp--preset--spacing--x-small); padding-bottom: var(--wp--preset--spacing--x-small);\">\r\n<div class=\"wp-block-group has-global-padding is-layout-constrained wp-block-group-is-layout-constrained\">\r\n<div class=\"wp-block-columns are-vertically-aligned-center is-layout-flex wp-container-core-columns-is-layout-00f84694 wp-block-columns-is-layout-flex\">\r\n<div class=\"wp-block-column is-vertically-aligned-center is-layout-flow wp-block-column-is-layout-flow\">\r\n<div class=\"wp-block-group has-global-padding is-content-justification-left is-layout-constrained wp-container-core-group-is-layout-05ad6237 wp-block-group-is-layout-constrained\">\r\n<h3 class=\"wp-block-heading has-heading-font-family\" style=\"text-transform: uppercase;\">DATACOM<\/h3>\r\n\r\n\r\n\r\n<p>\u00ab\u00a0L&rsquo;\u00e9quipe des finances et des op\u00e9rations de Datacom D365 ne s&rsquo;associe qu&rsquo;avec les meilleurs pour garantir des r\u00e9sultats exceptionnels \u00e0 ses clients. En tant que leader du march\u00e9 de l&rsquo;automatisation de bout en bout de la gestion des comptes fournisseurs, ExFlow de SignUp Software \u00e9tait le choix logique d&rsquo;un partenariat pour le traitement de nos factures fournisseurs\u00a0\u00bb.<\/p>\r\n\r\n\r\n\r\n<h5 class=\"wp-block-heading\" style=\"font-style: normal; font-weight: bold;\">&#8211; Diana Ismagilova, Chef d&rsquo;\u00e9quipe App D365 Finance &amp; Operations<\/h5>\r\n<\/div>\r\n<\/div>\r\n\r\n\r\n\r\n<div class=\"wp-block-column is-vertically-aligned-center is-layout-flow wp-block-column-is-layout-flow\">\r\n<figure class=\"wp-block-image size-full has-custom-border is-style-default\"><img decoding=\"async\" width=\"800\" height=\"600\" class=\"wp-image-1007\" style=\"border-radius: 30px; aspect-ratio: 4\/3; object-fit: cover;\" src=\"https:\/\/www.signupsoftware.com\/wp-content\/uploads\/2023\/09\/Diana-Ismagilova-Datacom.jpg\" alt=\"\" srcset=\"https:\/\/www.signupsoftware.com\/wp-content\/uploads\/2023\/09\/Diana-Ismagilova-Datacom.jpg 800w, https:\/\/www.signupsoftware.com\/wp-content\/uploads\/2023\/09\/Diana-Ismagilova-Datacom-300x225.jpg 300w, https:\/\/www.signupsoftware.com\/wp-content\/uploads\/2023\/09\/Diana-Ismagilova-Datacom-768x576.jpg 768w\" sizes=\"(max-width: 800px) 100vw, 800px\" \/><\/figure>\r\n<\/div>\r\n<\/div>\r\n<\/div>\r\n<\/div>\r\n<\/div>\r\n\r\n\r\n\r\n<div class=\"wp-block-group is-layout-flow wp-block-group-is-layout-flow\">\r\n<div class=\"wp-block-klingit-basic-container\" style=\"padding-top: var(--wp--preset--spacing--x-small); padding-bottom: var(--wp--preset--spacing--x-small);\">\r\n<div class=\"wp-block-group has-global-padding is-layout-constrained wp-block-group-is-layout-constrained\">\r\n<div class=\"wp-block-columns are-vertically-aligned-center is-layout-flex wp-container-core-columns-is-layout-00f84694 wp-block-columns-is-layout-flex\">\r\n<div class=\"wp-block-column is-vertically-aligned-center is-layout-flow wp-block-column-is-layout-flow\">\r\n<div class=\"wp-block-group has-global-padding is-content-justification-left is-layout-constrained wp-container-core-group-is-layout-05ad6237 wp-block-group-is-layout-constrained\">\r\n<h3 class=\"wp-block-heading has-heading-font-family\" style=\"text-transform: uppercase;\">Inbiz<\/h3>\r\n\r\n\r\n\r\n<p>\u00ab\u00a0Nous avons travaill\u00e9 avec de nombreux syst\u00e8mes de facturation \u00e9lectronique au fil des ans et la solution ExFlow AP Automation a prouv\u00e9 \u00e0 maintes reprises qu&rsquo;elle \u00e9tait la plus fiable du secteur.<\/p>\r\n\r\n\r\n\r\n<h5 class=\"wp-block-heading\" style=\"font-style: normal; font-weight: bold;\">&#8211; Carsten Heiter, PDG, sp\u00e9cialiste de Microsoft Dynamics BC chez InBiz<\/h5>\r\n<\/div>\r\n<\/div>\r\n\r\n\r\n\r\n<div class=\"wp-block-column is-vertically-aligned-center is-layout-flow wp-block-column-is-layout-flow\">\r\n<figure class=\"wp-block-image size-full has-custom-border is-style-default\"><img decoding=\"async\" width=\"800\" height=\"600\" class=\"wp-image-1009\" style=\"border-radius: 30px; aspect-ratio: 4\/3; object-fit: cover;\" src=\"https:\/\/www.signupsoftware.com\/wp-content\/uploads\/2023\/09\/InBiz-Muggbild.jpg\" alt=\"\" srcset=\"https:\/\/www.signupsoftware.com\/wp-content\/uploads\/2023\/09\/InBiz-Muggbild.jpg 800w, https:\/\/www.signupsoftware.com\/wp-content\/uploads\/2023\/09\/InBiz-Muggbild-300x225.jpg 300w, https:\/\/www.signupsoftware.com\/wp-content\/uploads\/2023\/09\/InBiz-Muggbild-768x576.jpg 768w\" sizes=\"(max-width: 800px) 100vw, 800px\" \/><\/figure>\r\n<\/div>\r\n<\/div>\r\n<\/div>\r\n<\/div>\r\n<\/div>\r\n\r\n\r\n\r\n<div class=\"wp-block-group is-layout-flow wp-block-group-is-layout-flow\">\r\n<div class=\"wp-block-klingit-basic-container\" style=\"padding-top: var(--wp--preset--spacing--x-small); padding-bottom: var(--wp--preset--spacing--x-small);\">\r\n<div class=\"wp-block-group has-global-padding is-layout-constrained wp-block-group-is-layout-constrained\">\r\n<div class=\"wp-block-columns are-vertically-aligned-center is-layout-flex wp-container-core-columns-is-layout-00f84694 wp-block-columns-is-layout-flex\">\r\n<div class=\"wp-block-column is-vertically-aligned-center is-layout-flow wp-block-column-is-layout-flow\">\r\n<div class=\"wp-block-group has-global-padding is-content-justification-left is-layout-constrained wp-container-core-group-is-layout-05ad6237 wp-block-group-is-layout-constrained\">\r\n<h3 class=\"wp-block-heading has-heading-font-family\" style=\"text-transform: uppercase;\">Solutions technologiques Canary<\/h3>\r\n\r\n\r\n\r\n<p>\u00ab\u00a0En \u00e9tendant les capacit\u00e9s naturelles de D365BC avec des solutions de pointe telles que LS Central et ExFlow, les commerces de d\u00e9tail sont en mesure de rationaliser et d&rsquo;automatiser d&rsquo;autres t\u00e2ches manuelles et d&rsquo;obtenir une efficacit\u00e9 in\u00e9gal\u00e9e dans leurs op\u00e9rations financi\u00e8res\u00a0\u00bb.<\/p>\r\n\r\n\r\n\r\n<h5 class=\"wp-block-heading\" style=\"font-style: normal; font-weight: bold;\">&#8211; Darren Jerrett, responsable de la vente au d\u00e9tail, Canary IT<\/h5>\r\n<\/div>\r\n<\/div>\r\n\r\n\r\n\r\n<div class=\"wp-block-column is-vertically-aligned-center is-layout-flow wp-block-column-is-layout-flow\">\r\n<figure class=\"wp-block-image size-full has-custom-border is-style-default\"><img decoding=\"async\" width=\"800\" height=\"600\" class=\"wp-image-1010\" style=\"border-radius: 30px; aspect-ratio: 4\/3; object-fit: cover;\" src=\"https:\/\/www.signupsoftware.com\/wp-content\/uploads\/2023\/09\/Canaray-IT-Computer.jpg\" alt=\"\" srcset=\"https:\/\/www.signupsoftware.com\/wp-content\/uploads\/2023\/09\/Canaray-IT-Computer.jpg 800w, https:\/\/www.signupsoftware.com\/wp-content\/uploads\/2023\/09\/Canaray-IT-Computer-300x225.jpg 300w, https:\/\/www.signupsoftware.com\/wp-content\/uploads\/2023\/09\/Canaray-IT-Computer-768x576.jpg 768w\" sizes=\"(max-width: 800px) 100vw, 800px\" \/><\/figure>\r\n<\/div>\r\n<\/div>\r\n<\/div>\r\n<\/div>\r\n<\/div>\r\n<\/div>\r\n<\/div>\r\n<\/div>\r\n<\/div>\r\n<\/div>\r\n\r\n\r\n\r\n<div class=\"wp-block-cover is-light wp-duotone-unset-1\" style=\"padding: var(--wp--preset--spacing--xx-large);\"><img decoding=\"async\" width=\"1920\" height=\"495\" class=\"wp-block-cover__image-background wp-image-1656\" src=\"https:\/\/www.signupsoftware.com\/wp-content\/uploads\/2023\/09\/AI-Sphere-CTA.jpg\" alt=\"\" data-object-fit=\"cover\" srcset=\"https:\/\/www.signupsoftware.com\/wp-content\/uploads\/2023\/09\/AI-Sphere-CTA.jpg 1920w, https:\/\/www.signupsoftware.com\/wp-content\/uploads\/2023\/09\/AI-Sphere-CTA-300x77.jpg 300w, https:\/\/www.signupsoftware.com\/wp-content\/uploads\/2023\/09\/AI-Sphere-CTA-1024x264.jpg 1024w, https:\/\/www.signupsoftware.com\/wp-content\/uploads\/2023\/09\/AI-Sphere-CTA-768x198.jpg 768w, https:\/\/www.signupsoftware.com\/wp-content\/uploads\/2023\/09\/AI-Sphere-CTA-1536x396.jpg 1536w\" sizes=\"(max-width: 1920px) 100vw, 1920px\" \/>\r\n<div class=\"wp-block-cover__inner-container has-global-padding is-layout-constrained wp-container-core-cover-is-layout-b4a49c92 wp-block-cover-is-layout-constrained\">\r\n<div class=\"wp-block-klingit-basic-container\" style=\"padding-top: 0; padding-bottom: 0;\">\r\n<div class=\"wp-block-group has-global-padding is-layout-constrained wp-block-group-is-layout-constrained\">\r\n<div class=\"wp-block-columns is-layout-flex wp-container-core-columns-is-layout-28232c24 wp-block-columns-is-layout-flex\">\r\n<div class=\"wp-block-column is-layout-flow wp-block-column-is-layout-flow\" style=\"flex-basis: 66%;\">\r\n<div class=\"wp-block-group has-global-padding is-layout-constrained wp-container-core-group-is-layout-4b99461e wp-block-group-is-layout-constrained\">\r\n<h2 class=\"wp-block-heading has-white-color has-text-color has-heading-font-family has-headline-3-font-size\" style=\"text-transform: uppercase;\">devenez notre partenaire d\u00e8s aujourd&rsquo;hui<\/h2>\r\n\r\n\r\n\r\n<p class=\"has-white-color has-text-color\">Nous comprenons les d\u00e9fis auxquels le bureau du directeur financier est confront\u00e9. Associez-vous \u00e0 nous et am\u00e9liorez d\u00e8s aujourd&rsquo;hui le service financier de vos clients.<\/p>\r\n\r\n\r\n\r\n<div class=\"wp-block-buttons is-layout-flex wp-block-buttons-is-layout-flex\">\r\n<div class=\"wp-block-button cta-button is-style-klingit-button-arrow\"><a class=\"wp-block-button__link has-bg-color has-text-color wp-element-button\" href=\"https:\/\/www.signupsoftware.com\/get-in-touch\/\">CONTACTEZ-NOUS<\/a><\/div>\r\n<\/div>\r\n<\/div>\r\n<\/div>\r\n\r\n\r\n\r\n<div class=\"wp-block-column is-layout-flow wp-block-column-is-layout-flow\">\u00a0<\/div>\r\n<\/div>\r\n<\/div>\r\n<\/div>\r\n<\/div>\r\n<\/div>\r\n","protected":false},"excerpt":{"rendered":"","protected":false},"author":3,"featured_media":0,"parent":0,"menu_order":0,"comment_status":"closed","ping_status":"closed","template":"views\/template-builder.php","meta":{"_acf_changed":false,"om_disable_all_campaigns":false,"footnotes":""},"class_list":["post-46581","page","type-page","status-publish","hentry"],"acf":[],"_links":{"self":[{"href":"https:\/\/www.signupsoftware.com\/fr\/wp-json\/wp\/v2\/pages\/46581","targetHints":{"allow":["GET"]}}],"collection":[{"href":"https:\/\/www.signupsoftware.com\/fr\/wp-json\/wp\/v2\/pages"}],"about":[{"href":"https:\/\/www.signupsoftware.com\/fr\/wp-json\/wp\/v2\/types\/page"}],"author":[{"embeddable":true,"href":"https:\/\/www.signupsoftware.com\/fr\/wp-json\/wp\/v2\/users\/3"}],"replies":[{"embeddable":true,"href":"https:\/\/www.signupsoftware.com\/fr\/wp-json\/wp\/v2\/comments?post=46581"}],"version-history":[{"count":2,"href":"https:\/\/www.signupsoftware.com\/fr\/wp-json\/wp\/v2\/pages\/46581\/revisions"}],"predecessor-version":[{"id":46586,"href":"https:\/\/www.signupsoftware.com\/fr\/wp-json\/wp\/v2\/pages\/46581\/revisions\/46586"}],"wp:attachment":[{"href":"https:\/\/www.signupsoftware.com\/fr\/wp-json\/wp\/v2\/media?parent=46581"}],"curies":[{"name":"wp","href":"https:\/\/api.w.org\/{rel}","templated":true}]}}