
{"id":90196,"date":"2023-09-07T12:58:49","date_gmt":"2023-09-07T10:58:49","guid":{"rendered":"https:\/\/www.signupsoftware.com\/ota-yhteytta\/"},"modified":"2026-03-25T15:21:23","modified_gmt":"2026-03-25T13:21:23","slug":"ota-yhteytta","status":"publish","type":"page","link":"https:\/\/www.signupsoftware.com\/fi\/ota-yhteytta\/","title":{"rendered":"Ota yhteytt\u00e4"},"content":{"rendered":"\r\n<div class=\"wp-block-cover is-light\" style=\"min-height: 90vh;aspect-ratio:unset;\"><img decoding=\"async\" class=\"wp-block-cover__image-background wp-image-772\" src=\"https:\/\/www.signupsoftware.com\/wp-content\/uploads\/2023\/09\/image-.svg\" alt=\"\" data-object-fit=\"cover\" \/>\r\n<div class=\"wp-block-cover__inner-container has-global-padding is-layout-constrained wp-block-cover-is-layout-constrained\">\r\n<div class=\"hide-block-desktop hide-block-tablet\">\r\n<div class=\"wp-block-spacer\" style=\"height: 40px;\" aria-hidden=\"true\">\u00a0<\/div>\r\n<\/div>\r\n\r\n\r\n\r\n<div class=\"wp-block-klingit-basic-container\" style=\"padding-top: var(--wp--preset--spacing--xxx-large); padding-bottom: var(--wp--preset--spacing--xxx-large);\">\r\n<div class=\"wp-block-group has-global-padding is-layout-constrained wp-block-group-is-layout-constrained\">\r\n<div class=\"wp-block-columns are-vertically-aligned-center is-layout-flex wp-container-core-columns-is-layout-010e51cd wp-block-columns-is-layout-flex\">\r\n<div class=\"wp-block-column is-vertically-aligned-center is-layout-flow wp-block-column-is-layout-flow\">\r\n<div class=\"wp-block-group has-global-padding is-content-justification-left is-layout-constrained wp-container-core-group-is-layout-959fc04e wp-block-group-is-layout-constrained\" style=\"border-radius: 15px;\">\r\n<h1 class=\"wp-block-heading has-dark-color has-text-color has-heading-font-family has-headline-2-font-size\" style=\"text-transform: uppercase;\">Ota yhteytt\u00e4<\/h1>\r\n\r\n\r\n\r\n<h4 class=\"wp-block-heading has-dark-color has-text-color has-headline-4-font-size\">Onko sinulla kysytt\u00e4v\u00e4\u00e4 talousprosessien automatisoinnista tai muista ratkaisuistamme? T\u00e4yt\u00e4 lomake, niin otamme sinuun yhteytt\u00e4 mahdollisimman pian.<\/h4>\r\n\r\n\r\n\r\n<p class=\"has-dark-color has-text-color\">Jos sinulla on tukikysymys &#8211; k\u00e4y <a href=\"https:\/\/support.signupsoftware.com\/\" target=\"_blank\" rel=\"noreferrer noopener\" data-type=\"link\" data-id=\"https:\/\/support.signupsoftware.com\/\">tukiportaalissamme<\/a>.<\/p>\r\n<\/div>\r\n<\/div>\r\n\r\n\r\n\r\n<div class=\"wp-block-column is-vertically-aligned-center is-layout-flow wp-block-column-is-layout-flow\">\r\n<div id=\"contact-form\" class=\"wp-block-group has-global-padding is-layout-constrained wp-block-group-is-layout-constrained\">\r\n<div data-form-id=\"30b60e52-d45e-ee11-be6f-00224899352f\" data-form-api-url=\"https:\/\/public-eur.mkt.dynamics.com\/api\/v1.0\/orgs\/42551f9d-bc12-4e02-bc8d-bf434607dcda\/landingpageforms\" data-cached-form-url=\"https:\/\/assets-eur.mkt.dynamics.com\/42551f9d-bc12-4e02-bc8d-bf434607dcda\/digitalassets\/forms\/30b60e52-d45e-ee11-be6f-00224899352f\">\u00a0<\/div>\r\n<script>\r\n    window.dataLayer = window.dataLayer || [];\r\n    window.dataLayer.push({\r\n        'event': 'rtmFormExists'\r\n    });\r\n<\/script> <\/div>\r\n<\/div>\r\n<\/div>\r\n<\/div>\r\n<\/div>\r\n<\/div>\r\n<\/div>\r\n","protected":false},"excerpt":{"rendered":"","protected":false},"author":4,"featured_media":0,"parent":0,"menu_order":0,"comment_status":"closed","ping_status":"closed","template":"views\/template-builder.php","meta":{"_acf_changed":false,"om_disable_all_campaigns":false,"footnotes":""},"class_list":["post-90196","page","type-page","status-publish","hentry"],"acf":[],"_links":{"self":[{"href":"https:\/\/www.signupsoftware.com\/fi\/wp-json\/wp\/v2\/pages\/90196","targetHints":{"allow":["GET"]}}],"collection":[{"href":"https:\/\/www.signupsoftware.com\/fi\/wp-json\/wp\/v2\/pages"}],"about":[{"href":"https:\/\/www.signupsoftware.com\/fi\/wp-json\/wp\/v2\/types\/page"}],"author":[{"embeddable":true,"href":"https:\/\/www.signupsoftware.com\/fi\/wp-json\/wp\/v2\/users\/4"}],"replies":[{"embeddable":true,"href":"https:\/\/www.signupsoftware.com\/fi\/wp-json\/wp\/v2\/comments?post=90196"}],"version-history":[{"count":6,"href":"https:\/\/www.signupsoftware.com\/fi\/wp-json\/wp\/v2\/pages\/90196\/revisions"}],"predecessor-version":[{"id":92385,"href":"https:\/\/www.signupsoftware.com\/fi\/wp-json\/wp\/v2\/pages\/90196\/revisions\/92385"}],"wp:attachment":[{"href":"https:\/\/www.signupsoftware.com\/fi\/wp-json\/wp\/v2\/media?parent=90196"}],"curies":[{"name":"wp","href":"https:\/\/api.w.org\/{rel}","templated":true}]}}