
{"id":90132,"date":"2023-09-19T18:31:58","date_gmt":"2023-09-19T16:31:58","guid":{"rendered":"https:\/\/www.signupsoftware.com\/varaa-esittely\/"},"modified":"2026-03-25T15:01:56","modified_gmt":"2026-03-25T13:01:56","slug":"varaa-esittely","status":"publish","type":"page","link":"https:\/\/www.signupsoftware.com\/fi\/varaa-esittely\/","title":{"rendered":"Varaa esittely"},"content":{"rendered":"\r\n<div class=\"wp-block-cover is-light\" style=\"min-height: 90vh;aspect-ratio:unset;\"><img decoding=\"async\" class=\"wp-block-cover__image-background wp-image-772\" src=\"https:\/\/www.signupsoftware.com\/wp-content\/uploads\/2023\/09\/image-.svg\" alt=\"\" data-object-fit=\"cover\" \/>\r\n<div class=\"wp-block-cover__inner-container has-global-padding is-layout-constrained wp-block-cover-is-layout-constrained\">\r\n<div class=\"wp-block-klingit-basic-container\" style=\"padding-top: var(--wp--preset--spacing--xxx-large); padding-bottom: var(--wp--preset--spacing--xxx-large);\">\r\n<div class=\"wp-block-group has-global-padding is-layout-constrained wp-block-group-is-layout-constrained\">\r\n<div class=\"wp-block-columns is-layout-flex wp-container-core-columns-is-layout-9ce363e0 wp-block-columns-is-layout-flex\" style=\"padding-top: var(--wp--preset--spacing--xx-large);\">\r\n<div class=\"wp-block-column is-layout-flow wp-block-column-is-layout-flow\">\r\n<div class=\"wp-block-group has-global-padding is-layout-constrained wp-container-core-group-is-layout-adbb05e6 wp-block-group-is-layout-constrained\" style=\"border-radius: 15px; padding: var(--wp--preset--spacing--x-large);\">\r\n<h1 class=\"wp-block-heading has-dark-color has-text-color has-heading-font-family\" style=\"text-transform: uppercase;\">VARAA DEMO<\/h1>\r\n\r\n\r\n\r\n<p class=\"has-dark-color has-text-color has-headline-4-font-size\">Varaa nopea esittely, niin kerromme sinulle yksityiskohdat, jotta saat vastauksen kaikkiin kysymyksiisi yhdell\u00e4 istunnolla.<\/p>\r\n\r\n\r\n\r\n<figure class=\"wp-block-image size-full has-custom-border hide-block-mobile\"><img decoding=\"async\" width=\"800\" height=\"600\" class=\"wp-image-2171\" style=\"border-radius: 15px;\" src=\"https:\/\/www.signupsoftware.com\/wp-content\/uploads\/2023\/09\/Snack-vid-dator.jpg\" alt=\"\" srcset=\"https:\/\/www.signupsoftware.com\/wp-content\/uploads\/2023\/09\/Snack-vid-dator.jpg 800w, https:\/\/www.signupsoftware.com\/wp-content\/uploads\/2023\/09\/Snack-vid-dator-300x225.jpg 300w, https:\/\/www.signupsoftware.com\/wp-content\/uploads\/2023\/09\/Snack-vid-dator-768x576.jpg 768w\" sizes=\"(max-width: 800px) 100vw, 800px\" \/><\/figure>\r\n\r\n\r\n\r\n<p class=\"has-dark-color has-text-color has-headline-4-font-size\">T\u00e4\u00e4lt\u00e4 voit my\u00f6s lukea, miten muut yritykset ovat jo parantaneet prosessejaan ExFlow&#8217;n avulla: <a href=\"https:\/\/www.signupsoftware.com\/customer-success-stories\/\" target=\"_blank\" rel=\"noreferrer noopener\" data-type=\"link\" data-id=\"https:\/\/www.signupsoftware.com\/customer-success-stories\/\">Asiakastarinat<\/a><\/p>\r\n<\/div>\r\n<\/div>\r\n\r\n\r\n\r\n<div class=\"wp-block-column is-layout-flow wp-block-column-is-layout-flow\">\r\n<div id=\"book-a-demo\" class=\"wp-block-group has-global-padding is-layout-constrained wp-block-group-is-layout-constrained\">\r\n<div data-form-id=\"5480ea7a-1957-ee11-be6f-002248993591\" data-form-api-url=\"https:\/\/public-eur.mkt.dynamics.com\/api\/v1.0\/orgs\/42551f9d-bc12-4e02-bc8d-bf434607dcda\/landingpageforms\" data-cached-form-url=\"https:\/\/assets-eur.mkt.dynamics.com\/42551f9d-bc12-4e02-bc8d-bf434607dcda\/digitalassets\/forms\/5480ea7a-1957-ee11-be6f-002248993591\">\u00a0<\/div>\r\n<script>\r\n    window.dataLayer = window.dataLayer || [];\r\n    window.dataLayer.push({\r\n        'event': 'rtmFormExists'\r\n    });\r\n<\/script> <script>\r\n    window.dataLayer = window.dataLayer || [];\r\n    window.dataLayer.push({\r\n        'event': 'productFieldsExist'\r\n    });\r\n<\/script> <\/div>\r\n<\/div>\r\n<\/div>\r\n<\/div>\r\n<\/div>\r\n<\/div>\r\n<\/div>\r\n","protected":false},"excerpt":{"rendered":"","protected":false},"author":6,"featured_media":0,"parent":0,"menu_order":0,"comment_status":"closed","ping_status":"closed","template":"views\/template-builder.php","meta":{"_acf_changed":false,"om_disable_all_campaigns":false,"footnotes":""},"class_list":["post-90132","page","type-page","status-publish","hentry"],"acf":[],"_links":{"self":[{"href":"https:\/\/www.signupsoftware.com\/fi\/wp-json\/wp\/v2\/pages\/90132","targetHints":{"allow":["GET"]}}],"collection":[{"href":"https:\/\/www.signupsoftware.com\/fi\/wp-json\/wp\/v2\/pages"}],"about":[{"href":"https:\/\/www.signupsoftware.com\/fi\/wp-json\/wp\/v2\/types\/page"}],"author":[{"embeddable":true,"href":"https:\/\/www.signupsoftware.com\/fi\/wp-json\/wp\/v2\/users\/6"}],"replies":[{"embeddable":true,"href":"https:\/\/www.signupsoftware.com\/fi\/wp-json\/wp\/v2\/comments?post=90132"}],"version-history":[{"count":3,"href":"https:\/\/www.signupsoftware.com\/fi\/wp-json\/wp\/v2\/pages\/90132\/revisions"}],"predecessor-version":[{"id":92369,"href":"https:\/\/www.signupsoftware.com\/fi\/wp-json\/wp\/v2\/pages\/90132\/revisions\/92369"}],"wp:attachment":[{"href":"https:\/\/www.signupsoftware.com\/fi\/wp-json\/wp\/v2\/media?parent=90132"}],"curies":[{"name":"wp","href":"https:\/\/api.w.org\/{rel}","templated":true}]}}