
{"id":89934,"date":"2023-09-20T13:33:32","date_gmt":"2023-09-20T11:33:32","guid":{"rendered":"https:\/\/www.signupsoftware.com\/why-partner-with-us\/"},"modified":"2025-11-28T09:06:56","modified_gmt":"2025-11-28T07:06:56","slug":"miksi-lahtea-kumppaniksi","status":"publish","type":"page","link":"https:\/\/www.signupsoftware.com\/fi\/miksi-lahtea-kumppaniksi\/","title":{"rendered":"Liity kumppaniksi"},"content":{"rendered":"\r\n<div class=\"wp-block-cover is-light\" style=\"padding-top: 0; padding-bottom: 0; min-height: 429px;aspect-ratio:unset;\"><img decoding=\"async\" width=\"1920\" height=\"1080\" class=\"wp-block-cover__image-background wp-image-1002\" src=\"https:\/\/www.signupsoftware.com\/wp-content\/uploads\/2023\/09\/Hero-1.jpg\" alt=\"\" data-object-fit=\"cover\" srcset=\"https:\/\/www.signupsoftware.com\/wp-content\/uploads\/2023\/09\/Hero-1.jpg 1920w, https:\/\/www.signupsoftware.com\/wp-content\/uploads\/2023\/09\/Hero-1-300x169.jpg 300w, https:\/\/www.signupsoftware.com\/wp-content\/uploads\/2023\/09\/Hero-1-1024x576.jpg 1024w, https:\/\/www.signupsoftware.com\/wp-content\/uploads\/2023\/09\/Hero-1-768x432.jpg 768w, https:\/\/www.signupsoftware.com\/wp-content\/uploads\/2023\/09\/Hero-1-1536x864.jpg 1536w\" sizes=\"(max-width: 1920px) 100vw, 1920px\" \/>\r\n<div class=\"wp-block-cover__inner-container has-global-padding is-layout-constrained wp-block-cover-is-layout-constrained\">\r\n<div class=\"wp-block-klingit-basic-container\" style=\"padding-top: 0; padding-bottom: 0;\">\r\n<div class=\"wp-block-group has-global-padding is-layout-constrained wp-container-core-group-is-layout-0a40ad45 wp-block-group-is-layout-constrained\" style=\"margin-top: 0; margin-bottom: 0; padding: var(--wp--preset--spacing--header-height) 0 var(--wp--preset--spacing--xx-large) 0;\"><div class=\"has-link-color wp-elements-8d0320252430c040c29ed5109ac205f5 wp-block-klingit-basic-breadcrumbs has-text-color has-white-color\"><a href=\"https:\/\/www.signupsoftware.com\/fi\/\">Kotisivu<\/a><svg width='7' height='12' viewBox='0 0 7 12' fill='none' xmlns='http:\/\/www.w3.org\/2000\/svg'><path d='M4.125 6.26796L-4.12126e-07 2.14295L1.17833 0.964621L6.48167 6.26796L1.17833 11.5713L-5.15066e-08 10.393L4.125 6.26796Z' fill='currentColor'\/><\/svg>Page<\/div>\r\n\r\n\r\n<div class=\"wp-block-group has-global-padding is-layout-constrained wp-block-group-is-layout-constrained\">\r\n<div class=\"wp-block-columns is-layout-flex wp-container-core-columns-is-layout-28232c24 wp-block-columns-is-layout-flex\">\r\n<div class=\"wp-block-column is-layout-flow wp-block-column-is-layout-flow\" style=\"flex-basis: 60%;\">\r\n<div class=\"wp-block-group has-global-padding is-layout-constrained wp-container-core-group-is-layout-4b99461e wp-block-group-is-layout-constrained\">\r\n<h1 class=\"wp-block-heading has-white-color has-text-color\" style=\"text-transform: uppercase;\">MIKSI TEHD\u00c4 YHTEISTY\u00d6T\u00c4 KANSSAMME?<\/h1>\r\n<\/div>\r\n<\/div>\r\n\r\n\r\n\r\n<div class=\"wp-block-column is-layout-flow wp-block-column-is-layout-flow\">\r\n<div class=\"klingit-basic-video\">\r\n<figure class=\"wp-block-video\"><video src=\"https:\/\/www.signupsoftware.com\/wp-content\/uploads\/2023\/12\/Ref.-case-Sprint-365-SignUp-Logo.mp4\" controls=\"controls\" width=\"300\" height=\"150\"><\/video><\/figure>\r\n<\/div>\r\n<\/div>\r\n<\/div>\r\n<\/div>\r\n<\/div>\r\n<\/div>\r\n<\/div>\r\n<\/div>\r\n\r\n\r\n\r\n<div class=\"wp-block-klingit-basic-container\">\r\n<div class=\"wp-block-group has-light-background-color has-background has-global-padding is-layout-constrained wp-container-core-group-is-layout-7ebc0e98 wp-block-group-is-layout-constrained\" style=\"padding-top: var(--wp--preset--spacing--xx-large); padding-bottom: var(--wp--preset--spacing--xx-large);\">\r\n<div class=\"wp-block-klingit-basic-container\" style=\"padding-top: 0; padding-bottom: 0;\">\r\n<div class=\"wp-block-group has-global-padding is-layout-constrained wp-container-core-group-is-layout-14bb0406 wp-block-group-is-layout-constrained\">\r\n<div class=\"wp-block-group has-global-padding is-layout-constrained wp-block-group-is-layout-constrained\">\r\n<div class=\"wp-block-columns are-vertically-aligned-center is-layout-flex wp-container-core-columns-is-layout-250227d7 wp-block-columns-is-layout-flex\">\r\n<div class=\"wp-block-column is-vertically-aligned-center is-layout-flow wp-block-column-is-layout-flow\">\r\n<div class=\"wp-block-group has-global-padding is-content-justification-left is-layout-constrained wp-container-core-group-is-layout-e4007db9 wp-block-group-is-layout-constrained\">\r\n<h2 class=\"wp-block-heading has-body-font-family has-headline-3-font-size\" style=\"text-transform: uppercase;\">TOIMINTATAPAMME<\/h2>\r\n\r\n\r\n\r\n<p>SignUp Software perustettiin vuonna 1999, ja ExFlow otettiin k\u00e4ytt\u00f6\u00f6n vuonna 2003. Meille t\u00e4rkeit\u00e4 ovat todelliset suhteet ja se, ett\u00e4 kumppanimme ja asiakkaamme ovat tyytyv\u00e4isi\u00e4. Olemme saavuttaneet vahvan maineen Microsoft Dynamics -yhteis\u00f6ss\u00e4 talousprosessien automatisointiin liittyvill\u00e4 ratkaisuillamme ja olemme aina valmiita tekem\u00e4\u00e4n yhteisty\u00f6t\u00e4 kumppaneidemme kanssa. Tiimimme asettaa asiakkaan aina etusijalle ja t\u00e4ht\u00e4\u00e4 pikavoittojen sijaan pitk\u00e4n aikav\u00e4lin menestykseen. Paikalliset tiimimme ovat valmiina auttamaan, joten olemme aina paikalla, kun kumppanimme tarvitsevat meit\u00e4.<\/p>\r\n<\/div>\r\n<\/div>\r\n\r\n\r\n\r\n<div class=\"wp-block-column is-vertically-aligned-center is-layout-flow wp-block-column-is-layout-flow\">\r\n<figure class=\"wp-block-image size-full has-custom-border\"><img decoding=\"async\" width=\"800\" height=\"600\" class=\"wp-image-1001\" style=\"border-radius: 10px;\" src=\"https:\/\/www.signupsoftware.com\/wp-content\/uploads\/2023\/09\/SignUp-Office-1.jpg\" alt=\"\" srcset=\"https:\/\/www.signupsoftware.com\/wp-content\/uploads\/2023\/09\/SignUp-Office-1.jpg 800w, https:\/\/www.signupsoftware.com\/wp-content\/uploads\/2023\/09\/SignUp-Office-1-300x225.jpg 300w, https:\/\/www.signupsoftware.com\/wp-content\/uploads\/2023\/09\/SignUp-Office-1-768x576.jpg 768w\" sizes=\"(max-width: 800px) 100vw, 800px\" \/><\/figure>\r\n<\/div>\r\n<\/div>\r\n<\/div>\r\n\r\n\r\n\r\n<div class=\"wp-block-group has-global-padding is-layout-constrained wp-block-group-is-layout-constrained\">\r\n<div class=\"reverse-columns\">\r\n<div class=\"wp-block-columns are-vertically-aligned-center is-layout-flex wp-container-core-columns-is-layout-250227d7 wp-block-columns-is-layout-flex\">\r\n<div class=\"wp-block-column is-vertically-aligned-center is-layout-flow wp-block-column-is-layout-flow\">\r\n<figure class=\"wp-block-image size-full has-custom-border\"><img decoding=\"async\" width=\"800\" height=\"600\" class=\"wp-image-1013\" style=\"border-radius: 10px;\" src=\"https:\/\/www.signupsoftware.com\/wp-content\/uploads\/2023\/09\/Office-Workshop.jpg\" alt=\"\" srcset=\"https:\/\/www.signupsoftware.com\/wp-content\/uploads\/2023\/09\/Office-Workshop.jpg 800w, https:\/\/www.signupsoftware.com\/wp-content\/uploads\/2023\/09\/Office-Workshop-300x225.jpg 300w, https:\/\/www.signupsoftware.com\/wp-content\/uploads\/2023\/09\/Office-Workshop-768x576.jpg 768w\" sizes=\"(max-width: 800px) 100vw, 800px\" \/><\/figure>\r\n<\/div>\r\n\r\n\r\n\r\n<div class=\"wp-block-column is-vertically-aligned-center is-layout-flow wp-block-column-is-layout-flow\">\r\n<div class=\"wp-block-group has-global-padding is-content-justification-left is-layout-constrained wp-container-core-group-is-layout-e4007db9 wp-block-group-is-layout-constrained\">\r\n<h2 class=\"wp-block-heading has-body-font-family has-headline-3-font-size\" style=\"text-transform: uppercase;\">Teemme el\u00e4m\u00e4st\u00e4 helpompaa asiakkaillesi.<\/h2>\r\n\r\n\r\n\r\n<p>Ratkaisumme perustuvat Dynamics 365:een ja hy\u00f6dynt\u00e4v\u00e4t Azure-palveluja, mik\u00e4 tarjoaa tutun ymp\u00e4rist\u00f6n sek\u00e4 k\u00e4ytt\u00e4jille ett\u00e4 konsulteille. T\u00e4m\u00e4 tarkoittaa, ett\u00e4 integraatioita ei tarvita, mik\u00e4 takaa helppok\u00e4ytt\u00f6isyyden ja lyhyen oppimisk\u00e4yr\u00e4n. Se tekee siit\u00e4 edullisen valinnan sek\u00e4 yrityksille ett\u00e4 konsulteille.<\/p>\r\n<\/div>\r\n<\/div>\r\n<\/div>\r\n<\/div>\r\n<\/div>\r\n\r\n\r\n\r\n<div class=\"wp-block-group has-global-padding is-layout-constrained wp-block-group-is-layout-constrained\">\r\n<div class=\"wp-block-columns are-vertically-aligned-center is-layout-flex wp-container-core-columns-is-layout-250227d7 wp-block-columns-is-layout-flex\">\r\n<div class=\"wp-block-column is-vertically-aligned-center is-layout-flow wp-block-column-is-layout-flow\">\r\n<div class=\"wp-block-group has-global-padding is-content-justification-left is-layout-constrained wp-container-core-group-is-layout-e4007db9 wp-block-group-is-layout-constrained\">\r\n<h2 class=\"wp-block-heading has-body-font-family has-headline-3-font-size\" style=\"text-transform: uppercase;\">YLI KAHDEN VUOSIKYMMENEN TIET\u00c4MYS<\/h2>\r\n\r\n\r\n\r\n<p>SignUp erottuu muista yli kahden vuosikymmenen laajalla kokemuksellaan. Meilt\u00e4 et saa pelkk\u00e4\u00e4 ratkaisu- ja palveluntarjoajaa, vaan kumppanin, joka ymm\u00e4rt\u00e4\u00e4 sinua ja kulkee rinnallasi. SignUpista kumppanit saavat enemm\u00e4n kuin pelk\u00e4n liiketoimintasopimuksen, he l\u00f6yt\u00e4v\u00e4t luotettavan yhteisty\u00f6kumppanin. SignUpista kumppanit saavat enemm\u00e4n kuin pelk\u00e4n liiketoimintasopimuksen, he l\u00f6yt\u00e4v\u00e4t luotettavan yhteisty\u00f6kumppanin.<\/p>\r\n<\/div>\r\n<\/div>\r\n\r\n\r\n\r\n<div class=\"wp-block-column is-vertically-aligned-center is-layout-flow wp-block-column-is-layout-flow\">\r\n<figure class=\"wp-block-image size-full has-custom-border\"><img decoding=\"async\" width=\"800\" height=\"600\" class=\"wp-image-1014\" style=\"border-radius: 10px;\" src=\"https:\/\/www.signupsoftware.com\/wp-content\/uploads\/2023\/09\/Office-Computer-Work.jpg\" alt=\"\" srcset=\"https:\/\/www.signupsoftware.com\/wp-content\/uploads\/2023\/09\/Office-Computer-Work.jpg 800w, https:\/\/www.signupsoftware.com\/wp-content\/uploads\/2023\/09\/Office-Computer-Work-300x225.jpg 300w, https:\/\/www.signupsoftware.com\/wp-content\/uploads\/2023\/09\/Office-Computer-Work-768x576.jpg 768w\" sizes=\"(max-width: 800px) 100vw, 800px\" \/><\/figure>\r\n<\/div>\r\n<\/div>\r\n<\/div>\r\n<\/div>\r\n<\/div>\r\n<\/div>\r\n<\/div>\r\n\r\n\r\n\r\n<div class=\"wp-block-cover is-light\" style=\"min-height: 100vh; padding: var(--wp--preset--spacing--x-large);aspect-ratio:unset;\"><img decoding=\"async\" class=\"wp-block-cover__image-background wp-image-330\" src=\"https:\/\/www.signupsoftware.com\/wp-content\/uploads\/2023\/09\/Timeline-Block-2-1440-px.svg\" alt=\"\" data-object-fit=\"cover\" \/>\r\n<div class=\"wp-block-cover__inner-container has-global-padding is-layout-constrained wp-container-core-cover-is-layout-403a6700 wp-block-cover-is-layout-constrained\">\r\n<div class=\"wp-block-klingit-basic-container\" style=\"padding-top: 0; padding-bottom: 0;\">\r\n<div class=\"wp-block-group has-global-padding is-layout-constrained wp-block-group-is-layout-constrained\">\r\n<div class=\"wp-block-columns is-layout-flex wp-container-core-columns-is-layout-28232c24 wp-block-columns-is-layout-flex\">\r\n<div class=\"wp-block-column is-layout-flow wp-block-column-is-layout-flow\">\r\n<div class=\"wp-block-group has-global-padding is-layout-constrained wp-container-core-group-is-layout-4b99461e wp-block-group-is-layout-constrained\">\r\n<h2 class=\"wp-block-heading has-dark-color has-text-color has-heading-font-family\" style=\"text-transform: uppercase;\">sanoja joiltakin yhteisty\u00f6kumppaneiltamme<\/h2>\r\n<\/div>\r\n<\/div>\r\n<\/div>\r\n<\/div>\r\n<\/div>\r\n\r\n\r\n\r\n<div class=\"wp-block-klingit-basic-timeline timeline-block splide\" data-autoplay-duration=\"15\">\r\n<div class=\"container container-before\">\r\n<div class=\"timeline-controls timeline-controls-left\">\r\n<div class=\"timeline-counter\"><span class=\"timeline-current-slide\" style=\"color: var(--wp--preset--color--dark);\">01<\/span><span style=\"color: var(--wp--preset--color--dark);\">\/<\/span><span class=\"timeline-total-slides\" style=\"color: #ddddec;\">01<\/span><\/div>\r\n<div class=\"timeline-arrows splide__arrows\">\r\n<div class=\"timeline-arrow-left splide__arrow splide__arrow--prev\">\u00a0<\/div>\r\n<div class=\"timeline-arrow-right splide__arrow splide__arrow--next\">\u00a0<\/div>\r\n<\/div>\r\n<\/div>\r\n<\/div>\r\n<div class=\"splide__track\">\r\n<div class=\"splide__list\">\r\n<div class=\"wp-block-group is-layout-flow wp-block-group-is-layout-flow\">\r\n<div class=\"wp-block-klingit-basic-container\" style=\"padding-top: var(--wp--preset--spacing--x-small); padding-bottom: var(--wp--preset--spacing--x-small);\">\r\n<div class=\"wp-block-group has-global-padding is-layout-constrained wp-block-group-is-layout-constrained\">\r\n<div class=\"wp-block-columns are-vertically-aligned-center is-layout-flex wp-container-core-columns-is-layout-00f84694 wp-block-columns-is-layout-flex\">\r\n<div class=\"wp-block-column is-vertically-aligned-center is-layout-flow wp-block-column-is-layout-flow\">\r\n<div class=\"wp-block-group has-global-padding is-content-justification-left is-layout-constrained wp-container-core-group-is-layout-05ad6237 wp-block-group-is-layout-constrained\">\r\n<h3 class=\"wp-block-heading has-heading-font-family\" style=\"text-transform: uppercase;\">DATACOM<\/h3>\r\n\r\n\r\n\r\n<p>&#8220;Datacomin D365 Finance &amp; Operations -tiimi tekee yhteisty\u00f6t\u00e4 vain parhaiden kanssa varmistaakseen erinomaiset asiakastulokset. Markkinajohtajana kokonaisvaltaisessa AP-automaatiossa SignUp Softwaren ExFlow oli looginen valinta yhteisty\u00f6kumppaniksi toimittajalaskujen k\u00e4sittelyyn.&#8221;<\/p>\r\n\r\n\r\n\r\n<h5 class=\"wp-block-heading\" style=\"font-style: normal; font-weight: bold;\">&#8211; Diana Ismagilova, tiiminvet\u00e4j\u00e4 App D365 Finance &amp; Operations<\/h5>\r\n<\/div>\r\n<\/div>\r\n\r\n\r\n\r\n<div class=\"wp-block-column is-vertically-aligned-center is-layout-flow wp-block-column-is-layout-flow\">\r\n<figure class=\"wp-block-image size-full has-custom-border is-style-default\"><img decoding=\"async\" width=\"800\" height=\"600\" class=\"wp-image-1007\" style=\"border-radius: 30px; aspect-ratio: 4\/3; object-fit: cover;\" src=\"https:\/\/www.signupsoftware.com\/wp-content\/uploads\/2023\/09\/Diana-Ismagilova-Datacom.jpg\" alt=\"\" srcset=\"https:\/\/www.signupsoftware.com\/wp-content\/uploads\/2023\/09\/Diana-Ismagilova-Datacom.jpg 800w, https:\/\/www.signupsoftware.com\/wp-content\/uploads\/2023\/09\/Diana-Ismagilova-Datacom-300x225.jpg 300w, https:\/\/www.signupsoftware.com\/wp-content\/uploads\/2023\/09\/Diana-Ismagilova-Datacom-768x576.jpg 768w\" sizes=\"(max-width: 800px) 100vw, 800px\" \/><\/figure>\r\n<\/div>\r\n<\/div>\r\n<\/div>\r\n<\/div>\r\n<\/div>\r\n\r\n\r\n\r\n<div class=\"wp-block-group is-layout-flow wp-block-group-is-layout-flow\">\r\n<div class=\"wp-block-klingit-basic-container\" style=\"padding-top: var(--wp--preset--spacing--x-small); padding-bottom: var(--wp--preset--spacing--x-small);\">\r\n<div class=\"wp-block-group has-global-padding is-layout-constrained wp-block-group-is-layout-constrained\">\r\n<div class=\"wp-block-columns are-vertically-aligned-center is-layout-flex wp-container-core-columns-is-layout-00f84694 wp-block-columns-is-layout-flex\">\r\n<div class=\"wp-block-column is-vertically-aligned-center is-layout-flow wp-block-column-is-layout-flow\">\r\n<div class=\"wp-block-group has-global-padding is-content-justification-left is-layout-constrained wp-container-core-group-is-layout-05ad6237 wp-block-group-is-layout-constrained\">\r\n<h3 class=\"wp-block-heading has-heading-font-family\" style=\"text-transform: uppercase;\">Inbiz<\/h3>\r\n\r\n\r\n\r\n<p>&#8220;Olemme ty\u00f6skennelleet vuosien varrella monien s\u00e4hk\u00f6isten laskutusj\u00e4rjestelmien kanssa, ja ExFlow AP Automation -ratkaisu on osoittautunut kerta toisensa j\u00e4lkeen alan luotettavimmaksi ratkaisuksi.&#8221;<\/p>\r\n\r\n\r\n\r\n<h5 class=\"wp-block-heading\" style=\"font-style: normal; font-weight: bold;\">&#8211; Carsten Heiter, toimitusjohtaja, Microsoft Dynamics BC -asiantuntija, InBiz<\/h5>\r\n<\/div>\r\n<\/div>\r\n\r\n\r\n\r\n<div class=\"wp-block-column is-vertically-aligned-center is-layout-flow wp-block-column-is-layout-flow\">\r\n<figure class=\"wp-block-image size-full has-custom-border is-style-default\"><img decoding=\"async\" width=\"800\" height=\"600\" class=\"wp-image-1009\" style=\"border-radius: 30px; aspect-ratio: 4\/3; object-fit: cover;\" src=\"https:\/\/www.signupsoftware.com\/wp-content\/uploads\/2023\/09\/InBiz-Muggbild.jpg\" alt=\"\" srcset=\"https:\/\/www.signupsoftware.com\/wp-content\/uploads\/2023\/09\/InBiz-Muggbild.jpg 800w, https:\/\/www.signupsoftware.com\/wp-content\/uploads\/2023\/09\/InBiz-Muggbild-300x225.jpg 300w, https:\/\/www.signupsoftware.com\/wp-content\/uploads\/2023\/09\/InBiz-Muggbild-768x576.jpg 768w\" sizes=\"(max-width: 800px) 100vw, 800px\" \/><\/figure>\r\n<\/div>\r\n<\/div>\r\n<\/div>\r\n<\/div>\r\n<\/div>\r\n\r\n\r\n\r\n<div class=\"wp-block-group is-layout-flow wp-block-group-is-layout-flow\">\r\n<div class=\"wp-block-klingit-basic-container\" style=\"padding-top: var(--wp--preset--spacing--x-small); padding-bottom: var(--wp--preset--spacing--x-small);\">\r\n<div class=\"wp-block-group has-global-padding is-layout-constrained wp-block-group-is-layout-constrained\">\r\n<div class=\"wp-block-columns are-vertically-aligned-center is-layout-flex wp-container-core-columns-is-layout-00f84694 wp-block-columns-is-layout-flex\">\r\n<div class=\"wp-block-column is-vertically-aligned-center is-layout-flow wp-block-column-is-layout-flow\">\r\n<div class=\"wp-block-group has-global-padding is-content-justification-left is-layout-constrained wp-container-core-group-is-layout-05ad6237 wp-block-group-is-layout-constrained\">\r\n<h3 class=\"wp-block-heading has-heading-font-family\" style=\"text-transform: uppercase;\">Canary teknologiaratkaisut<\/h3>\r\n\r\n\r\n\r\n<p>&#8220;Laajentamalla D365BC:n luonnollisia ominaisuuksia LS Centralin ja ExFlow&#8217;n kaltaisilla huippuluokan ratkaisuilla v\u00e4hitt\u00e4iskaupan yritykset voivat virtaviivaistaa ja automatisoida muutoin manuaalisia teht\u00e4vi\u00e4 ja saavuttaa ennenn\u00e4kem\u00e4tt\u00f6m\u00e4n tehokkuuden taloustoiminnoissaan.&#8221;<\/p>\r\n\r\n\r\n\r\n<h5 class=\"wp-block-heading\" style=\"font-style: normal; font-weight: bold;\">&#8211; Darren Jerrett, v\u00e4hitt\u00e4iskaupan p\u00e4\u00e4llikk\u00f6, Canary IT<\/h5>\r\n<\/div>\r\n<\/div>\r\n\r\n\r\n\r\n<div class=\"wp-block-column is-vertically-aligned-center is-layout-flow wp-block-column-is-layout-flow\">\r\n<figure class=\"wp-block-image size-full has-custom-border is-style-default\"><img decoding=\"async\" width=\"800\" height=\"600\" class=\"wp-image-1010\" style=\"border-radius: 30px; aspect-ratio: 4\/3; object-fit: cover;\" src=\"https:\/\/www.signupsoftware.com\/wp-content\/uploads\/2023\/09\/Canaray-IT-Computer.jpg\" alt=\"\" srcset=\"https:\/\/www.signupsoftware.com\/wp-content\/uploads\/2023\/09\/Canaray-IT-Computer.jpg 800w, https:\/\/www.signupsoftware.com\/wp-content\/uploads\/2023\/09\/Canaray-IT-Computer-300x225.jpg 300w, https:\/\/www.signupsoftware.com\/wp-content\/uploads\/2023\/09\/Canaray-IT-Computer-768x576.jpg 768w\" sizes=\"(max-width: 800px) 100vw, 800px\" \/><\/figure>\r\n<\/div>\r\n<\/div>\r\n<\/div>\r\n<\/div>\r\n<\/div>\r\n<\/div>\r\n<\/div>\r\n<\/div>\r\n<\/div>\r\n<\/div>\r\n\r\n\r\n\r\n<div class=\"wp-block-cover is-light wp-duotone-unset-1\" style=\"padding: var(--wp--preset--spacing--xx-large);\"><img decoding=\"async\" width=\"1920\" height=\"495\" class=\"wp-block-cover__image-background wp-image-1656\" src=\"https:\/\/www.signupsoftware.com\/wp-content\/uploads\/2023\/09\/AI-Sphere-CTA.jpg\" alt=\"\" data-object-fit=\"cover\" srcset=\"https:\/\/www.signupsoftware.com\/wp-content\/uploads\/2023\/09\/AI-Sphere-CTA.jpg 1920w, https:\/\/www.signupsoftware.com\/wp-content\/uploads\/2023\/09\/AI-Sphere-CTA-300x77.jpg 300w, https:\/\/www.signupsoftware.com\/wp-content\/uploads\/2023\/09\/AI-Sphere-CTA-1024x264.jpg 1024w, https:\/\/www.signupsoftware.com\/wp-content\/uploads\/2023\/09\/AI-Sphere-CTA-768x198.jpg 768w, https:\/\/www.signupsoftware.com\/wp-content\/uploads\/2023\/09\/AI-Sphere-CTA-1536x396.jpg 1536w\" sizes=\"(max-width: 1920px) 100vw, 1920px\" \/>\r\n<div class=\"wp-block-cover__inner-container has-global-padding is-layout-constrained wp-container-core-cover-is-layout-b4a49c92 wp-block-cover-is-layout-constrained\">\r\n<div class=\"wp-block-klingit-basic-container\" style=\"padding-top: 0; padding-bottom: 0;\">\r\n<div class=\"wp-block-group has-global-padding is-layout-constrained wp-block-group-is-layout-constrained\">\r\n<div class=\"wp-block-columns is-layout-flex wp-container-core-columns-is-layout-28232c24 wp-block-columns-is-layout-flex\">\r\n<div class=\"wp-block-column is-layout-flow wp-block-column-is-layout-flow\" style=\"flex-basis: 66%;\">\r\n<div class=\"wp-block-group has-global-padding is-layout-constrained wp-container-core-group-is-layout-4b99461e wp-block-group-is-layout-constrained\">\r\n<h2 class=\"wp-block-heading has-white-color has-text-color has-heading-font-family has-headline-3-font-size\" style=\"text-transform: uppercase;\">kumppani kanssamme t\u00e4n\u00e4\u00e4n<\/h2>\r\n\r\n\r\n\r\n<p class=\"has-white-color has-text-color\">Ymm\u00e4rr\u00e4mme talousjohtajan toimiston haasteet. Tee yhteisty\u00f6t\u00e4 kanssamme ja tehosta asiakkaidesi talousosastoa jo t\u00e4n\u00e4\u00e4n.<\/p>\r\n\r\n\r\n\r\n<div class=\"wp-block-buttons is-layout-flex wp-block-buttons-is-layout-flex\">\r\n<div class=\"wp-block-button cta-button is-style-klingit-button-arrow\"><a class=\"wp-block-button__link has-bg-color has-text-color wp-element-button\" href=\"https:\/\/www.signupsoftware.com\/fi\/?page_id=90196\">OTA YHTEYTT\u00c4<\/a><\/div>\r\n<\/div>\r\n<\/div>\r\n<\/div>\r\n\r\n\r\n\r\n<div class=\"wp-block-column is-layout-flow wp-block-column-is-layout-flow\">\u00a0<\/div>\r\n<\/div>\r\n<\/div>\r\n<\/div>\r\n<\/div>\r\n<\/div>\r\n","protected":false},"excerpt":{"rendered":"","protected":false},"author":3,"featured_media":0,"parent":0,"menu_order":0,"comment_status":"closed","ping_status":"closed","template":"views\/template-builder.php","meta":{"_acf_changed":false,"om_disable_all_campaigns":false,"footnotes":""},"class_list":["post-89934","page","type-page","status-publish","hentry"],"acf":[],"_links":{"self":[{"href":"https:\/\/www.signupsoftware.com\/fi\/wp-json\/wp\/v2\/pages\/89934","targetHints":{"allow":["GET"]}}],"collection":[{"href":"https:\/\/www.signupsoftware.com\/fi\/wp-json\/wp\/v2\/pages"}],"about":[{"href":"https:\/\/www.signupsoftware.com\/fi\/wp-json\/wp\/v2\/types\/page"}],"author":[{"embeddable":true,"href":"https:\/\/www.signupsoftware.com\/fi\/wp-json\/wp\/v2\/users\/3"}],"replies":[{"embeddable":true,"href":"https:\/\/www.signupsoftware.com\/fi\/wp-json\/wp\/v2\/comments?post=89934"}],"version-history":[{"count":8,"href":"https:\/\/www.signupsoftware.com\/fi\/wp-json\/wp\/v2\/pages\/89934\/revisions"}],"predecessor-version":[{"id":91514,"href":"https:\/\/www.signupsoftware.com\/fi\/wp-json\/wp\/v2\/pages\/89934\/revisions\/91514"}],"wp:attachment":[{"href":"https:\/\/www.signupsoftware.com\/fi\/wp-json\/wp\/v2\/media?parent=89934"}],"curies":[{"name":"wp","href":"https:\/\/api.w.org\/{rel}","templated":true}]}}