
{"id":88945,"date":"2023-09-07T12:39:23","date_gmt":"2023-09-07T10:39:23","guid":{"rendered":"https:\/\/www.signupsoftware.com\/fi-meista\/"},"modified":"2025-11-28T09:07:31","modified_gmt":"2025-11-28T07:07:31","slug":"meista","status":"publish","type":"page","link":"https:\/\/www.signupsoftware.com\/fi\/meista\/","title":{"rendered":"Tietoa meist\u00e4"},"content":{"rendered":"\r\n<div class=\"wp-block-cover is-light\" style=\"padding-top: 0; padding-bottom: 0; min-height: 429px;aspect-ratio:unset;\"><img decoding=\"async\" width=\"1920\" height=\"1080\" class=\"wp-block-cover__image-background wp-image-1678\" src=\"https:\/\/www.signupsoftware.com\/wp-content\/uploads\/2023\/09\/Hero-2.jpg\" alt=\"\" data-object-fit=\"cover\" srcset=\"https:\/\/www.signupsoftware.com\/wp-content\/uploads\/2023\/09\/Hero-2.jpg 1920w, https:\/\/www.signupsoftware.com\/wp-content\/uploads\/2023\/09\/Hero-2-300x169.jpg 300w, https:\/\/www.signupsoftware.com\/wp-content\/uploads\/2023\/09\/Hero-2-1024x576.jpg 1024w, https:\/\/www.signupsoftware.com\/wp-content\/uploads\/2023\/09\/Hero-2-768x432.jpg 768w, https:\/\/www.signupsoftware.com\/wp-content\/uploads\/2023\/09\/Hero-2-1536x864.jpg 1536w\" sizes=\"(max-width: 1920px) 100vw, 1920px\" \/>\r\n<div class=\"wp-block-cover__inner-container has-global-padding is-layout-constrained wp-block-cover-is-layout-constrained\">\r\n<div class=\"wp-block-klingit-basic-container\" style=\"padding-top: 0; padding-bottom: 0;\">\r\n<div class=\"wp-block-group has-global-padding is-layout-constrained wp-container-core-group-is-layout-0a40ad45 wp-block-group-is-layout-constrained\" style=\"margin-top: 0; margin-bottom: 0; padding: var(--wp--preset--spacing--header-height) 0 var(--wp--preset--spacing--xx-large) 0;\"><div class=\"has-link-color wp-elements-8d0320252430c040c29ed5109ac205f5 wp-block-klingit-basic-breadcrumbs has-text-color has-white-color\"><a href=\"https:\/\/www.signupsoftware.com\/fi\/\">Kotisivu<\/a><svg width='7' height='12' viewBox='0 0 7 12' fill='none' xmlns='http:\/\/www.w3.org\/2000\/svg'><path d='M4.125 6.26796L-4.12126e-07 2.14295L1.17833 0.964621L6.48167 6.26796L1.17833 11.5713L-5.15066e-08 10.393L4.125 6.26796Z' fill='currentColor'\/><\/svg>Page<\/div>\r\n\r\n\r\n<div class=\"wp-block-group has-global-padding is-layout-constrained wp-block-group-is-layout-constrained\">\r\n<div class=\"wp-block-columns is-layout-flex wp-container-core-columns-is-layout-28232c24 wp-block-columns-is-layout-flex\">\r\n<div class=\"wp-block-column is-layout-flow wp-block-column-is-layout-flow\">\r\n<div class=\"wp-block-group has-global-padding is-layout-constrained wp-container-core-group-is-layout-4b99461e wp-block-group-is-layout-constrained\">\r\n<h1 class=\"wp-block-heading has-white-color has-text-color\" style=\"text-transform: uppercase;\">Tietoa meist\u00e4<\/h1>\r\n\r\n\r\n\r\n<p class=\"has-white-color has-text-color\">SignUp Software perustettiin vuonna 1999, ja ExFlow otettiin k\u00e4ytt\u00f6\u00f6n vuonna 2003. Vuosien varrella SignUp Software on saavuttanut vahvan maineen Microsoft Dynamics -yhteis\u00f6ss\u00e4 rahoitusprosessien automatisointiin liittyvill\u00e4 ratkaisuillaan.<\/p>\r\n<\/div>\r\n<\/div>\r\n\r\n\r\n\r\n<div class=\"wp-block-column is-layout-flow wp-block-column-is-layout-flow\">\u00a0<\/div>\r\n<\/div>\r\n<\/div>\r\n<\/div>\r\n<\/div>\r\n<\/div>\r\n<\/div>\r\n\r\n\r\n\r\n<div class=\"wp-block-cover is-light\"><img decoding=\"async\" class=\"wp-block-cover__image-background wp-image-735\" src=\"https:\/\/www.signupsoftware.com\/wp-content\/uploads\/2023\/09\/Image-1.svg\" alt=\"\" data-object-fit=\"cover\" \/>\r\n<div class=\"wp-block-cover__inner-container has-global-padding is-layout-constrained wp-block-cover-is-layout-constrained\">\r\n<div class=\"wp-block-group has-global-padding is-layout-constrained wp-container-core-group-is-layout-7ebc0e98 wp-block-group-is-layout-constrained\" style=\"padding-top: var(--wp--preset--spacing--xx-large); padding-bottom: var(--wp--preset--spacing--xx-large);\">\r\n<div class=\"wp-block-klingit-basic-container\" style=\"padding-top: 0; padding-bottom: 0;\">\r\n<div class=\"wp-block-group has-global-padding is-layout-constrained wp-container-core-group-is-layout-14bb0406 wp-block-group-is-layout-constrained\">\r\n<div class=\"wp-block-group has-global-padding is-layout-constrained wp-block-group-is-layout-constrained\">\r\n<div class=\"wp-block-columns are-vertically-aligned-center reverse-columns is-layout-flex wp-container-core-columns-is-layout-250227d7 wp-block-columns-is-layout-flex\">\r\n<div class=\"wp-block-column is-vertically-aligned-center is-layout-flow wp-block-column-is-layout-flow\">\r\n<figure class=\"wp-block-image size-full has-custom-border\"><img decoding=\"async\" width=\"800\" height=\"600\" class=\"wp-image-1464\" style=\"border-radius: 15px;\" src=\"https:\/\/www.signupsoftware.com\/wp-content\/uploads\/2023\/09\/AI-Sphere-2.jpg\" alt=\"\" srcset=\"https:\/\/www.signupsoftware.com\/wp-content\/uploads\/2023\/09\/AI-Sphere-2.jpg 800w, https:\/\/www.signupsoftware.com\/wp-content\/uploads\/2023\/09\/AI-Sphere-2-300x225.jpg 300w, https:\/\/www.signupsoftware.com\/wp-content\/uploads\/2023\/09\/AI-Sphere-2-768x576.jpg 768w\" sizes=\"(max-width: 800px) 100vw, 800px\" \/><\/figure>\r\n<\/div>\r\n\r\n\r\n\r\n<div class=\"wp-block-column is-vertically-aligned-center is-layout-flow wp-block-column-is-layout-flow\">\r\n<div class=\"wp-block-group has-global-padding is-content-justification-left is-layout-constrained wp-container-core-group-is-layout-e4007db9 wp-block-group-is-layout-constrained\">\r\n<h2 class=\"wp-block-heading has-body-font-family has-headline-2-font-size\" style=\"text-transform: uppercase;\">Ratkaisumme<\/h2>\r\n\r\n\r\n\r\n<p>ExFlow-tuotevalikoiman ratkaisut ovat sis\u00e4\u00e4nrakennettuja Microsoft Dynamics 365:een ja hy\u00f6dynt\u00e4v\u00e4t Azure-palveluja, jotka on suunniteltu erityisesti talousjohtajan toimistolle.<\/p>\r\n\r\n\r\n\r\n<p>SignUp Software toimii t\u00e4ll\u00e4 hetkell\u00e4 Ruotsissa (jossa sen p\u00e4\u00e4konttori sijaitsee), Tanskassa, Norjassa, Suomessa, Alankomaissa, Espanjassa, Isossa-Britanniassa, Yhdysvalloissa, Kanadassa, Singaporessa ja Australiassa, ja sill\u00e4 on kumppanuuksia yli 100 j\u00e4lleenmyyj\u00e4n kanssa maailmanlaajuisesti. Maailmanlaajuisesti yli 1 500 asiakasta luottaa ExFlow&#8217;hun talousprosessiensa tehostamisessa yli 60 maassa.<\/p>\r\n<\/div>\r\n<\/div>\r\n<\/div>\r\n<\/div>\r\n\r\n\r\n\r\n<div class=\"wp-block-group has-global-padding is-content-justification-left is-layout-constrained wp-container-core-group-is-layout-12dd3699 wp-block-group-is-layout-constrained\">\r\n<div class=\"wp-block-group has-global-padding is-layout-constrained wp-block-group-is-layout-constrained\">\r\n<div class=\"wp-block-columns are-vertically-aligned-center reverse-columns is-layout-flex wp-container-core-columns-is-layout-250227d7 wp-block-columns-is-layout-flex\">\r\n<div class=\"wp-block-column is-vertically-aligned-center is-layout-flow wp-block-column-is-layout-flow\">\r\n<div class=\"wp-block-group has-global-padding is-content-justification-left is-layout-constrained wp-container-core-group-is-layout-e4007db9 wp-block-group-is-layout-constrained\">\r\n<h2 class=\"wp-block-heading has-body-font-family has-headline-2-font-size\" style=\"text-transform: uppercase;\">YLI KAHDEN VUOSIKYMMENEN TIET\u00c4MYS<\/h2>\r\n\r\n\r\n\r\n<p>SignUpille on ominaista laaja, yli kahden vuosikymmenen kokemus. T\u00e4m\u00e4 historia auttaa meit\u00e4 ymm\u00e4rt\u00e4m\u00e4\u00e4n talousjohtajan toimiston haasteita. Meilt\u00e4 et saa pelkk\u00e4\u00e4 ratkaisu- ja palveluntarjoajaa, vaan kumppanin, joka ymm\u00e4rt\u00e4\u00e4 sinua ja kulkee rinnallasi. SignUpista kumppanit saavat enemm\u00e4n kuin pelk\u00e4n liiketoimintasopimuksen, he l\u00f6yt\u00e4v\u00e4t luotettavan yhteisty\u00f6kumppanin.<\/p>\r\n<\/div>\r\n<\/div>\r\n\r\n\r\n\r\n<div class=\"wp-block-column is-vertically-aligned-center is-layout-flow wp-block-column-is-layout-flow\">\r\n<figure class=\"wp-block-image size-full has-custom-border\"><img decoding=\"async\" width=\"800\" height=\"600\" class=\"wp-image-1465\" style=\"border-radius: 15px;\" src=\"https:\/\/www.signupsoftware.com\/wp-content\/uploads\/2023\/09\/AI-Corall-1.jpg\" alt=\"\" srcset=\"https:\/\/www.signupsoftware.com\/wp-content\/uploads\/2023\/09\/AI-Corall-1.jpg 800w, https:\/\/www.signupsoftware.com\/wp-content\/uploads\/2023\/09\/AI-Corall-1-300x225.jpg 300w, https:\/\/www.signupsoftware.com\/wp-content\/uploads\/2023\/09\/AI-Corall-1-768x576.jpg 768w\" sizes=\"(max-width: 800px) 100vw, 800px\" \/><\/figure>\r\n<\/div>\r\n<\/div>\r\n<\/div>\r\n<\/div>\r\n<\/div>\r\n<\/div>\r\n<\/div>\r\n\r\n\r\n\r\n<div class=\"wp-block-group has-global-padding is-layout-constrained wp-block-group-is-layout-constrained\">\r\n<h2 class=\"wp-block-heading has-text-align-center\" style=\"text-transform: uppercase;\">Maailmanlaajuinen l\u00e4sn\u00e4olo<\/h2>\r\n\r\n\r\n\r\n<h3 class=\"wp-block-heading has-text-align-center\">Meill\u00e4 on tiimej\u00e4 ja toimistoja ymp\u00e4ri maailmaa<\/h3>\r\n\r\n\r\n\r\n<div class=\"wp-block-klingit-basic-container\">\r\n<div class=\"wp-block-columns is-layout-flex wp-container-core-columns-is-layout-010e51cd wp-block-columns-is-layout-flex\">\r\n<div class=\"wp-block-column is-layout-flow wp-block-column-is-layout-flow\">\r\n<div class=\"wp-block-group hover-background has-gray-background-color has-background is-vertical is-content-justification-stretch is-layout-flex wp-container-core-group-is-layout-b95265bd wp-block-group-is-layout-flex\" style=\"border-radius: 15px; padding: var(--wp--preset--spacing--large);\">\r\n<h2 class=\"wp-block-heading has-text-align-left has-dark-color has-text-color has-heading-font-family has-headline-4-font-size\" style=\"font-style: normal; font-weight: bold; text-transform: uppercase;\">Ruotsi (p\u00e4\u00e4maja)<\/h2>\r\n\r\n\r\n\r\n<p><strong>SignUp Software AB<br \/><\/strong>Evenemangsgatan 2c<br \/>169 79 Solna, Ruotsi<br \/>Tel: + 46 8 5678 00 00<br \/>info@signupsoftware.com<\/p>\r\n\r\n\r\n\r\n<p>Rekisterinumero: 556570-9721<br \/>alv-numero: SE556570972101<br \/>D-U-N-S-numero: 632899860<br \/>GLN-numero: 7300009057672.<\/p>\r\n\r\n\r\n\r\n<p><strong>L\u00e4het\u00e4 toimittajan laskut osoitteeseen: <\/strong>invoice@signupsoftware.com<br \/><strong>Kysymykset rahoitukselle: finance@signupsoftware.com. <\/strong><\/p>\r\n<\/div>\r\n<\/div>\r\n\r\n\r\n\r\n<div class=\"wp-block-column is-layout-flow wp-block-column-is-layout-flow\">\r\n<div class=\"wp-block-group hover-background has-gray-background-color has-background is-vertical is-content-justification-stretch is-layout-flex wp-container-core-group-is-layout-b95265bd wp-block-group-is-layout-flex\" style=\"border-radius: 15px; padding: var(--wp--preset--spacing--large);\">\r\n<h2 class=\"wp-block-heading has-text-align-left has-dark-color has-text-color has-heading-font-family has-headline-4-font-size\" style=\"font-style: normal; font-weight: bold; text-transform: uppercase;\">Tanska<\/h2>\r\n\r\n\r\n\r\n<p><strong>SignUp Software Denmark ApS<\/strong><br \/>Lyngbyvej 2, 3. sal<br \/>2100 K\u00f8benhavn \u00d8, Tanska<br \/>Tel: +45 70 20 17 44<br \/>info@signupsoftware.com<\/p>\r\n\r\n\r\n\r\n<p>Rekisterinumero: 37049697<br \/>ALV-numero: DK37049697.<\/p>\r\n\r\n\r\n\r\n<p><strong>L\u00e4het\u00e4 toimittajan laskut osoitteeseen: <\/strong>invoice.dk@signupsoftware.com<br \/><strong>Kysymykset rahoitukselle: finance.dk@signupsoftware.com. <\/strong><\/p>\r\n<\/div>\r\n<\/div>\r\n\r\n\r\n\r\n<div class=\"wp-block-column is-layout-flow wp-block-column-is-layout-flow\">\r\n<div class=\"wp-block-group hover-background has-gray-background-color has-background is-vertical is-content-justification-stretch is-layout-flex wp-container-core-group-is-layout-b95265bd wp-block-group-is-layout-flex\" style=\"border-radius: 15px; padding: var(--wp--preset--spacing--large);\">\r\n<h2 class=\"wp-block-heading has-text-align-left has-dark-color has-text-color has-heading-font-family has-headline-4-font-size\" style=\"font-style: normal; font-weight: bold; text-transform: uppercase;\">Benelux-maat<\/h2>\r\n\r\n\r\n\r\n<p><strong>SignUp Software Benelux B.V.<br \/><\/strong>Den Bullick 7<br \/>4051 HB, Ochten, Alankomaat<br \/>Tel: +31 648 497 497 497<br \/>info@signupsoftware.com<\/p>\r\n\r\n\r\n\r\n<p>Rekisterinumero: 82069506<br \/>ALV-numero: NL862324816B01.<\/p>\r\n\r\n\r\n\r\n<p><strong>L\u00e4het\u00e4 toimittajan laskut osoitteeseen: <\/strong>invoice.nl@signupsoftware.com<br \/><strong>Kysymykset rahoitukselle: finance.nl@signupsoftware.com. <\/strong><\/p>\r\n<\/div>\r\n<\/div>\r\n<\/div>\r\n\r\n\r\n\r\n<div class=\"wp-block-columns is-layout-flex wp-container-core-columns-is-layout-010e51cd wp-block-columns-is-layout-flex\">\r\n<div class=\"wp-block-column is-layout-flow wp-block-column-is-layout-flow\">\r\n<div class=\"wp-block-group hover-background has-gray-background-color has-background is-vertical is-content-justification-stretch is-layout-flex wp-container-core-group-is-layout-b95265bd wp-block-group-is-layout-flex\" style=\"border-radius: 15px; padding: var(--wp--preset--spacing--large);\">\r\n<h2 class=\"wp-block-heading has-text-align-left has-dark-color has-text-color has-heading-font-family has-headline-4-font-size\" style=\"font-style: normal; font-weight: bold; text-transform: uppercase;\"><strong>Yhdistynyt kuningaskunta ja Irlanti<\/strong><\/h2>\r\n\r\n\r\n\r\n<p><strong>SignUp Software UK Ltd<\/strong><br \/>Richmond Bridge House<br \/>419 Richmond Road<br \/>Twickenham<br \/>Middlesex TW1 2EX<br \/>info@signupsoftware.com<\/p>\r\n\r\n\r\n\r\n<p>Rekisterinumero: 14520333<br \/>ALV-numero: GB438966832.<\/p>\r\n\r\n\r\n\r\n<p><strong>L\u00e4het\u00e4 toimittajan laskut osoitteeseen: <\/strong>invoice.uk@signupsoftware.com<br \/><strong>Kysymykset rahoitukselle: finance.uk@signupsoftware.com. <\/strong><\/p>\r\n<\/div>\r\n<\/div>\r\n\r\n\r\n\r\n<div class=\"wp-block-column is-layout-flow wp-block-column-is-layout-flow\">\r\n<div class=\"wp-block-group hover-background has-gray-background-color has-background is-vertical is-content-justification-stretch is-layout-flex wp-container-core-group-is-layout-b95265bd wp-block-group-is-layout-flex\" style=\"border-radius: 15px; padding: var(--wp--preset--spacing--large);\">\r\n<h2 class=\"wp-block-heading has-text-align-left has-dark-color has-text-color has-heading-font-family has-headline-4-font-size\" style=\"font-style: normal; font-weight: bold; text-transform: uppercase;\"><strong>Espanja ja Portugali<\/strong><\/h2>\r\n\r\n\r\n\r\n<p><strong>SignUp Software<br \/><\/strong>Calle de Los Girasoles 2, (apt. 625)<br \/>296 30 Benalmadena, Espanja<br \/>Puh: +46705087136<\/p>\r\n\r\n\r\n\r\n<p><strong>L\u00e4het\u00e4 toimittajan laskut osoitteeseen: <\/strong>invoice@signupsoftware.com<br \/><strong>Kysymykset rahoitukselle: finance@signupsoftware.com. <\/strong><\/p>\r\n<\/div>\r\n<\/div>\r\n\r\n\r\n\r\n<div class=\"wp-block-column is-layout-flow wp-block-column-is-layout-flow\">\r\n<div class=\"wp-block-group hover-background has-gray-background-color has-background is-vertical is-content-justification-stretch is-layout-flex wp-container-core-group-is-layout-b95265bd wp-block-group-is-layout-flex\" style=\"border-radius: 15px; padding: var(--wp--preset--spacing--large);\">\r\n<h2 class=\"wp-block-heading has-text-align-left has-dark-color has-text-color has-heading-font-family has-headline-4-font-size\" style=\"font-style: normal; font-weight: bold; text-transform: uppercase;\">Yhdysvallat ja Kanada<\/h2>\r\n\r\n\r\n\r\n<p><strong>SignUp Software Inc<br \/><\/strong>3500 South DuPont Highway, Suite DN 101<br \/>Dover, DE 19901, USA<br \/>Tel: +1 (833) 206 2675<br \/>info@signupsoftware.com info@signupsoftware.com<\/p>\r\n\r\n\r\n\r\n<p>Rekisterinumero: 5981590<br \/>D-U-N-S-numero: 118303844.<\/p>\r\n\r\n\r\n\r\n<p><strong>L\u00e4het\u00e4 toimittajan laskut osoitteeseen: <\/strong>invoice.us@signupsoftware.com<br \/><strong>Kysymykset rahoitukselle: finance.us@signupsoftware.com. <\/strong><\/p>\r\n<\/div>\r\n<\/div>\r\n<\/div>\r\n\r\n\r\n\r\n<div class=\"wp-block-columns is-layout-flex wp-container-core-columns-is-layout-010e51cd wp-block-columns-is-layout-flex\">\r\n<div class=\"wp-block-column is-layout-flow wp-block-column-is-layout-flow\">\r\n<div class=\"wp-block-group hover-background has-gray-background-color has-background is-vertical is-content-justification-stretch is-layout-flex wp-container-core-group-is-layout-b95265bd wp-block-group-is-layout-flex\" style=\"border-radius: 15px; padding: var(--wp--preset--spacing--large);\">\r\n<h2 class=\"wp-block-heading has-text-align-left has-dark-color has-text-color has-heading-font-family has-headline-4-font-size\" style=\"font-style: normal; font-weight: bold; text-transform: uppercase;\"><strong>Australia<\/strong><\/h2>\r\n\r\n\r\n\r\n<p><strong>SignUp Software Pty LTD<br \/><\/strong>Suite 10.03, Level 10, 50 Berry Street<br \/>North Sydney NSW 2060, Australia<br \/>Tel: +61 2 8069 8977<br \/>info@signupsoftware.com<\/p>\r\n\r\n\r\n\r\n<p>Australian yritysnumero: 142 812 646<\/p>\r\n\r\n\r\n\r\n<p><strong>L\u00e4het\u00e4 toimittajan laskut osoitteeseen: <\/strong>invoice.au@signupsoftware.com<br \/><strong>Kysymykset rahoitukselle: finance.au@signupsoftware.com.<\/strong><\/p>\r\n<\/div>\r\n<\/div>\r\n\r\n\r\n\r\n<div class=\"wp-block-column is-layout-flow wp-block-column-is-layout-flow\">\r\n<div class=\"wp-block-group hover-background has-gray-background-color has-background is-vertical is-content-justification-stretch is-layout-flex wp-container-core-group-is-layout-b95265bd wp-block-group-is-layout-flex\" style=\"border-radius: 15px; padding: var(--wp--preset--spacing--large);\">\r\n<h2 class=\"wp-block-heading has-text-align-left has-dark-color has-text-color has-heading-font-family has-headline-4-font-size\" style=\"font-style: normal; font-weight: bold; text-transform: uppercase;\"><strong>singapore<\/strong><\/h2>\r\n\r\n\r\n\r\n<p><strong>SignUp Software Pte Ltd<\/strong><br \/>7 Temasek Boulevard #12-07<br \/>Suntec Tower One<br \/>Singapore 038987<br \/>info@signupsoftware.com Singapore 038987 info@signupsoftware.com<\/p>\r\n\r\n\r\n\r\n<p><strong>L\u00e4het\u00e4 toimittajan laskut osoitteeseen:<\/strong> invoice.SG@signupsoftware.com<br \/><strong>Kysymykset rahoitukselle: finance.SG@signupsoftware.com. <\/strong><\/p>\r\n<\/div>\r\n<\/div>\r\n\r\n\r\n\r\n<div class=\"wp-block-column is-layout-flow wp-block-column-is-layout-flow\">\r\n<div class=\"wp-block-group hover-background has-gray-background-color has-background is-vertical is-content-justification-stretch is-layout-flex wp-container-core-group-is-layout-b95265bd wp-block-group-is-layout-flex\" style=\"border-radius: 15px; padding: var(--wp--preset--spacing--large);\">\r\n<h2 class=\"wp-block-heading has-text-align-left has-dark-color has-text-color has-heading-font-family has-headline-4-font-size\" style=\"font-style: normal; font-weight: bold; text-transform: uppercase;\"><strong>SUOMI<\/strong><\/h2>\r\n\r\n\r\n\r\n<p><strong>SignUp Software Finland Oy Ab<br \/><\/strong>Hiomotie 10 FI-00380<br \/>FI-00380 Helsinki<br \/>Tel: +358 40 581 9078<br \/>info@signupsoftware.com<\/p>\r\n\r\n\r\n\r\n<p>alv-numero: FI32999162<\/p>\r\n\r\n\r\n\r\n<p>&nbsp;<\/p>\r\n<\/div>\r\n<\/div>\r\n<\/div>\r\n\r\n\r\n\r\n<div class=\"wp-block-columns is-layout-flex wp-container-core-columns-is-layout-010e51cd wp-block-columns-is-layout-flex\">\r\n<div class=\"wp-block-column is-layout-flow wp-block-column-is-layout-flow\">\r\n<div class=\"wp-block-group hover-background has-gray-background-color has-background is-vertical is-content-justification-stretch is-layout-flex wp-container-core-group-is-layout-b95265bd wp-block-group-is-layout-flex\" style=\"border-radius: 15px; padding: var(--wp--preset--spacing--large);\">\r\n<h2 class=\"wp-block-heading has-text-align-left has-dark-color has-text-color has-heading-font-family has-headline-4-font-size\" style=\"font-style: normal; font-weight: bold; text-transform: uppercase;\"><strong>Alankomaat (Laajennus)<\/strong><\/h2>\r\n\r\n\r\n\r\n<p><strong>Axtension B.V<\/strong><br \/>Noorderpoort 9D, <br \/>5916 PJ Venlo, Alankomaat.<\/p>\r\n\r\n\r\n\r\n<p>Puhelin: +31 77 323 2622<\/p>\r\n<\/div>\r\n<\/div>\r\n<\/div>\r\n<\/div>\r\n<\/div>\r\n<\/div>\r\n<\/div>\r\n\r\n\r\n\r\n<div class=\"wp-block-cover is-light\" style=\"padding: var(--wp--preset--spacing--xx-large);\"><img decoding=\"async\" width=\"1920\" height=\"495\" class=\"wp-block-cover__image-background wp-image-1656\" src=\"https:\/\/www.signupsoftware.com\/wp-content\/uploads\/2023\/09\/AI-Sphere-CTA.jpg\" alt=\"\" data-object-fit=\"cover\" srcset=\"https:\/\/www.signupsoftware.com\/wp-content\/uploads\/2023\/09\/AI-Sphere-CTA.jpg 1920w, https:\/\/www.signupsoftware.com\/wp-content\/uploads\/2023\/09\/AI-Sphere-CTA-300x77.jpg 300w, https:\/\/www.signupsoftware.com\/wp-content\/uploads\/2023\/09\/AI-Sphere-CTA-1024x264.jpg 1024w, https:\/\/www.signupsoftware.com\/wp-content\/uploads\/2023\/09\/AI-Sphere-CTA-768x198.jpg 768w, https:\/\/www.signupsoftware.com\/wp-content\/uploads\/2023\/09\/AI-Sphere-CTA-1536x396.jpg 1536w\" sizes=\"(max-width: 1920px) 100vw, 1920px\" \/>\r\n<div class=\"wp-block-cover__inner-container has-global-padding is-layout-constrained wp-container-core-cover-is-layout-b4a49c92 wp-block-cover-is-layout-constrained\">\r\n<div class=\"wp-block-klingit-basic-container\" style=\"padding-top: 0; padding-bottom: 0;\">\r\n<div class=\"wp-block-group has-global-padding is-layout-constrained wp-block-group-is-layout-constrained\">\r\n<div class=\"wp-block-columns is-layout-flex wp-container-core-columns-is-layout-28232c24 wp-block-columns-is-layout-flex\">\r\n<div class=\"wp-block-column is-layout-flow wp-block-column-is-layout-flow\">\r\n<div class=\"wp-block-group has-global-padding is-layout-constrained wp-container-core-group-is-layout-4b99461e wp-block-group-is-layout-constrained\">\r\n<h2 class=\"wp-block-heading has-white-color has-text-color has-heading-font-family\" style=\"text-transform: uppercase;\">Onko sinulla kysytt\u00e4v\u00e4\u00e4?<\/h2>\r\n\r\n\r\n\r\n<p class=\"has-white-color has-text-color\">Ota yhteytt\u00e4 meihin, jos haluat lis\u00e4tietoja talousprosessien automatisoinnista ja talousjohtajan toimistolle suunnitelluista ratkaisuista.<\/p>\r\n\r\n\r\n\r\n<div class=\"wp-block-buttons is-layout-flex wp-block-buttons-is-layout-flex\">\r\n<div class=\"wp-block-button cta-button is-style-klingit-button-arrow\"><a class=\"wp-block-button__link has-bg-color has-text-color wp-element-button\" href=\"https:\/\/www.signupsoftware.com\/fi\/?page_id=90196\">OTA YHTEYTT\u00c4<\/a><\/div>\r\n<\/div>\r\n<\/div>\r\n<\/div>\r\n\r\n\r\n\r\n<div class=\"wp-block-column is-layout-flow wp-block-column-is-layout-flow\">\u00a0<\/div>\r\n<\/div>\r\n<\/div>\r\n<\/div>\r\n<\/div>\r\n<\/div>\r\n","protected":false},"excerpt":{"rendered":"","protected":false},"author":4,"featured_media":0,"parent":0,"menu_order":0,"comment_status":"closed","ping_status":"closed","template":"views\/template-builder.php","meta":{"_acf_changed":false,"om_disable_all_campaigns":false,"footnotes":""},"class_list":["post-88945","page","type-page","status-publish","hentry"],"acf":[],"_links":{"self":[{"href":"https:\/\/www.signupsoftware.com\/fi\/wp-json\/wp\/v2\/pages\/88945","targetHints":{"allow":["GET"]}}],"collection":[{"href":"https:\/\/www.signupsoftware.com\/fi\/wp-json\/wp\/v2\/pages"}],"about":[{"href":"https:\/\/www.signupsoftware.com\/fi\/wp-json\/wp\/v2\/types\/page"}],"author":[{"embeddable":true,"href":"https:\/\/www.signupsoftware.com\/fi\/wp-json\/wp\/v2\/users\/4"}],"replies":[{"embeddable":true,"href":"https:\/\/www.signupsoftware.com\/fi\/wp-json\/wp\/v2\/comments?post=88945"}],"version-history":[{"count":7,"href":"https:\/\/www.signupsoftware.com\/fi\/wp-json\/wp\/v2\/pages\/88945\/revisions"}],"predecessor-version":[{"id":91224,"href":"https:\/\/www.signupsoftware.com\/fi\/wp-json\/wp\/v2\/pages\/88945\/revisions\/91224"}],"wp:attachment":[{"href":"https:\/\/www.signupsoftware.com\/fi\/wp-json\/wp\/v2\/media?parent=88945"}],"curies":[{"name":"wp","href":"https:\/\/api.w.org\/{rel}","templated":true}]}}