
{"id":10263,"date":"2023-09-20T13:33:32","date_gmt":"2023-09-20T11:33:32","guid":{"rendered":"https:\/\/www.signupsoftware.com\/warum-eine-partnerschaft-mit-uns\/"},"modified":"2025-02-06T13:01:25","modified_gmt":"2025-02-06T11:01:25","slug":"warum-partner-mit-uns","status":"publish","type":"page","link":"https:\/\/www.signupsoftware.com\/de\/warum-partner-mit-uns\/","title":{"rendered":"Warum eine Partnerschaft mit uns?"},"content":{"rendered":"\r\n<div class=\"wp-block-cover is-light\" style=\"padding-top: 0; padding-bottom: 0; min-height: 429px;aspect-ratio:unset;\"><img decoding=\"async\" width=\"1920\" height=\"1080\" class=\"wp-block-cover__image-background wp-image-1002\" src=\"https:\/\/www.signupsoftware.com\/wp-content\/uploads\/2023\/09\/Hero-1.jpg\" alt=\"\" data-object-fit=\"cover\" srcset=\"https:\/\/www.signupsoftware.com\/wp-content\/uploads\/2023\/09\/Hero-1.jpg 1920w, https:\/\/www.signupsoftware.com\/wp-content\/uploads\/2023\/09\/Hero-1-300x169.jpg 300w, https:\/\/www.signupsoftware.com\/wp-content\/uploads\/2023\/09\/Hero-1-1024x576.jpg 1024w, https:\/\/www.signupsoftware.com\/wp-content\/uploads\/2023\/09\/Hero-1-768x432.jpg 768w, https:\/\/www.signupsoftware.com\/wp-content\/uploads\/2023\/09\/Hero-1-1536x864.jpg 1536w\" sizes=\"(max-width: 1920px) 100vw, 1920px\" \/>\r\n<div class=\"wp-block-cover__inner-container has-global-padding is-layout-constrained wp-block-cover-is-layout-constrained\">\r\n<div class=\"wp-block-klingit-basic-container\" style=\"padding-top: 0; padding-bottom: 0;\">\r\n<div class=\"wp-block-group has-global-padding is-layout-constrained wp-container-core-group-is-layout-0a40ad45 wp-block-group-is-layout-constrained\" style=\"margin-top: 0; margin-bottom: 0; padding: var(--wp--preset--spacing--header-height) 0 var(--wp--preset--spacing--xx-large) 0;\"><div class=\"has-link-color wp-elements-8d0320252430c040c29ed5109ac205f5 wp-block-klingit-basic-breadcrumbs has-text-color has-white-color\"><a href=\"https:\/\/www.signupsoftware.com\/de\/\">Homepage<\/a><svg width='7' height='12' viewBox='0 0 7 12' fill='none' xmlns='http:\/\/www.w3.org\/2000\/svg'><path d='M4.125 6.26796L-4.12126e-07 2.14295L1.17833 0.964621L6.48167 6.26796L1.17833 11.5713L-5.15066e-08 10.393L4.125 6.26796Z' fill='currentColor'\/><\/svg>Seite<\/div>\r\n\r\n\r\n<div class=\"wp-block-group has-global-padding is-layout-constrained wp-block-group-is-layout-constrained\">\r\n<div class=\"wp-block-columns is-layout-flex wp-container-core-columns-is-layout-28232c24 wp-block-columns-is-layout-flex\">\r\n<div class=\"wp-block-column is-layout-flow wp-block-column-is-layout-flow\" style=\"flex-basis: 60%;\">\r\n<div class=\"wp-block-group has-global-padding is-layout-constrained wp-container-core-group-is-layout-4b99461e wp-block-group-is-layout-constrained\">\r\n<h1 class=\"wp-block-heading has-white-color has-text-color\" style=\"text-transform: uppercase;\">WARUM EINE PARTNERSCHAFT MIT UNS?<\/h1>\r\n<\/div>\r\n<\/div>\r\n\r\n\r\n\r\n<div class=\"wp-block-column is-layout-flow wp-block-column-is-layout-flow\">\r\n<div class=\"klingit-basic-video\">\r\n<figure class=\"wp-block-video\"><video src=\"https:\/\/www.signupsoftware.com\/wp-content\/uploads\/2023\/12\/Ref.-case-Sprint-365-SignUp-Logo.mp4\" controls=\"controls\" width=\"300\" height=\"150\"><\/video><\/figure>\r\n<\/div>\r\n<\/div>\r\n<\/div>\r\n<\/div>\r\n<\/div>\r\n<\/div>\r\n<\/div>\r\n<\/div>\r\n\r\n\r\n\r\n<div class=\"wp-block-klingit-basic-container\">\r\n<div class=\"wp-block-group has-light-background-color has-background has-global-padding is-layout-constrained wp-container-core-group-is-layout-7ebc0e98 wp-block-group-is-layout-constrained\" style=\"padding-top: var(--wp--preset--spacing--xx-large); padding-bottom: var(--wp--preset--spacing--xx-large);\">\r\n<div class=\"wp-block-klingit-basic-container\" style=\"padding-top: 0; padding-bottom: 0;\">\r\n<div class=\"wp-block-group has-global-padding is-layout-constrained wp-container-core-group-is-layout-14bb0406 wp-block-group-is-layout-constrained\">\r\n<div class=\"wp-block-group has-global-padding is-layout-constrained wp-block-group-is-layout-constrained\">\r\n<div class=\"wp-block-columns are-vertically-aligned-center is-layout-flex wp-container-core-columns-is-layout-250227d7 wp-block-columns-is-layout-flex\">\r\n<div class=\"wp-block-column is-vertically-aligned-center is-layout-flow wp-block-column-is-layout-flow\">\r\n<div class=\"wp-block-group has-global-padding is-content-justification-left is-layout-constrained wp-container-core-group-is-layout-e4007db9 wp-block-group-is-layout-constrained\">\r\n<h2 class=\"wp-block-heading has-body-font-family has-headline-3-font-size\" style=\"text-transform: uppercase;\">UNSERE ARBEITSWEISE<\/h2>\r\n\r\n\r\n\r\n<p>SignUp Software wurde 1999 gegr\u00fcndet und f\u00fchrte 2003 ExFlow ein. Bei uns geht es um echte Beziehungen und darum, dass unsere Partner und Kunden zufrieden sind. Wir haben uns in der Microsoft Dynamics-Community einen guten Ruf f\u00fcr unsere L\u00f6sungen zur Automatisierung von Finanzprozessen erworben und sind immer bereit, mit unseren Partnern zusammenzuarbeiten. F\u00fcr unser Team steht der Kunde immer an erster Stelle. Wir streben nach langfristigem Erfolg und nicht nach schnellen Gewinnen. Und mit unseren lokalen Teams, die bereit sind, einzuspringen und zu helfen, stellen wir sicher, dass wir immer da sind, wenn unsere Partner uns brauchen.<\/p>\r\n<\/div>\r\n<\/div>\r\n\r\n\r\n\r\n<div class=\"wp-block-column is-vertically-aligned-center is-layout-flow wp-block-column-is-layout-flow\">\r\n<figure class=\"wp-block-image size-full has-custom-border\"><img decoding=\"async\" width=\"800\" height=\"600\" class=\"wp-image-1001\" style=\"border-radius: 10px;\" src=\"https:\/\/www.signupsoftware.com\/wp-content\/uploads\/2023\/09\/SignUp-Office-1.jpg\" alt=\"\" srcset=\"https:\/\/www.signupsoftware.com\/wp-content\/uploads\/2023\/09\/SignUp-Office-1.jpg 800w, https:\/\/www.signupsoftware.com\/wp-content\/uploads\/2023\/09\/SignUp-Office-1-300x225.jpg 300w, https:\/\/www.signupsoftware.com\/wp-content\/uploads\/2023\/09\/SignUp-Office-1-768x576.jpg 768w\" sizes=\"(max-width: 800px) 100vw, 800px\" \/><\/figure>\r\n<\/div>\r\n<\/div>\r\n<\/div>\r\n\r\n\r\n\r\n<div class=\"wp-block-group has-global-padding is-layout-constrained wp-block-group-is-layout-constrained\">\r\n<div class=\"reverse-columns\">\r\n<div class=\"wp-block-columns are-vertically-aligned-center is-layout-flex wp-container-core-columns-is-layout-250227d7 wp-block-columns-is-layout-flex\">\r\n<div class=\"wp-block-column is-vertically-aligned-center is-layout-flow wp-block-column-is-layout-flow\">\r\n<figure class=\"wp-block-image size-full has-custom-border\"><img decoding=\"async\" width=\"800\" height=\"600\" class=\"wp-image-1013\" style=\"border-radius: 10px;\" src=\"https:\/\/www.signupsoftware.com\/wp-content\/uploads\/2023\/09\/Office-Workshop.jpg\" alt=\"\" srcset=\"https:\/\/www.signupsoftware.com\/wp-content\/uploads\/2023\/09\/Office-Workshop.jpg 800w, https:\/\/www.signupsoftware.com\/wp-content\/uploads\/2023\/09\/Office-Workshop-300x225.jpg 300w, https:\/\/www.signupsoftware.com\/wp-content\/uploads\/2023\/09\/Office-Workshop-768x576.jpg 768w\" sizes=\"(max-width: 800px) 100vw, 800px\" \/><\/figure>\r\n<\/div>\r\n\r\n\r\n\r\n<div class=\"wp-block-column is-vertically-aligned-center is-layout-flow wp-block-column-is-layout-flow\">\r\n<div class=\"wp-block-group has-global-padding is-content-justification-left is-layout-constrained wp-container-core-group-is-layout-e4007db9 wp-block-group-is-layout-constrained\">\r\n<h2 class=\"wp-block-heading has-body-font-family has-headline-3-font-size\" style=\"text-transform: uppercase;\">Wir MACHEN DAS LEBEN EINFACHER F\u00dcR IHRE KUNDEN<\/h2>\r\n\r\n\r\n\r\n<p>Unsere L\u00f6sungen basieren auf Dynamics 365 und nutzen Azure-Dienste, so dass sowohl die Benutzer als auch die Berater eine vertraute Umgebung vorfinden. Das bedeutet, dass keine Integrationen erforderlich sind, was die Nutzung erleichtert und die Lernkurve verk\u00fcrzt. Das macht sie zu einer vorteilhaften Wahl f\u00fcr Unternehmen und Berater gleicherma\u00dfen.<\/p>\r\n<\/div>\r\n<\/div>\r\n<\/div>\r\n<\/div>\r\n<\/div>\r\n\r\n\r\n\r\n<div class=\"wp-block-group has-global-padding is-layout-constrained wp-block-group-is-layout-constrained\">\r\n<div class=\"wp-block-columns are-vertically-aligned-center is-layout-flex wp-container-core-columns-is-layout-250227d7 wp-block-columns-is-layout-flex\">\r\n<div class=\"wp-block-column is-vertically-aligned-center is-layout-flow wp-block-column-is-layout-flow\">\r\n<div class=\"wp-block-group has-global-padding is-content-justification-left is-layout-constrained wp-container-core-group-is-layout-e4007db9 wp-block-group-is-layout-constrained\">\r\n<h2 class=\"wp-block-heading has-body-font-family has-headline-3-font-size\" style=\"text-transform: uppercase;\">\u00dcBER ZWEI JAHRZEHNTE WISSEN<\/h2>\r\n\r\n\r\n\r\n<p>Was SignUp auszeichnet, ist unsere umfassende Erfahrung, die sich \u00fcber zwei Jahrzehnte erstreckt. Diese Geschichte hilft uns, die Herausforderungen zu verstehen, mit denen das B\u00fcro des CFO konfrontiert ist. Mit uns bekommen Sie nicht nur einen Anbieter von L\u00f6sungen und Dienstleistungen, sondern einen Partner, der Sie versteht und Ihnen zur Seite steht. Bei SignUp erhalten Partner mehr als nur ein Gesch\u00e4ft, sie finden einen vertrauensvollen Mitarbeiter.<\/p>\r\n<\/div>\r\n<\/div>\r\n\r\n\r\n\r\n<div class=\"wp-block-column is-vertically-aligned-center is-layout-flow wp-block-column-is-layout-flow\">\r\n<figure class=\"wp-block-image size-full has-custom-border\"><img decoding=\"async\" width=\"800\" height=\"600\" class=\"wp-image-1014\" style=\"border-radius: 10px;\" src=\"https:\/\/www.signupsoftware.com\/wp-content\/uploads\/2023\/09\/Office-Computer-Work.jpg\" alt=\"\" srcset=\"https:\/\/www.signupsoftware.com\/wp-content\/uploads\/2023\/09\/Office-Computer-Work.jpg 800w, https:\/\/www.signupsoftware.com\/wp-content\/uploads\/2023\/09\/Office-Computer-Work-300x225.jpg 300w, https:\/\/www.signupsoftware.com\/wp-content\/uploads\/2023\/09\/Office-Computer-Work-768x576.jpg 768w\" sizes=\"(max-width: 800px) 100vw, 800px\" \/><\/figure>\r\n<\/div>\r\n<\/div>\r\n<\/div>\r\n<\/div>\r\n<\/div>\r\n<\/div>\r\n<\/div>\r\n\r\n\r\n\r\n<div class=\"wp-block-cover is-light\" style=\"min-height: 100vh; padding: var(--wp--preset--spacing--x-large);aspect-ratio:unset;\"><img decoding=\"async\" class=\"wp-block-cover__image-background wp-image-330\" src=\"https:\/\/www.signupsoftware.com\/wp-content\/uploads\/2023\/09\/Timeline-Block-2-1440-px.svg\" alt=\"\" data-object-fit=\"cover\" \/>\r\n<div class=\"wp-block-cover__inner-container has-global-padding is-layout-constrained wp-container-core-cover-is-layout-403a6700 wp-block-cover-is-layout-constrained\">\r\n<div class=\"wp-block-klingit-basic-container\" style=\"padding-top: 0; padding-bottom: 0;\">\r\n<div class=\"wp-block-group has-global-padding is-layout-constrained wp-block-group-is-layout-constrained\">\r\n<div class=\"wp-block-columns is-layout-flex wp-container-core-columns-is-layout-28232c24 wp-block-columns-is-layout-flex\">\r\n<div class=\"wp-block-column is-layout-flow wp-block-column-is-layout-flow\">\r\n<div class=\"wp-block-group has-global-padding is-layout-constrained wp-container-core-group-is-layout-4b99461e wp-block-group-is-layout-constrained\">\r\n<h2 class=\"wp-block-heading has-dark-color has-text-color has-heading-font-family\" style=\"text-transform: uppercase;\">Worte von einigen unserer Partner<\/h2>\r\n<\/div>\r\n<\/div>\r\n<\/div>\r\n<\/div>\r\n<\/div>\r\n\r\n\r\n\r\n<div class=\"wp-block-klingit-basic-timeline timeline-block splide\" data-autoplay-duration=\"15\">\r\n<div class=\"container container-before\">\r\n<div class=\"timeline-controls timeline-controls-left\">\r\n<div class=\"timeline-counter\"><span class=\"timeline-current-slide\" style=\"color: var(--wp--preset--color--dark);\">01<\/span><span style=\"color: var(--wp--preset--color--dark);\">\/<\/span><span class=\"timeline-total-slides\" style=\"color: #ddddec;\">01<\/span><\/div>\r\n<div class=\"timeline-arrows splide__arrows\">\r\n<div class=\"timeline-arrow-left splide__arrow splide__arrow--prev\">\u00a0<\/div>\r\n<div class=\"timeline-arrow-right splide__arrow splide__arrow--next\">\u00a0<\/div>\r\n<\/div>\r\n<\/div>\r\n<\/div>\r\n<div class=\"splide__track\">\r\n<div class=\"splide__list\">\r\n<div class=\"wp-block-group is-layout-flow wp-block-group-is-layout-flow\">\r\n<div class=\"wp-block-klingit-basic-container\" style=\"padding-top: var(--wp--preset--spacing--x-small); padding-bottom: var(--wp--preset--spacing--x-small);\">\r\n<div class=\"wp-block-group has-global-padding is-layout-constrained wp-block-group-is-layout-constrained\">\r\n<div class=\"wp-block-columns are-vertically-aligned-center is-layout-flex wp-container-core-columns-is-layout-00f84694 wp-block-columns-is-layout-flex\">\r\n<div class=\"wp-block-column is-vertically-aligned-center is-layout-flow wp-block-column-is-layout-flow\">\r\n<div class=\"wp-block-group has-global-padding is-content-justification-left is-layout-constrained wp-container-core-group-is-layout-05ad6237 wp-block-group-is-layout-constrained\">\r\n<h3 class=\"wp-block-heading has-heading-font-family\" style=\"text-transform: uppercase;\">DATACOM<\/h3>\r\n\r\n\r\n\r\n<p>&#8222;Das Datacom D365 Finance &amp; Operations Team arbeitet nur mit den Besten zusammen, um hervorragende Kundenergebnisse zu gew\u00e4hrleisten. Als Marktf\u00fchrer in der End-to-End-AP-Automatisierung war ExFlow von SignUp Software die logische Wahl als Partner f\u00fcr unsere Lieferantenrechnungsverarbeitung.<\/p>\r\n\r\n\r\n\r\n<h5 class=\"wp-block-heading\" style=\"font-style: normal; font-weight: bold;\">&#8211; Diana Ismagilova, Teamleiterin App D365 Finanzen &amp; Betrieb<\/h5>\r\n<\/div>\r\n<\/div>\r\n\r\n\r\n\r\n<div class=\"wp-block-column is-vertically-aligned-center is-layout-flow wp-block-column-is-layout-flow\">\r\n<figure class=\"wp-block-image size-full has-custom-border is-style-default\"><img decoding=\"async\" width=\"800\" height=\"600\" class=\"wp-image-1007\" style=\"border-radius: 30px; aspect-ratio: 4\/3; object-fit: cover;\" src=\"https:\/\/www.signupsoftware.com\/wp-content\/uploads\/2023\/09\/Diana-Ismagilova-Datacom.jpg\" alt=\"\" srcset=\"https:\/\/www.signupsoftware.com\/wp-content\/uploads\/2023\/09\/Diana-Ismagilova-Datacom.jpg 800w, https:\/\/www.signupsoftware.com\/wp-content\/uploads\/2023\/09\/Diana-Ismagilova-Datacom-300x225.jpg 300w, https:\/\/www.signupsoftware.com\/wp-content\/uploads\/2023\/09\/Diana-Ismagilova-Datacom-768x576.jpg 768w\" sizes=\"(max-width: 800px) 100vw, 800px\" \/><\/figure>\r\n<\/div>\r\n<\/div>\r\n<\/div>\r\n<\/div>\r\n<\/div>\r\n\r\n\r\n\r\n<div class=\"wp-block-group is-layout-flow wp-block-group-is-layout-flow\">\r\n<div class=\"wp-block-klingit-basic-container\" style=\"padding-top: var(--wp--preset--spacing--x-small); padding-bottom: var(--wp--preset--spacing--x-small);\">\r\n<div class=\"wp-block-group has-global-padding is-layout-constrained wp-block-group-is-layout-constrained\">\r\n<div class=\"wp-block-columns are-vertically-aligned-center is-layout-flex wp-container-core-columns-is-layout-00f84694 wp-block-columns-is-layout-flex\">\r\n<div class=\"wp-block-column is-vertically-aligned-center is-layout-flow wp-block-column-is-layout-flow\">\r\n<div class=\"wp-block-group has-global-padding is-content-justification-left is-layout-constrained wp-container-core-group-is-layout-05ad6237 wp-block-group-is-layout-constrained\">\r\n<h3 class=\"wp-block-heading has-heading-font-family\" style=\"text-transform: uppercase;\">Inbiz<\/h3>\r\n\r\n\r\n\r\n<p>&#8222;Wir haben im Laufe der Jahre mit vielen elektronischen Rechnungssystemen gearbeitet und die ExFlow AP Automation L\u00f6sung hat sich immer wieder als die zuverl\u00e4ssigste L\u00f6sung in der Branche erwiesen.<\/p>\r\n\r\n\r\n\r\n<h5 class=\"wp-block-heading\" style=\"font-style: normal; font-weight: bold;\">&#8211; Carsten Heiter, Gesch\u00e4ftsf\u00fchrer, Microsoft Dynamics BC Spezialist bei InBiz<\/h5>\r\n<\/div>\r\n<\/div>\r\n\r\n\r\n\r\n<div class=\"wp-block-column is-vertically-aligned-center is-layout-flow wp-block-column-is-layout-flow\">\r\n<figure class=\"wp-block-image size-full has-custom-border is-style-default\"><img decoding=\"async\" width=\"800\" height=\"600\" class=\"wp-image-1009\" style=\"border-radius: 30px; aspect-ratio: 4\/3; object-fit: cover;\" src=\"https:\/\/www.signupsoftware.com\/wp-content\/uploads\/2023\/09\/InBiz-Muggbild.jpg\" alt=\"\" srcset=\"https:\/\/www.signupsoftware.com\/wp-content\/uploads\/2023\/09\/InBiz-Muggbild.jpg 800w, https:\/\/www.signupsoftware.com\/wp-content\/uploads\/2023\/09\/InBiz-Muggbild-300x225.jpg 300w, https:\/\/www.signupsoftware.com\/wp-content\/uploads\/2023\/09\/InBiz-Muggbild-768x576.jpg 768w\" sizes=\"(max-width: 800px) 100vw, 800px\" \/><\/figure>\r\n<\/div>\r\n<\/div>\r\n<\/div>\r\n<\/div>\r\n<\/div>\r\n\r\n\r\n\r\n<div class=\"wp-block-group is-layout-flow wp-block-group-is-layout-flow\">\r\n<div class=\"wp-block-klingit-basic-container\" style=\"padding-top: var(--wp--preset--spacing--x-small); padding-bottom: var(--wp--preset--spacing--x-small);\">\r\n<div class=\"wp-block-group has-global-padding is-layout-constrained wp-block-group-is-layout-constrained\">\r\n<div class=\"wp-block-columns are-vertically-aligned-center is-layout-flex wp-container-core-columns-is-layout-00f84694 wp-block-columns-is-layout-flex\">\r\n<div class=\"wp-block-column is-vertically-aligned-center is-layout-flow wp-block-column-is-layout-flow\">\r\n<div class=\"wp-block-group has-global-padding is-content-justification-left is-layout-constrained wp-container-core-group-is-layout-05ad6237 wp-block-group-is-layout-constrained\">\r\n<h3 class=\"wp-block-heading has-heading-font-family\" style=\"text-transform: uppercase;\">Canary Technologie-L\u00f6sungen<\/h3>\r\n\r\n\r\n\r\n<p>&#8222;Durch die Erweiterung der nat\u00fcrlichen F\u00e4higkeiten von D365BC mit innovativen L\u00f6sungen wie LS Central und ExFlow sind Einzelhandelsunternehmen in der Lage, ansonsten manuelle Aufgaben zu rationalisieren und zu automatisieren und eine beispiellose Effizienz bei ihren Finanzoperationen zu erreichen.<\/p>\r\n\r\n\r\n\r\n<h5 class=\"wp-block-heading\" style=\"font-style: normal; font-weight: bold;\">&#8211; Darren Jerrett, Leiter des Einzelhandels, Canary IT<\/h5>\r\n<\/div>\r\n<\/div>\r\n\r\n\r\n\r\n<div class=\"wp-block-column is-vertically-aligned-center is-layout-flow wp-block-column-is-layout-flow\">\r\n<figure class=\"wp-block-image size-full has-custom-border is-style-default\"><img decoding=\"async\" width=\"800\" height=\"600\" class=\"wp-image-1010\" style=\"border-radius: 30px; aspect-ratio: 4\/3; object-fit: cover;\" src=\"https:\/\/www.signupsoftware.com\/wp-content\/uploads\/2023\/09\/Canaray-IT-Computer.jpg\" alt=\"\" srcset=\"https:\/\/www.signupsoftware.com\/wp-content\/uploads\/2023\/09\/Canaray-IT-Computer.jpg 800w, https:\/\/www.signupsoftware.com\/wp-content\/uploads\/2023\/09\/Canaray-IT-Computer-300x225.jpg 300w, https:\/\/www.signupsoftware.com\/wp-content\/uploads\/2023\/09\/Canaray-IT-Computer-768x576.jpg 768w\" sizes=\"(max-width: 800px) 100vw, 800px\" \/><\/figure>\r\n<\/div>\r\n<\/div>\r\n<\/div>\r\n<\/div>\r\n<\/div>\r\n<\/div>\r\n<\/div>\r\n<\/div>\r\n<\/div>\r\n<\/div>\r\n\r\n\r\n\r\n<div class=\"wp-block-cover is-light wp-duotone-unset-1\" style=\"padding: var(--wp--preset--spacing--xx-large);\"><img decoding=\"async\" width=\"1920\" height=\"495\" class=\"wp-block-cover__image-background wp-image-1656\" src=\"https:\/\/www.signupsoftware.com\/wp-content\/uploads\/2023\/09\/AI-Sphere-CTA.jpg\" alt=\"\" data-object-fit=\"cover\" srcset=\"https:\/\/www.signupsoftware.com\/wp-content\/uploads\/2023\/09\/AI-Sphere-CTA.jpg 1920w, https:\/\/www.signupsoftware.com\/wp-content\/uploads\/2023\/09\/AI-Sphere-CTA-300x77.jpg 300w, https:\/\/www.signupsoftware.com\/wp-content\/uploads\/2023\/09\/AI-Sphere-CTA-1024x264.jpg 1024w, https:\/\/www.signupsoftware.com\/wp-content\/uploads\/2023\/09\/AI-Sphere-CTA-768x198.jpg 768w, https:\/\/www.signupsoftware.com\/wp-content\/uploads\/2023\/09\/AI-Sphere-CTA-1536x396.jpg 1536w\" sizes=\"(max-width: 1920px) 100vw, 1920px\" \/>\r\n<div class=\"wp-block-cover__inner-container has-global-padding is-layout-constrained wp-container-core-cover-is-layout-b4a49c92 wp-block-cover-is-layout-constrained\">\r\n<div class=\"wp-block-klingit-basic-container\" style=\"padding-top: 0; padding-bottom: 0;\">\r\n<div class=\"wp-block-group has-global-padding is-layout-constrained wp-block-group-is-layout-constrained\">\r\n<div class=\"wp-block-columns is-layout-flex wp-container-core-columns-is-layout-28232c24 wp-block-columns-is-layout-flex\">\r\n<div class=\"wp-block-column is-layout-flow wp-block-column-is-layout-flow\" style=\"flex-basis: 66%;\">\r\n<div class=\"wp-block-group has-global-padding is-layout-constrained wp-container-core-group-is-layout-4b99461e wp-block-group-is-layout-constrained\">\r\n<h2 class=\"wp-block-heading has-white-color has-text-color has-heading-font-family has-headline-3-font-size\" style=\"text-transform: uppercase;\">Partner mit uns heute<\/h2>\r\n\r\n\r\n\r\n<p class=\"has-white-color has-text-color\">Wir verstehen die Herausforderungen, mit denen das B\u00fcro des CFO konfrontiert ist. Arbeiten Sie mit uns zusammen und verbessern Sie die Finanzabteilung Ihrer Kunden noch heute<\/p>\r\n\r\n\r\n\r\n<div class=\"wp-block-buttons is-layout-flex wp-block-buttons-is-layout-flex\">\r\n<div class=\"wp-block-button cta-button is-style-klingit-button-arrow\"><a class=\"wp-block-button__link has-bg-color has-text-color wp-element-button\" href=\"https:\/\/www.signupsoftware.com\/de\/kontakt-aufnehmen\/\">KONTAKTIEREN SIE UNS<\/a><\/div>\r\n<\/div>\r\n<\/div>\r\n<\/div>\r\n\r\n\r\n\r\n<div class=\"wp-block-column is-layout-flow wp-block-column-is-layout-flow\">\u00a0<\/div>\r\n<\/div>\r\n<\/div>\r\n<\/div>\r\n<\/div>\r\n<\/div>\r\n","protected":false},"excerpt":{"rendered":"","protected":false},"author":3,"featured_media":0,"parent":0,"menu_order":0,"comment_status":"closed","ping_status":"closed","template":"views\/template-builder.php","meta":{"_acf_changed":false,"om_disable_all_campaigns":false,"footnotes":""},"class_list":["post-10263","page","type-page","status-publish","hentry"],"acf":[],"_links":{"self":[{"href":"https:\/\/www.signupsoftware.com\/de\/wp-json\/wp\/v2\/pages\/10263","targetHints":{"allow":["GET"]}}],"collection":[{"href":"https:\/\/www.signupsoftware.com\/de\/wp-json\/wp\/v2\/pages"}],"about":[{"href":"https:\/\/www.signupsoftware.com\/de\/wp-json\/wp\/v2\/types\/page"}],"author":[{"embeddable":true,"href":"https:\/\/www.signupsoftware.com\/de\/wp-json\/wp\/v2\/users\/3"}],"replies":[{"embeddable":true,"href":"https:\/\/www.signupsoftware.com\/de\/wp-json\/wp\/v2\/comments?post=10263"}],"version-history":[{"count":2,"href":"https:\/\/www.signupsoftware.com\/de\/wp-json\/wp\/v2\/pages\/10263\/revisions"}],"predecessor-version":[{"id":32341,"href":"https:\/\/www.signupsoftware.com\/de\/wp-json\/wp\/v2\/pages\/10263\/revisions\/32341"}],"wp:attachment":[{"href":"https:\/\/www.signupsoftware.com\/de\/wp-json\/wp\/v2\/media?parent=10263"}],"curies":[{"name":"wp","href":"https:\/\/api.w.org\/{rel}","templated":true}]}}