
{"id":20913,"date":"2023-09-20T13:33:32","date_gmt":"2023-09-20T11:33:32","guid":{"rendered":"https:\/\/www.signupsoftware.com\/hvorfor-partner\/"},"modified":"2025-02-26T16:58:12","modified_gmt":"2025-02-26T14:58:12","slug":"hvorfor-partner","status":"publish","type":"page","link":"https:\/\/www.signupsoftware.com\/da\/hvorfor-partner\/","title":{"rendered":"Hvorfor samarbejde med os?"},"content":{"rendered":"\r\n<div class=\"wp-block-cover is-light\" style=\"padding-top: 0; padding-bottom: 0; min-height: 429px;aspect-ratio:unset;\"><img decoding=\"async\" width=\"1920\" height=\"1080\" class=\"wp-block-cover__image-background wp-image-1002\" src=\"https:\/\/www.signupsoftware.com\/wp-content\/uploads\/2023\/09\/Hero-1.jpg\" alt=\"\" data-object-fit=\"cover\" srcset=\"https:\/\/www.signupsoftware.com\/wp-content\/uploads\/2023\/09\/Hero-1.jpg 1920w, https:\/\/www.signupsoftware.com\/wp-content\/uploads\/2023\/09\/Hero-1-300x169.jpg 300w, https:\/\/www.signupsoftware.com\/wp-content\/uploads\/2023\/09\/Hero-1-1024x576.jpg 1024w, https:\/\/www.signupsoftware.com\/wp-content\/uploads\/2023\/09\/Hero-1-768x432.jpg 768w, https:\/\/www.signupsoftware.com\/wp-content\/uploads\/2023\/09\/Hero-1-1536x864.jpg 1536w\" sizes=\"(max-width: 1920px) 100vw, 1920px\" \/>\r\n<div class=\"wp-block-cover__inner-container has-global-padding is-layout-constrained wp-block-cover-is-layout-constrained\">\r\n<div class=\"wp-block-klingit-basic-container\" style=\"padding-top: 0; padding-bottom: 0;\">\r\n<div class=\"wp-block-group has-global-padding is-layout-constrained wp-container-core-group-is-layout-0a40ad45 wp-block-group-is-layout-constrained\" style=\"margin-top: 0; margin-bottom: 0; padding: var(--wp--preset--spacing--header-height) 0 var(--wp--preset--spacing--xx-large) 0;\"><div class=\"has-link-color wp-elements-8d0320252430c040c29ed5109ac205f5 wp-block-klingit-basic-breadcrumbs has-text-color has-white-color\"><a href=\"https:\/\/www.signupsoftware.com\/da\/\">Hjemmeside<\/a><svg width='7' height='12' viewBox='0 0 7 12' fill='none' xmlns='http:\/\/www.w3.org\/2000\/svg'><path d='M4.125 6.26796L-4.12126e-07 2.14295L1.17833 0.964621L6.48167 6.26796L1.17833 11.5713L-5.15066e-08 10.393L4.125 6.26796Z' fill='currentColor'\/><\/svg>Side<\/div>\r\n\r\n\r\n<div class=\"wp-block-group has-global-padding is-layout-constrained wp-block-group-is-layout-constrained\">\r\n<div class=\"wp-block-columns is-layout-flex wp-container-core-columns-is-layout-28232c24 wp-block-columns-is-layout-flex\">\r\n<div class=\"wp-block-column is-layout-flow wp-block-column-is-layout-flow\" style=\"flex-basis: 60%;\">\r\n<div class=\"wp-block-group has-global-padding is-layout-constrained wp-container-core-group-is-layout-4b99461e wp-block-group-is-layout-constrained\">\r\n<h1 class=\"wp-block-heading has-white-color has-text-color\" style=\"text-transform: uppercase;\">HVORFOR SAMARBEJDE MED OS?<\/h1>\r\n<\/div>\r\n<\/div>\r\n\r\n\r\n\r\n<div class=\"wp-block-column is-layout-flow wp-block-column-is-layout-flow\">\r\n<div class=\"klingit-basic-video\">\r\n<figure class=\"wp-block-video\"><video src=\"https:\/\/www.signupsoftware.com\/wp-content\/uploads\/2023\/12\/Ref.-case-Sprint-365-SignUp-Logo.mp4\" controls=\"controls\" width=\"300\" height=\"150\"><\/video><\/figure>\r\n<\/div>\r\n<\/div>\r\n<\/div>\r\n<\/div>\r\n<\/div>\r\n<\/div>\r\n<\/div>\r\n<\/div>\r\n\r\n\r\n\r\n<div class=\"wp-block-klingit-basic-container\">\r\n<div class=\"wp-block-group has-light-background-color has-background has-global-padding is-layout-constrained wp-container-core-group-is-layout-7ebc0e98 wp-block-group-is-layout-constrained\" style=\"padding-top: var(--wp--preset--spacing--xx-large); padding-bottom: var(--wp--preset--spacing--xx-large);\">\r\n<div class=\"wp-block-klingit-basic-container\" style=\"padding-top: 0; padding-bottom: 0;\">\r\n<div class=\"wp-block-group has-global-padding is-layout-constrained wp-container-core-group-is-layout-14bb0406 wp-block-group-is-layout-constrained\">\r\n<div class=\"wp-block-group has-global-padding is-layout-constrained wp-block-group-is-layout-constrained\">\r\n<div class=\"wp-block-columns are-vertically-aligned-center is-layout-flex wp-container-core-columns-is-layout-250227d7 wp-block-columns-is-layout-flex\">\r\n<div class=\"wp-block-column is-vertically-aligned-center is-layout-flow wp-block-column-is-layout-flow\">\r\n<div class=\"wp-block-group has-global-padding is-content-justification-left is-layout-constrained wp-container-core-group-is-layout-e4007db9 wp-block-group-is-layout-constrained\">\r\n<h2 class=\"wp-block-heading has-body-font-family has-headline-3-font-size\" style=\"text-transform: uppercase;\">VORES M\u00c5DE AT ARBEJDE P\u00c5<\/h2>\r\n\r\n\r\n\r\n<p>SignUp Software blev grundlagt i 1999 og introducerede ExFlow i 2003. Vi g\u00e5r op i \u00e6gte relationer og s\u00f8rger for, at vores partnere og kunder er tilfredse. Vi har opn\u00e5et et st\u00e6rkt omd\u00f8mme i Microsoft Dynamics-f\u00e6llesskabet for vores l\u00f8sninger til automatisering af finansielle processer og er altid klar til at arbejde sammen med vores partnere. Vores team s\u00e6tter altid kunden f\u00f8rst og sigter efter langsigtet succes frem for hurtige gevinster. Og med vores lokale teams, der er klar til at springe til og hj\u00e6lpe, s\u00f8rger vi for, at vi altid er der, n\u00e5r vores partnere har brug for os.<\/p>\r\n<\/div>\r\n<\/div>\r\n\r\n\r\n\r\n<div class=\"wp-block-column is-vertically-aligned-center is-layout-flow wp-block-column-is-layout-flow\">\r\n<figure class=\"wp-block-image size-full has-custom-border\"><img decoding=\"async\" width=\"800\" height=\"600\" class=\"wp-image-1001\" style=\"border-radius: 10px;\" src=\"https:\/\/www.signupsoftware.com\/wp-content\/uploads\/2023\/09\/SignUp-Office-1.jpg\" alt=\"\" srcset=\"https:\/\/www.signupsoftware.com\/wp-content\/uploads\/2023\/09\/SignUp-Office-1.jpg 800w, https:\/\/www.signupsoftware.com\/wp-content\/uploads\/2023\/09\/SignUp-Office-1-300x225.jpg 300w, https:\/\/www.signupsoftware.com\/wp-content\/uploads\/2023\/09\/SignUp-Office-1-768x576.jpg 768w\" sizes=\"(max-width: 800px) 100vw, 800px\" \/><\/figure>\r\n<\/div>\r\n<\/div>\r\n<\/div>\r\n\r\n\r\n\r\n<div class=\"wp-block-group has-global-padding is-layout-constrained wp-block-group-is-layout-constrained\">\r\n<div class=\"reverse-columns\">\r\n<div class=\"wp-block-columns are-vertically-aligned-center is-layout-flex wp-container-core-columns-is-layout-250227d7 wp-block-columns-is-layout-flex\">\r\n<div class=\"wp-block-column is-vertically-aligned-center is-layout-flow wp-block-column-is-layout-flow\">\r\n<figure class=\"wp-block-image size-full has-custom-border\"><img decoding=\"async\" width=\"800\" height=\"600\" class=\"wp-image-1013\" style=\"border-radius: 10px;\" src=\"https:\/\/www.signupsoftware.com\/wp-content\/uploads\/2023\/09\/Office-Workshop.jpg\" alt=\"\" srcset=\"https:\/\/www.signupsoftware.com\/wp-content\/uploads\/2023\/09\/Office-Workshop.jpg 800w, https:\/\/www.signupsoftware.com\/wp-content\/uploads\/2023\/09\/Office-Workshop-300x225.jpg 300w, https:\/\/www.signupsoftware.com\/wp-content\/uploads\/2023\/09\/Office-Workshop-768x576.jpg 768w\" sizes=\"(max-width: 800px) 100vw, 800px\" \/><\/figure>\r\n<\/div>\r\n\r\n\r\n\r\n<div class=\"wp-block-column is-vertically-aligned-center is-layout-flow wp-block-column-is-layout-flow\">\r\n<div class=\"wp-block-group has-global-padding is-content-justification-left is-layout-constrained wp-container-core-group-is-layout-e4007db9 wp-block-group-is-layout-constrained\">\r\n<h2 class=\"wp-block-heading has-body-font-family has-headline-3-font-size\" style=\"text-transform: uppercase;\">Vi g\u00f8r livet lettere for dine kunder<\/h2>\r\n\r\n\r\n\r\n<p>Vores l\u00f8sninger er bygget p\u00e5 Dynamics 365 og udnytter Azure-tjenester, hvilket giver et velkendt milj\u00f8 for b\u00e5de brugere og konsulenter. Det betyder, at der ikke er behov for integrationer, hvilket sikrer brugervenlighed og en reduceret indl\u00e6ringskurve. Det g\u00f8r det til et fordelagtigt valg for b\u00e5de virksomheder og konsulenter.<\/p>\r\n<\/div>\r\n<\/div>\r\n<\/div>\r\n<\/div>\r\n<\/div>\r\n\r\n\r\n\r\n<div class=\"wp-block-group has-global-padding is-layout-constrained wp-block-group-is-layout-constrained\">\r\n<div class=\"wp-block-columns are-vertically-aligned-center is-layout-flex wp-container-core-columns-is-layout-250227d7 wp-block-columns-is-layout-flex\">\r\n<div class=\"wp-block-column is-vertically-aligned-center is-layout-flow wp-block-column-is-layout-flow\">\r\n<div class=\"wp-block-group has-global-padding is-content-justification-left is-layout-constrained wp-container-core-group-is-layout-e4007db9 wp-block-group-is-layout-constrained\">\r\n<h2 class=\"wp-block-heading has-body-font-family has-headline-3-font-size\" style=\"text-transform: uppercase;\">OVER TO \u00c5RTIERS VIDEN<\/h2>\r\n\r\n\r\n\r\n<p>Det, der kendetegner SignUp, er vores omfattende erfaring, der str\u00e6kker sig over mere end to \u00e5rtier. Denne historie hj\u00e6lper os med at forst\u00e5 de udfordringer, som \u00f8konomidirekt\u00f8rens kontor st\u00e5r over for. Hos os f\u00e5r du ikke bare en l\u00f8snings- og tjenesteudbyder, men en partner, der forst\u00e5r og g\u00e5r sammen med dig. Hos SignUp f\u00e5r partnere mere end bare en forretningsaftale, de finder en betroet samarbejdspartner.<\/p>\r\n<\/div>\r\n<\/div>\r\n\r\n\r\n\r\n<div class=\"wp-block-column is-vertically-aligned-center is-layout-flow wp-block-column-is-layout-flow\">\r\n<figure class=\"wp-block-image size-full has-custom-border\"><img decoding=\"async\" width=\"800\" height=\"600\" class=\"wp-image-1014\" style=\"border-radius: 10px;\" src=\"https:\/\/www.signupsoftware.com\/wp-content\/uploads\/2023\/09\/Office-Computer-Work.jpg\" alt=\"\" srcset=\"https:\/\/www.signupsoftware.com\/wp-content\/uploads\/2023\/09\/Office-Computer-Work.jpg 800w, https:\/\/www.signupsoftware.com\/wp-content\/uploads\/2023\/09\/Office-Computer-Work-300x225.jpg 300w, https:\/\/www.signupsoftware.com\/wp-content\/uploads\/2023\/09\/Office-Computer-Work-768x576.jpg 768w\" sizes=\"(max-width: 800px) 100vw, 800px\" \/><\/figure>\r\n<\/div>\r\n<\/div>\r\n<\/div>\r\n<\/div>\r\n<\/div>\r\n<\/div>\r\n<\/div>\r\n\r\n\r\n\r\n<div class=\"wp-block-cover is-light\" style=\"min-height: 100vh; padding: var(--wp--preset--spacing--x-large);aspect-ratio:unset;\"><img decoding=\"async\" class=\"wp-block-cover__image-background wp-image-330\" src=\"https:\/\/www.signupsoftware.com\/wp-content\/uploads\/2023\/09\/Timeline-Block-2-1440-px.svg\" alt=\"\" data-object-fit=\"cover\" \/>\r\n<div class=\"wp-block-cover__inner-container has-global-padding is-layout-constrained wp-container-core-cover-is-layout-403a6700 wp-block-cover-is-layout-constrained\">\r\n<div class=\"wp-block-klingit-basic-container\" style=\"padding-top: 0; padding-bottom: 0;\">\r\n<div class=\"wp-block-group has-global-padding is-layout-constrained wp-block-group-is-layout-constrained\">\r\n<div class=\"wp-block-columns is-layout-flex wp-container-core-columns-is-layout-28232c24 wp-block-columns-is-layout-flex\">\r\n<div class=\"wp-block-column is-layout-flow wp-block-column-is-layout-flow\">\r\n<div class=\"wp-block-group has-global-padding is-layout-constrained wp-container-core-group-is-layout-4b99461e wp-block-group-is-layout-constrained\">\r\n<h2 class=\"wp-block-heading has-dark-color has-text-color has-heading-font-family\" style=\"text-transform: uppercase;\">ord fra nogle af vores partnere<\/h2>\r\n<\/div>\r\n<\/div>\r\n<\/div>\r\n<\/div>\r\n<\/div>\r\n\r\n\r\n\r\n<div class=\"wp-block-klingit-basic-timeline timeline-block splide\" data-autoplay-duration=\"15\">\r\n<div class=\"container container-before\">\r\n<div class=\"timeline-controls timeline-controls-left\">\r\n<div class=\"timeline-counter\"><span class=\"timeline-current-slide\" style=\"color: var(--wp--preset--color--dark);\">01<\/span><span style=\"color: var(--wp--preset--color--dark);\">\/<\/span><span class=\"timeline-total-slides\" style=\"color: #ddddec;\">01<\/span><\/div>\r\n<div class=\"timeline-arrows splide__arrows\">\r\n<div class=\"timeline-arrow-left splide__arrow splide__arrow--prev\">\u00a0<\/div>\r\n<div class=\"timeline-arrow-right splide__arrow splide__arrow--next\">\u00a0<\/div>\r\n<\/div>\r\n<\/div>\r\n<\/div>\r\n<div class=\"splide__track\">\r\n<div class=\"splide__list\">\r\n<div class=\"wp-block-group is-layout-flow wp-block-group-is-layout-flow\">\r\n<div class=\"wp-block-klingit-basic-container\" style=\"padding-top: var(--wp--preset--spacing--x-small); padding-bottom: var(--wp--preset--spacing--x-small);\">\r\n<div class=\"wp-block-group has-global-padding is-layout-constrained wp-block-group-is-layout-constrained\">\r\n<div class=\"wp-block-columns are-vertically-aligned-center is-layout-flex wp-container-core-columns-is-layout-00f84694 wp-block-columns-is-layout-flex\">\r\n<div class=\"wp-block-column is-vertically-aligned-center is-layout-flow wp-block-column-is-layout-flow\">\r\n<div class=\"wp-block-group has-global-padding is-content-justification-left is-layout-constrained wp-container-core-group-is-layout-05ad6237 wp-block-group-is-layout-constrained\">\r\n<h3 class=\"wp-block-heading has-heading-font-family\" style=\"text-transform: uppercase;\">DATACOM<\/h3>\r\n\r\n\r\n\r\n<p>&#8220;Datacom D365 Finance &amp; Operations-teamet samarbejder kun med de bedste for at sikre fremragende kunderesultater. Som markedsleder inden for end-to-end AP-automatisering var ExFlow fra SignUp Software det logiske valg at samarbejde med til vores behandling af leverand\u00f8rfakturaer.&#8221;<\/p>\r\n\r\n\r\n\r\n<h5 class=\"wp-block-heading\" style=\"font-style: normal; font-weight: bold;\">&#8211; Diana Ismagilova, teamleder App D365 Finance &amp; Operations<\/h5>\r\n<\/div>\r\n<\/div>\r\n\r\n\r\n\r\n<div class=\"wp-block-column is-vertically-aligned-center is-layout-flow wp-block-column-is-layout-flow\">\r\n<figure class=\"wp-block-image size-full has-custom-border is-style-default\"><img decoding=\"async\" width=\"800\" height=\"600\" class=\"wp-image-1007\" style=\"border-radius: 30px; aspect-ratio: 4\/3; object-fit: cover;\" src=\"https:\/\/www.signupsoftware.com\/wp-content\/uploads\/2023\/09\/Diana-Ismagilova-Datacom.jpg\" alt=\"\" srcset=\"https:\/\/www.signupsoftware.com\/wp-content\/uploads\/2023\/09\/Diana-Ismagilova-Datacom.jpg 800w, https:\/\/www.signupsoftware.com\/wp-content\/uploads\/2023\/09\/Diana-Ismagilova-Datacom-300x225.jpg 300w, https:\/\/www.signupsoftware.com\/wp-content\/uploads\/2023\/09\/Diana-Ismagilova-Datacom-768x576.jpg 768w\" sizes=\"(max-width: 800px) 100vw, 800px\" \/><\/figure>\r\n<\/div>\r\n<\/div>\r\n<\/div>\r\n<\/div>\r\n<\/div>\r\n\r\n\r\n\r\n<div class=\"wp-block-group is-layout-flow wp-block-group-is-layout-flow\">\r\n<div class=\"wp-block-klingit-basic-container\" style=\"padding-top: var(--wp--preset--spacing--x-small); padding-bottom: var(--wp--preset--spacing--x-small);\">\r\n<div class=\"wp-block-group has-global-padding is-layout-constrained wp-block-group-is-layout-constrained\">\r\n<div class=\"wp-block-columns are-vertically-aligned-center is-layout-flex wp-container-core-columns-is-layout-00f84694 wp-block-columns-is-layout-flex\">\r\n<div class=\"wp-block-column is-vertically-aligned-center is-layout-flow wp-block-column-is-layout-flow\">\r\n<div class=\"wp-block-group has-global-padding is-content-justification-left is-layout-constrained wp-container-core-group-is-layout-05ad6237 wp-block-group-is-layout-constrained\">\r\n<h3 class=\"wp-block-heading has-heading-font-family\" style=\"text-transform: uppercase;\">Inbiz<\/h3>\r\n\r\n\r\n\r\n<p>&#8220;Vi har arbejdet med mange elektroniske faktureringssystemer i \u00e5renes l\u00f8b, og ExFlow AP Automation-l\u00f8sningen har igen og igen vist sig at v\u00e6re den mest p\u00e5lidelige l\u00f8sning i branchen.&#8221;<\/p>\r\n\r\n\r\n\r\n<h5 class=\"wp-block-heading\" style=\"font-style: normal; font-weight: bold;\">&#8211; Carsten Heiter, CEO, Microsoft Dynamics BC-specialist hos InBiz<\/h5>\r\n<\/div>\r\n<\/div>\r\n\r\n\r\n\r\n<div class=\"wp-block-column is-vertically-aligned-center is-layout-flow wp-block-column-is-layout-flow\">\r\n<figure class=\"wp-block-image size-full has-custom-border is-style-default\"><img decoding=\"async\" width=\"800\" height=\"600\" class=\"wp-image-1009\" style=\"border-radius: 30px; aspect-ratio: 4\/3; object-fit: cover;\" src=\"https:\/\/www.signupsoftware.com\/wp-content\/uploads\/2023\/09\/InBiz-Muggbild.jpg\" alt=\"\" srcset=\"https:\/\/www.signupsoftware.com\/wp-content\/uploads\/2023\/09\/InBiz-Muggbild.jpg 800w, https:\/\/www.signupsoftware.com\/wp-content\/uploads\/2023\/09\/InBiz-Muggbild-300x225.jpg 300w, https:\/\/www.signupsoftware.com\/wp-content\/uploads\/2023\/09\/InBiz-Muggbild-768x576.jpg 768w\" sizes=\"(max-width: 800px) 100vw, 800px\" \/><\/figure>\r\n<\/div>\r\n<\/div>\r\n<\/div>\r\n<\/div>\r\n<\/div>\r\n\r\n\r\n\r\n<div class=\"wp-block-group is-layout-flow wp-block-group-is-layout-flow\">\r\n<div class=\"wp-block-klingit-basic-container\" style=\"padding-top: var(--wp--preset--spacing--x-small); padding-bottom: var(--wp--preset--spacing--x-small);\">\r\n<div class=\"wp-block-group has-global-padding is-layout-constrained wp-block-group-is-layout-constrained\">\r\n<div class=\"wp-block-columns are-vertically-aligned-center is-layout-flex wp-container-core-columns-is-layout-00f84694 wp-block-columns-is-layout-flex\">\r\n<div class=\"wp-block-column is-vertically-aligned-center is-layout-flow wp-block-column-is-layout-flow\">\r\n<div class=\"wp-block-group has-global-padding is-content-justification-left is-layout-constrained wp-container-core-group-is-layout-05ad6237 wp-block-group-is-layout-constrained\">\r\n<h3 class=\"wp-block-heading has-heading-font-family\" style=\"text-transform: uppercase;\">Canary-teknologil\u00f8sninger<\/h3>\r\n\r\n\r\n\r\n<p>&#8220;Ved at udvide de naturlige muligheder i D365BC med banebrydende l\u00f8sninger som LS Central og ExFlow f\u00e5r detailvirksomheder mulighed for at str\u00f8mline og automatisere ellers manuelle opgaver og opn\u00e5 uovertruffen effektivitet i deres \u00f8konomiske drift&#8221;.<\/p>\r\n\r\n\r\n\r\n<h5 class=\"wp-block-heading\" style=\"font-style: normal; font-weight: bold;\">&#8211; Darren Jerrett, chef for detailhandel, Canary IT<\/h5>\r\n<\/div>\r\n<\/div>\r\n\r\n\r\n\r\n<div class=\"wp-block-column is-vertically-aligned-center is-layout-flow wp-block-column-is-layout-flow\">\r\n<figure class=\"wp-block-image size-full has-custom-border is-style-default\"><img decoding=\"async\" width=\"800\" height=\"600\" class=\"wp-image-1010\" style=\"border-radius: 30px; aspect-ratio: 4\/3; object-fit: cover;\" src=\"https:\/\/www.signupsoftware.com\/wp-content\/uploads\/2023\/09\/Canaray-IT-Computer.jpg\" alt=\"\" srcset=\"https:\/\/www.signupsoftware.com\/wp-content\/uploads\/2023\/09\/Canaray-IT-Computer.jpg 800w, https:\/\/www.signupsoftware.com\/wp-content\/uploads\/2023\/09\/Canaray-IT-Computer-300x225.jpg 300w, https:\/\/www.signupsoftware.com\/wp-content\/uploads\/2023\/09\/Canaray-IT-Computer-768x576.jpg 768w\" sizes=\"(max-width: 800px) 100vw, 800px\" \/><\/figure>\r\n<\/div>\r\n<\/div>\r\n<\/div>\r\n<\/div>\r\n<\/div>\r\n<\/div>\r\n<\/div>\r\n<\/div>\r\n<\/div>\r\n<\/div>\r\n\r\n\r\n\r\n<div class=\"wp-block-cover is-light wp-duotone-unset-1\" style=\"padding: var(--wp--preset--spacing--xx-large);\"><img decoding=\"async\" width=\"1920\" height=\"495\" class=\"wp-block-cover__image-background wp-image-1656\" src=\"https:\/\/www.signupsoftware.com\/wp-content\/uploads\/2023\/09\/AI-Sphere-CTA.jpg\" alt=\"\" data-object-fit=\"cover\" srcset=\"https:\/\/www.signupsoftware.com\/wp-content\/uploads\/2023\/09\/AI-Sphere-CTA.jpg 1920w, https:\/\/www.signupsoftware.com\/wp-content\/uploads\/2023\/09\/AI-Sphere-CTA-300x77.jpg 300w, https:\/\/www.signupsoftware.com\/wp-content\/uploads\/2023\/09\/AI-Sphere-CTA-1024x264.jpg 1024w, https:\/\/www.signupsoftware.com\/wp-content\/uploads\/2023\/09\/AI-Sphere-CTA-768x198.jpg 768w, https:\/\/www.signupsoftware.com\/wp-content\/uploads\/2023\/09\/AI-Sphere-CTA-1536x396.jpg 1536w\" sizes=\"(max-width: 1920px) 100vw, 1920px\" \/>\r\n<div class=\"wp-block-cover__inner-container has-global-padding is-layout-constrained wp-container-core-cover-is-layout-b4a49c92 wp-block-cover-is-layout-constrained\">\r\n<div class=\"wp-block-klingit-basic-container\" style=\"padding-top: 0; padding-bottom: 0;\">\r\n<div class=\"wp-block-group has-global-padding is-layout-constrained wp-block-group-is-layout-constrained\">\r\n<div class=\"wp-block-columns is-layout-flex wp-container-core-columns-is-layout-28232c24 wp-block-columns-is-layout-flex\">\r\n<div class=\"wp-block-column is-layout-flow wp-block-column-is-layout-flow\" style=\"flex-basis: 66%;\">\r\n<div class=\"wp-block-group has-global-padding is-layout-constrained wp-container-core-group-is-layout-4b99461e wp-block-group-is-layout-constrained\">\r\n<h2 class=\"wp-block-heading has-white-color has-text-color has-heading-font-family has-headline-3-font-size\" style=\"text-transform: uppercase;\">Bliv partner med os i dag<\/h2>\r\n\r\n\r\n\r\n<p class=\"has-white-color has-text-color\">Vi forst\u00e5r de udfordringer, som \u00f8konomidirekt\u00f8rens kontor st\u00e5r over for. Bliv partner med os, og forbedr dine kunders \u00f8konomiafdeling i dag.<\/p>\r\n\r\n\r\n\r\n<div class=\"wp-block-buttons is-layout-flex wp-block-buttons-is-layout-flex\">\r\n<div class=\"wp-block-button cta-button is-style-klingit-button-arrow\"><a class=\"wp-block-button__link has-bg-color has-text-color wp-element-button\" href=\"https:\/\/www.signupsoftware.com\/da\/kontakt\/\">KOM I KONTAKT MED OS<\/a><\/div>\r\n<\/div>\r\n<\/div>\r\n<\/div>\r\n\r\n\r\n\r\n<div class=\"wp-block-column is-layout-flow wp-block-column-is-layout-flow\">\u00a0<\/div>\r\n<\/div>\r\n<\/div>\r\n<\/div>\r\n<\/div>\r\n<\/div>\r\n","protected":false},"excerpt":{"rendered":"","protected":false},"author":3,"featured_media":0,"parent":0,"menu_order":0,"comment_status":"closed","ping_status":"closed","template":"views\/template-builder.php","meta":{"_acf_changed":false,"om_disable_all_campaigns":false,"footnotes":""},"class_list":["post-20913","page","type-page","status-publish","hentry"],"acf":[],"_links":{"self":[{"href":"https:\/\/www.signupsoftware.com\/da\/wp-json\/wp\/v2\/pages\/20913","targetHints":{"allow":["GET"]}}],"collection":[{"href":"https:\/\/www.signupsoftware.com\/da\/wp-json\/wp\/v2\/pages"}],"about":[{"href":"https:\/\/www.signupsoftware.com\/da\/wp-json\/wp\/v2\/types\/page"}],"author":[{"embeddable":true,"href":"https:\/\/www.signupsoftware.com\/da\/wp-json\/wp\/v2\/users\/3"}],"replies":[{"embeddable":true,"href":"https:\/\/www.signupsoftware.com\/da\/wp-json\/wp\/v2\/comments?post=20913"}],"version-history":[{"count":4,"href":"https:\/\/www.signupsoftware.com\/da\/wp-json\/wp\/v2\/pages\/20913\/revisions"}],"predecessor-version":[{"id":32395,"href":"https:\/\/www.signupsoftware.com\/da\/wp-json\/wp\/v2\/pages\/20913\/revisions\/32395"}],"wp:attachment":[{"href":"https:\/\/www.signupsoftware.com\/da\/wp-json\/wp\/v2\/media?parent=20913"}],"curies":[{"name":"wp","href":"https:\/\/api.w.org\/{rel}","templated":true}]}}